{"id":12,"date":"2015-02-11T16:21:57","date_gmt":"2015-02-11T15:21:57","guid":{"rendered":"http:\/\/www.amicalecaninedijon.net\/wordpress\/?page_id=12"},"modified":"2021-08-25T16:31:03","modified_gmt":"2021-08-25T14:31:03","slug":"le-club","status":"publish","type":"page","link":"http:\/\/www.amicalecaninedijon.net\/wordpress\/le-club\/","title":{"rendered":"Le club"},"content":{"rendered":"<p><a href=\"http:\/\/www.amicalecaninedijon.net\/wordpress\/association-chien-dijon\/historique\/\">Historique<\/a><\/p>\n<ul class=\"children\">\n<li class=\"page_item page-item-135\"><a href=\"http:\/\/www.amicalecaninedijon.net\/wordpress\/association-chien-dijon\/club-chien-dijon\/\">Nos statuts<\/a><\/li>\n<li class=\"page_item page-item-538\"><a href=\"http:\/\/www.amicalecaninedijon.net\/wordpress\/association-chien-dijon\/renseignements-et-adhesions\/\">Adh\u00e9sions<\/a><\/li>\n<li class=\"page_item page-item-534\"><a href=\"http:\/\/www.amicalecaninedijon.net\/wordpress\/association-chien-dijon\/notre-equipe\/\">Notre \u00e9quipe<\/a><\/li>\n<li class=\"page_item page-item-527\"><a href=\"http:\/\/www.amicalecaninedijon.net\/wordpress\/association-chien-dijon\/plan-acces\/\">Plan d\u2019acc\u00e8s<\/a><\/li>\n<li class=\"page_item page-item-414\"><a href=\"http:\/\/www.amicalecaninedijon.net\/wordpress\/association-chien-dijon\/les-finalistes-du-club\/\">Les finalistes du club<\/a><\/li>\n<li class=\"page_item page-item-542\"><a href=\"http:\/\/www.amicalecaninedijon.net\/wordpress\/association-chien-dijon\/nos-partenaires\/\">Nos partenaires<\/a><br \/>\n<hr>\n<\/li>\n<\/ul>\n<h2 style=\"text-align: justify;\"><span style=\"color: #000000;\"><span style=\"color: #ff6600;\">Entretien du club &amp; barbecue<\/span><br \/>\n<\/span><\/h2>\n<p>Tous les ans, avant les vacances d&rsquo;\u00e9t\u00e9, une matin\u00e9e est consacr\u00e9e \u00e0 l&rsquo;entretien du club, suivie d&rsquo;un ap\u00e9ritif et d&rsquo;un barbecue.<\/p>\n<p><a href=\"http:\/\/www.amicalecaninedijon.net\/wordpress\/wp-content\/uploads\/2019\/02\/IMG_4628.jpg\"><img loading=\"lazy\" decoding=\"async\" class=\"alignnone wp-image-3853\" src=\"http:\/\/www.amicalecaninedijon.net\/wordpress\/wp-content\/uploads\/2019\/02\/IMG_4628-1024x768.jpg\" alt=\"\" width=\"364\" height=\"273\" srcset=\"http:\/\/www.amicalecaninedijon.net\/wordpress\/wp-content\/uploads\/2019\/02\/IMG_4628-1024x768.jpg 1024w, http:\/\/www.amicalecaninedijon.net\/wordpress\/wp-content\/uploads\/2019\/02\/IMG_4628-300x225.jpg 300w, http:\/\/www.amicalecaninedijon.net\/wordpress\/wp-content\/uploads\/2019\/02\/IMG_4628-768x576.jpg 768w\" sizes=\"(max-width: 364px) 100vw, 364px\" \/><\/a> <a href=\"http:\/\/www.amicalecaninedijon.net\/wordpress\/wp-content\/uploads\/2019\/02\/IMG_4624.jpg\"><img loading=\"lazy\" decoding=\"async\" class=\"wp-image-3852 alignleft\" src=\"http:\/\/www.amicalecaninedijon.net\/wordpress\/wp-content\/uploads\/2019\/02\/IMG_4624-768x1024.jpg\" alt=\"\" width=\"259\" height=\"345\" srcset=\"http:\/\/www.amicalecaninedijon.net\/wordpress\/wp-content\/uploads\/2019\/02\/IMG_4624-768x1024.jpg 768w, http:\/\/www.amicalecaninedijon.net\/wordpress\/wp-content\/uploads\/2019\/02\/IMG_4624-225x300.jpg 225w\" sizes=\"(max-width: 259px) 100vw, 259px\" \/><\/a><a href=\"http:\/\/www.amicalecaninedijon.net\/wordpress\/wp-content\/uploads\/2019\/02\/IMG_4621.jpg\"><img loading=\"lazy\" decoding=\"async\" class=\"wp-image-3851 alignright\" src=\"http:\/\/www.amicalecaninedijon.net\/wordpress\/wp-content\/uploads\/2019\/02\/IMG_4621-768x1024.jpg\" alt=\"\" width=\"246\" height=\"328\" srcset=\"http:\/\/www.amicalecaninedijon.net\/wordpress\/wp-content\/uploads\/2019\/02\/IMG_4621-768x1024.jpg 768w, http:\/\/www.amicalecaninedijon.net\/wordpress\/wp-content\/uploads\/2019\/02\/IMG_4621-225x300.jpg 225w\" sizes=\"(max-width: 246px) 100vw, 246px\" \/><\/a> <a href=\"http:\/\/www.amicalecaninedijon.net\/wordpress\/wp-content\/uploads\/2019\/02\/IMG_4620.jpg\"><img loading=\"lazy\" decoding=\"async\" class=\"wp-image-3850 alignright\" src=\"http:\/\/www.amicalecaninedijon.net\/wordpress\/wp-content\/uploads\/2019\/02\/IMG_4620-768x1024.jpg\" alt=\"\" width=\"236\" height=\"315\" srcset=\"http:\/\/www.amicalecaninedijon.net\/wordpress\/wp-content\/uploads\/2019\/02\/IMG_4620-768x1024.jpg 768w, http:\/\/www.amicalecaninedijon.net\/wordpress\/wp-content\/uploads\/2019\/02\/IMG_4620-225x300.jpg 225w\" sizes=\"(max-width: 236px) 100vw, 236px\" \/><\/a> <a href=\"http:\/\/www.amicalecaninedijon.net\/wordpress\/wp-content\/uploads\/2019\/02\/IMG_4619.jpg\"><img loading=\"lazy\" decoding=\"async\" class=\"wp-image-3849 alignleft\" src=\"http:\/\/www.amicalecaninedijon.net\/wordpress\/wp-content\/uploads\/2019\/02\/IMG_4619-768x1024.jpg\" alt=\"\" width=\"269\" height=\"359\" srcset=\"http:\/\/www.amicalecaninedijon.net\/wordpress\/wp-content\/uploads\/2019\/02\/IMG_4619-768x1024.jpg 768w, http:\/\/www.amicalecaninedijon.net\/wordpress\/wp-content\/uploads\/2019\/02\/IMG_4619-225x300.jpg 225w\" sizes=\"(max-width: 269px) 100vw, 269px\" \/><\/a> <a href=\"http:\/\/www.amicalecaninedijon.net\/wordpress\/wp-content\/uploads\/2019\/02\/IMG_4616.jpg\"><img loading=\"lazy\" decoding=\"async\" class=\"wp-image-3846 alignnone\" src=\"http:\/\/www.amicalecaninedijon.net\/wordpress\/wp-content\/uploads\/2019\/02\/IMG_4616-1024x768.jpg\" alt=\"\" width=\"331\" height=\"248\" srcset=\"http:\/\/www.amicalecaninedijon.net\/wordpress\/wp-content\/uploads\/2019\/02\/IMG_4616-1024x768.jpg 1024w, http:\/\/www.amicalecaninedijon.net\/wordpress\/wp-content\/uploads\/2019\/02\/IMG_4616-300x225.jpg 300w, http:\/\/www.amicalecaninedijon.net\/wordpress\/wp-content\/uploads\/2019\/02\/IMG_4616-768x576.jpg 768w\" sizes=\"(max-width: 331px) 100vw, 331px\" \/><\/a><a href=\"http:\/\/www.amicalecaninedijon.net\/wordpress\/wp-content\/uploads\/2019\/02\/IMG_4618.jpg\"><img loading=\"lazy\" decoding=\"async\" class=\"wp-image-3848 alignnone\" src=\"http:\/\/www.amicalecaninedijon.net\/wordpress\/wp-content\/uploads\/2019\/02\/IMG_4618-768x1024.jpg\" alt=\"\" width=\"257\" height=\"343\" srcset=\"http:\/\/www.amicalecaninedijon.net\/wordpress\/wp-content\/uploads\/2019\/02\/IMG_4618-768x1024.jpg 768w, http:\/\/www.amicalecaninedijon.net\/wordpress\/wp-content\/uploads\/2019\/02\/IMG_4618-225x300.jpg 225w\" sizes=\"(max-width: 257px) 100vw, 257px\" \/><\/a><\/p>\n","protected":false},"excerpt":{"rendered":"<p>Historique Nos statuts Adh\u00e9sions Notre \u00e9quipe Plan d\u2019acc\u00e8s Les finalistes du club Nos partenaires Entretien du club &amp; barbecue Tous les ans, avant les vacances d&rsquo;\u00e9t\u00e9, une matin\u00e9e est consacr\u00e9e \u00e0 l&rsquo;entretien du club, suivie d&rsquo;un ap\u00e9ritif et d&rsquo;un barbecue.<\/p>\n","protected":false},"author":2,"featured_media":1429,"parent":0,"menu_order":6,"comment_status":"closed","ping_status":"closed","template":"","meta":{"ngg_post_thumbnail":0,"footnotes":""},"class_list":["post-12","page","type-page","status-publish","has-post-thumbnail","hentry"],"yoast_head":"<!-- This site is optimized with the Yoast SEO plugin v24.9 - https:\/\/yoast.com\/wordpress\/plugins\/seo\/ -->\n<title>Association ADSC : association \u00e9ducation chien \u00e0 Dijon<\/title>\n<meta name=\"description\" content=\"Club associatif d\u2019aide et conseil pour l\u2019\u00e9ducation et le dressage des chiens \u00e0 Dijon en Bourgogne\" \/>\n<meta name=\"robots\" content=\"index, follow, max-snippet:-1, max-image-preview:large, max-video-preview:-1\" \/>\n<link rel=\"canonical\" href=\"http:\/\/www.amicalecaninedijon.net\/wordpress\/le-club\/\" \/>\n<meta property=\"og:locale\" content=\"fr_FR\" \/>\n<meta property=\"og:type\" content=\"article\" \/>\n<meta property=\"og:title\" content=\"Association ADSC : association \u00e9ducation chien \u00e0 Dijon\" \/>\n<meta property=\"og:description\" content=\"Club associatif d\u2019aide et conseil pour l\u2019\u00e9ducation et le dressage des chiens \u00e0 Dijon en Bourgogne\" \/>\n<meta property=\"og:url\" content=\"http:\/\/www.amicalecaninedijon.net\/wordpress\/le-club\/\" \/>\n<meta property=\"og:site_name\" content=\"ADSC\" \/>\n<meta property=\"article:modified_time\" content=\"2021-08-25T14:31:03+00:00\" \/>\n<meta property=\"og:image\" content=\"http:\/\/www.amicalecaninedijon.net\/wordpress\/wp-content\/uploads\/2016\/07\/IMG_20160625_144714-1024x768.jpg\" \/>\n\t<meta property=\"og:image:width\" content=\"1024\" \/>\n\t<meta property=\"og:image:height\" content=\"768\" \/>\n\t<meta property=\"og:image:type\" content=\"image\/jpeg\" \/>\n<script type=\"application\/ld+json\" class=\"yoast-schema-graph\">{\"@context\":\"https:\/\/schema.org\",\"@graph\":[{\"@type\":\"WebPage\",\"@id\":\"http:\/\/www.amicalecaninedijon.net\/wordpress\/le-club\/\",\"url\":\"http:\/\/www.amicalecaninedijon.net\/wordpress\/le-club\/\",\"name\":\"Association ADSC : association \u00e9ducation chien \u00e0 Dijon\",\"isPartOf\":{\"@id\":\"http:\/\/www.amicalecaninedijon.net\/wordpress\/#website\"},\"primaryImageOfPage\":{\"@id\":\"http:\/\/www.amicalecaninedijon.net\/wordpress\/le-club\/#primaryimage\"},\"image\":{\"@id\":\"http:\/\/www.amicalecaninedijon.net\/wordpress\/le-club\/#primaryimage\"},\"thumbnailUrl\":\"http:\/\/www.amicalecaninedijon.net\/wordpress\/wp-content\/uploads\/2016\/07\/IMG_20160625_144714.jpg\",\"datePublished\":\"2015-02-11T15:21:57+00:00\",\"dateModified\":\"2021-08-25T14:31:03+00:00\",\"description\":\"Club associatif d\u2019aide et conseil pour l\u2019\u00e9ducation et le dressage des chiens \u00e0 Dijon en Bourgogne\",\"breadcrumb\":{\"@id\":\"http:\/\/www.amicalecaninedijon.net\/wordpress\/le-club\/#breadcrumb\"},\"inLanguage\":\"fr-FR\",\"potentialAction\":[{\"@type\":\"ReadAction\",\"target\":[\"http:\/\/www.amicalecaninedijon.net\/wordpress\/le-club\/\"]}]},{\"@type\":\"ImageObject\",\"inLanguage\":\"fr-FR\",\"@id\":\"http:\/\/www.amicalecaninedijon.net\/wordpress\/le-club\/#primaryimage\",\"url\":\"http:\/\/www.amicalecaninedijon.net\/wordpress\/wp-content\/uploads\/2016\/07\/IMG_20160625_144714.jpg\",\"contentUrl\":\"http:\/\/www.amicalecaninedijon.net\/wordpress\/wp-content\/uploads\/2016\/07\/IMG_20160625_144714.jpg\",\"width\":3264,\"height\":2448},{\"@type\":\"BreadcrumbList\",\"@id\":\"http:\/\/www.amicalecaninedijon.net\/wordpress\/le-club\/#breadcrumb\",\"itemListElement\":[{\"@type\":\"ListItem\",\"position\":1,\"name\":\"Accueil\",\"item\":\"http:\/\/www.amicalecaninedijon.net\/wordpress\/\"},{\"@type\":\"ListItem\",\"position\":2,\"name\":\"Le club\"}]},{\"@type\":\"WebSite\",\"@id\":\"http:\/\/www.amicalecaninedijon.net\/wordpress\/#website\",\"url\":\"http:\/\/www.amicalecaninedijon.net\/wordpress\/\",\"name\":\"ADSC\",\"description\":\"AMICALE DIJONNAISE DES SPORTS CANINS\",\"potentialAction\":[{\"@type\":\"SearchAction\",\"target\":{\"@type\":\"EntryPoint\",\"urlTemplate\":\"http:\/\/www.amicalecaninedijon.net\/wordpress\/?s={search_term_string}\"},\"query-input\":{\"@type\":\"PropertyValueSpecification\",\"valueRequired\":true,\"valueName\":\"search_term_string\"}}],\"inLanguage\":\"fr-FR\"}]}<\/script>\n<!-- \/ Yoast SEO plugin. -->","yoast_head_json":{"title":"Association ADSC : association \u00e9ducation chien \u00e0 Dijon","description":"Club associatif d\u2019aide et conseil pour l\u2019\u00e9ducation et le dressage des chiens \u00e0 Dijon en Bourgogne","robots":{"index":"index","follow":"follow","max-snippet":"max-snippet:-1","max-image-preview":"max-image-preview:large","max-video-preview":"max-video-preview:-1"},"canonical":"http:\/\/www.amicalecaninedijon.net\/wordpress\/le-club\/","og_locale":"fr_FR","og_type":"article","og_title":"Association ADSC : association \u00e9ducation chien \u00e0 Dijon","og_description":"Club associatif d\u2019aide et conseil pour l\u2019\u00e9ducation et le dressage des chiens \u00e0 Dijon en Bourgogne","og_url":"http:\/\/www.amicalecaninedijon.net\/wordpress\/le-club\/","og_site_name":"ADSC","article_modified_time":"2021-08-25T14:31:03+00:00","og_image":[{"width":1024,"height":768,"url":"http:\/\/www.amicalecaninedijon.net\/wordpress\/wp-content\/uploads\/2016\/07\/IMG_20160625_144714-1024x768.jpg","type":"image\/jpeg"}],"schema":{"@context":"https:\/\/schema.org","@graph":[{"@type":"WebPage","@id":"http:\/\/www.amicalecaninedijon.net\/wordpress\/le-club\/","url":"http:\/\/www.amicalecaninedijon.net\/wordpress\/le-club\/","name":"Association ADSC : association \u00e9ducation chien \u00e0 Dijon","isPartOf":{"@id":"http:\/\/www.amicalecaninedijon.net\/wordpress\/#website"},"primaryImageOfPage":{"@id":"http:\/\/www.amicalecaninedijon.net\/wordpress\/le-club\/#primaryimage"},"image":{"@id":"http:\/\/www.amicalecaninedijon.net\/wordpress\/le-club\/#primaryimage"},"thumbnailUrl":"http:\/\/www.amicalecaninedijon.net\/wordpress\/wp-content\/uploads\/2016\/07\/IMG_20160625_144714.jpg","datePublished":"2015-02-11T15:21:57+00:00","dateModified":"2021-08-25T14:31:03+00:00","description":"Club associatif d\u2019aide et conseil pour l\u2019\u00e9ducation et le dressage des chiens \u00e0 Dijon en Bourgogne","breadcrumb":{"@id":"http:\/\/www.amicalecaninedijon.net\/wordpress\/le-club\/#breadcrumb"},"inLanguage":"fr-FR","potentialAction":[{"@type":"ReadAction","target":["http:\/\/www.amicalecaninedijon.net\/wordpress\/le-club\/"]}]},{"@type":"ImageObject","inLanguage":"fr-FR","@id":"http:\/\/www.amicalecaninedijon.net\/wordpress\/le-club\/#primaryimage","url":"http:\/\/www.amicalecaninedijon.net\/wordpress\/wp-content\/uploads\/2016\/07\/IMG_20160625_144714.jpg","contentUrl":"http:\/\/www.amicalecaninedijon.net\/wordpress\/wp-content\/uploads\/2016\/07\/IMG_20160625_144714.jpg","width":3264,"height":2448},{"@type":"BreadcrumbList","@id":"http:\/\/www.amicalecaninedijon.net\/wordpress\/le-club\/#breadcrumb","itemListElement":[{"@type":"ListItem","position":1,"name":"Accueil","item":"http:\/\/www.amicalecaninedijon.net\/wordpress\/"},{"@type":"ListItem","position":2,"name":"Le club"}]},{"@type":"WebSite","@id":"http:\/\/www.amicalecaninedijon.net\/wordpress\/#website","url":"http:\/\/www.amicalecaninedijon.net\/wordpress\/","name":"ADSC","description":"AMICALE DIJONNAISE DES SPORTS CANINS","potentialAction":[{"@type":"SearchAction","target":{"@type":"EntryPoint","urlTemplate":"http:\/\/www.amicalecaninedijon.net\/wordpress\/?s={search_term_string}"},"query-input":{"@type":"PropertyValueSpecification","valueRequired":true,"valueName":"search_term_string"}}],"inLanguage":"fr-FR"}]}},"_links":{"self":[{"href":"http:\/\/www.amicalecaninedijon.net\/wordpress\/wp-json\/wp\/v2\/pages\/12"}],"collection":[{"href":"http:\/\/www.amicalecaninedijon.net\/wordpress\/wp-json\/wp\/v2\/pages"}],"about":[{"href":"http:\/\/www.amicalecaninedijon.net\/wordpress\/wp-json\/wp\/v2\/types\/page"}],"author":[{"embeddable":true,"href":"http:\/\/www.amicalecaninedijon.net\/wordpress\/wp-json\/wp\/v2\/users\/2"}],"replies":[{"embeddable":true,"href":"http:\/\/www.amicalecaninedijon.net\/wordpress\/wp-json\/wp\/v2\/comments?post=12"}],"version-history":[{"count":55,"href":"http:\/\/www.amicalecaninedijon.net\/wordpress\/wp-json\/wp\/v2\/pages\/12\/revisions"}],"predecessor-version":[{"id":4609,"href":"http:\/\/www.amicalecaninedijon.net\/wordpress\/wp-json\/wp\/v2\/pages\/12\/revisions\/4609"}],"wp:featuredmedia":[{"embeddable":true,"href":"http:\/\/www.amicalecaninedijon.net\/wordpress\/wp-json\/wp\/v2\/media\/1429"}],"wp:attachment":[{"href":"http:\/\/www.amicalecaninedijon.net\/wordpress\/wp-json\/wp\/v2\/media?parent=12"}],"curies":[{"name":"wp","href":"https:\/\/api.w.org\/{rel}","templated":true}]}}