{"id":18,"date":"2015-02-11T16:37:33","date_gmt":"2015-02-11T15:37:33","guid":{"rendered":"http:\/\/www.amicalecaninedijon.net\/wordpress\/?page_id=18"},"modified":"2024-10-30T15:08:41","modified_gmt":"2024-10-30T14:08:41","slug":"education-chien-dijon","status":"publish","type":"page","link":"http:\/\/www.amicalecaninedijon.net\/wordpress\/education-chien-dijon\/","title":{"rendered":"L&rsquo;\u00e9ducation"},"content":{"rendered":"<p><span style=\"color: #ff6600;\"><strong>Tous les Samedi&nbsp;matin de 11 heures \u00e0 midi. Constitution des groupes par niveau : <\/strong> <\/span><\/p>\n<ul>\n<li><strong>Groupe SNOOPY<\/strong> (<u>Niveau 1<\/u> accueillant les chiots aptes et les nouveaux chiens)<\/li>\n<li><strong>Groupe SCOUBIDOU<\/strong> (<u>Niveau 2<\/u> accueillant les chiens qui ont acquis le assis, couch\u00e9 et le rappel)<\/li>\n<li><strong>Groupe REX<\/strong> (<u>Niveau 3<\/u> accueillant les chiens qui ont acquis la marche en laisse, le pas bouger &#8211; absence)<br \/>\n<hr>\n<p><span style=\"color: #ff6600;\"><strong>Journ\u00e9e du samedi 27 avril 2019 :<\/strong> <\/span><\/li>\n<\/ul>\n<div>20 concurrents ont pass\u00e9 avec succ\u00e8s leur CSAU avec Bruno Mangione.<\/div>\n<div>Bravo \u00e0 l&rsquo;\u00e9quipe :&nbsp;<\/div>\n<div>&nbsp;<\/div>\n<div><a href=\"http:\/\/www.amicalecaninedijon.net\/wordpress\/wp-content\/uploads\/2019\/05\/Csau-27-avril-2019.jpg\"><img loading=\"lazy\" decoding=\"async\" class=\"alignnone size-large wp-image-3951\" src=\"http:\/\/www.amicalecaninedijon.net\/wordpress\/wp-content\/uploads\/2019\/05\/Csau-27-avril-2019-1024x768.jpg\" alt=\"\" width=\"660\" height=\"495\" srcset=\"http:\/\/www.amicalecaninedijon.net\/wordpress\/wp-content\/uploads\/2019\/05\/Csau-27-avril-2019-1024x768.jpg 1024w, http:\/\/www.amicalecaninedijon.net\/wordpress\/wp-content\/uploads\/2019\/05\/Csau-27-avril-2019-300x225.jpg 300w, http:\/\/www.amicalecaninedijon.net\/wordpress\/wp-content\/uploads\/2019\/05\/Csau-27-avril-2019-768x576.jpg 768w\" sizes=\"(max-width: 660px) 100vw, 660px\" \/><\/a><\/div>\n<p>&nbsp;<\/p>\n<hr>\n<p>Il est important de venir un quart d&rsquo;heure avant le d\u00e9but du cours et d&rsquo;avoir d\u00e9tendu son chien .<\/p>\n<p>Lorsque les chiens ont l\u2019\u00e2ge de 6 mois environ et surtout lorsqu\u2019ils ont int\u00e9gr\u00e9 les ordres de base, ils sont dirig\u00e9s vers le groupe d\u2019\u00e9ducation canine ou ils vont faire l\u2019apprentissage approfondi de l\u2019\u00e9ducation canine de base. Les ma\u00eetres vont acqu\u00e9rir la fermet\u00e9, la bonne ma\u00eetrise du chien, quel que soit les circonstances, ils vont apprendre \u00e0 connaitre leur chien dans des situations diff\u00e9rentes de la vie quotidienne.<\/p>\n<p>Les cours d&rsquo;\u00e9ducation ont pour objectif d&rsquo;aider le ma\u00eetre dans l&rsquo;\u00e9ducation de base et la socialisation de son chien pour d\u00e9velopper une relation Ma\u00eetre\/Chien de qualit\u00e9 et permettre ainsi une bonne int\u00e9gration du chien dans son environnement.<a href=\"http:\/\/www.amicalecaninedijon.net\/wordpress\/wp-content\/uploads\/2016\/01\/IMG_2908.jpg\"><img loading=\"lazy\" decoding=\"async\" class=\"alignnone size-medium wp-image-962\" src=\"http:\/\/www.amicalecaninedijon.net\/wordpress\/wp-content\/uploads\/2016\/01\/IMG_2908-300x225.jpg\" alt=\"IMG_2908\" width=\"300\" height=\"225\" srcset=\"http:\/\/www.amicalecaninedijon.net\/wordpress\/wp-content\/uploads\/2016\/01\/IMG_2908-300x225.jpg 300w, http:\/\/www.amicalecaninedijon.net\/wordpress\/wp-content\/uploads\/2016\/01\/IMG_2908.jpg 800w\" sizes=\"(max-width: 300px) 100vw, 300px\" \/><\/a><\/p>\n<p>Votre compagnon apprendra les principaux comportements qu&rsquo;il doit poss\u00e9der pour vivre en harmonie avec son ma\u00eetre en toute circonstance : la marche en laisse, la marche sans laisse, les positions : assis, debout, couch\u00e9, le rappel aux pieds, l&rsquo;absence du ma\u00eetre.<\/p>\n<p><a href=\"http:\/\/www.amicalecaninedijon.net\/wordpress\/wp-content\/uploads\/2017\/09\/DSC0255.jpg\"><img loading=\"lazy\" decoding=\"async\" class=\"size-medium wp-image-2516 alignright\" src=\"http:\/\/www.amicalecaninedijon.net\/wordpress\/wp-content\/uploads\/2017\/09\/DSC0255-300x200.jpg\" alt=\"\" width=\"300\" height=\"200\" srcset=\"http:\/\/www.amicalecaninedijon.net\/wordpress\/wp-content\/uploads\/2017\/09\/DSC0255-300x200.jpg 300w, http:\/\/www.amicalecaninedijon.net\/wordpress\/wp-content\/uploads\/2017\/09\/DSC0255-768x512.jpg 768w, http:\/\/www.amicalecaninedijon.net\/wordpress\/wp-content\/uploads\/2017\/09\/DSC0255-1024x683.jpg 1024w\" sizes=\"(max-width: 300px) 100vw, 300px\" \/><\/a>Cette \u00e9ducation permet au ma\u00eetre de mieux comprendre certaines r\u00e9actions de son chien face \u00e0 certaines situations de la vie de tous les jours. Elle apprend au chien \u00e0 devenir sociable envers les hommes et face \u00e0 ses cong\u00e9n\u00e8res.<\/p>\n<p>Ces cours sont ouverts \u00e0 toutes les races.<\/p>\n<p>Organisation des s\u00e9ances<\/p>\n<p><a href=\"http:\/\/www.amicalecaninedijon.net\/wordpress\/wp-content\/uploads\/2016\/01\/P1130614-2.jpg\"><img loading=\"lazy\" decoding=\"async\" class=\"alignnone size-medium wp-image-868\" src=\"http:\/\/www.amicalecaninedijon.net\/wordpress\/wp-content\/uploads\/2016\/01\/P1130614-2-300x169.jpg\" alt=\"P1130614 (2)\" width=\"300\" height=\"169\" srcset=\"http:\/\/www.amicalecaninedijon.net\/wordpress\/wp-content\/uploads\/2016\/01\/P1130614-2-300x169.jpg 300w, http:\/\/www.amicalecaninedijon.net\/wordpress\/wp-content\/uploads\/2016\/01\/P1130614-2-1024x575.jpg 1024w\" sizes=\"(max-width: 300px) 100vw, 300px\" \/><\/a><a href=\"http:\/\/www.amicalecaninedijon.net\/wordpress\/wp-content\/uploads\/2017\/09\/DSC0190.jpg\"><img loading=\"lazy\" decoding=\"async\" class=\" wp-image-2519 alignright\" src=\"http:\/\/www.amicalecaninedijon.net\/wordpress\/wp-content\/uploads\/2017\/09\/DSC0190-300x178.jpg\" alt=\"\" width=\"310\" height=\"184\" srcset=\"http:\/\/www.amicalecaninedijon.net\/wordpress\/wp-content\/uploads\/2017\/09\/DSC0190-300x178.jpg 300w, http:\/\/www.amicalecaninedijon.net\/wordpress\/wp-content\/uploads\/2017\/09\/DSC0190-768x456.jpg 768w, http:\/\/www.amicalecaninedijon.net\/wordpress\/wp-content\/uploads\/2017\/09\/DSC0190-1024x609.jpg 1024w\" sizes=\"(max-width: 310px) 100vw, 310px\" \/><\/a>Le ma\u00eetre travaille avec son chien dans des cours collectifs anim\u00e9s par un moniteur titulaire d&rsquo;un brevet de moniteur canin. Ce travail collectif a pour but de d\u00e9velopper la sociabilit\u00e9 du chien (tol\u00e9rance des autres chiens, absence d&rsquo;agressivit\u00e9&#8230;)<\/p>\n<p>Les nouveaux arrivants sont accept\u00e9s toute l&rsquo;ann\u00e9e avec des exercices adapt\u00e9s qui permettent l&rsquo;int\u00e9gration au groupe.<\/p>\n<p><a href=\"http:\/\/www.amicalecaninedijon.net\/wordpress\/wp-content\/uploads\/2015\/02\/P1130708.jpg\"><img loading=\"lazy\" decoding=\"async\" class=\" wp-image-1114 alignleft\" src=\"http:\/\/www.amicalecaninedijon.net\/wordpress\/wp-content\/uploads\/2015\/02\/P1130708-300x197.jpg\" alt=\"P1130708\" width=\"273\" height=\"179\" srcset=\"http:\/\/www.amicalecaninedijon.net\/wordpress\/wp-content\/uploads\/2015\/02\/P1130708-300x197.jpg 300w, http:\/\/www.amicalecaninedijon.net\/wordpress\/wp-content\/uploads\/2015\/02\/P1130708-1024x673.jpg 1024w\" sizes=\"(max-width: 273px) 100vw, 273px\" \/><\/a>&nbsp;<a href=\"http:\/\/www.amicalecaninedijon.net\/wordpress\/wp-content\/uploads\/2017\/09\/DSC0286.jpg\"><img loading=\"lazy\" decoding=\"async\" class=\" wp-image-2515 alignleft\" src=\"http:\/\/www.amicalecaninedijon.net\/wordpress\/wp-content\/uploads\/2017\/09\/DSC0286-300x200.jpg\" alt=\"\" width=\"296\" height=\"197\" srcset=\"http:\/\/www.amicalecaninedijon.net\/wordpress\/wp-content\/uploads\/2017\/09\/DSC0286-300x200.jpg 300w, http:\/\/www.amicalecaninedijon.net\/wordpress\/wp-content\/uploads\/2017\/09\/DSC0286-768x512.jpg 768w, http:\/\/www.amicalecaninedijon.net\/wordpress\/wp-content\/uploads\/2017\/09\/DSC0286-1024x683.jpg 1024w\" sizes=\"(max-width: 296px) 100vw, 296px\" \/><\/a><\/p>\n<hr>\n<h4><strong><span style=\"color: #ff6600;\">Le C.S.A.U (Certificat de Sociabilit\u00e9 et d&rsquo;aptitude \u00e0 l&rsquo;utilisation)<\/span><\/strong><\/h4>\n<p>Il est souhaitable que les personnes suivant un cycle \u00e9ducation fassent passer le C.S.A.U \u00e0 leur chien en fin de cycle.<\/p>\n<p>C&rsquo;est un test qui a pour but de v\u00e9rifier la sociabilit\u00e9 du chien et le contr\u00f4le exerc\u00e9 par son ma\u00eetre lors de petits exercices.<\/p>\n<p>Cette petite \u00e9preuve se d\u00e9roule \u00e0 l&rsquo;occasion des concours ou de manifestations de s\u00e9lection des clubs de race. Tous les chiens peuvent le passer, il n&rsquo;est pas obligatoire d&rsquo;\u00eatre inscrit dans un livre des origines (L.O.F). Par contre le C.S.A.U devient obligatoire pour pratiquer ensuite une discipline de travail.<\/p>\n<p><span style=\"color: #ff6600;\">Age minimum : <\/span>12 mois<\/p>\n<p><span style=\"color: #ff6600;\">Stabilit\u00e9 et sociabilit\u00e9 :<br \/>\n<\/span><\/p>\n<ul>\n<li>pr\u00e9sence et absence du ma\u00eetre : la laisse est confi\u00e9e \u00e0 une personne \u00e9trang\u00e8re<br \/>\nle ma\u00eetre s&rsquo;\u00e9loigne de quelques pas et revient.<\/li>\n<li>caresse l\u00e9g\u00e8re : le chien est tenu par le ma\u00eetre. Un l\u00e9ger recul est tol\u00e9r\u00e9.<\/li>\n<li>le contr\u00f4le de tatouage peut faire partie du test<\/li>\n<li>bruit : \u00e0 l&rsquo;initiative du juge ( + de 5 m mais pas de coup de feu )<\/li>\n<\/ul>\n<p><span style=\"color: #ff6600;\">Marche en laisse : <\/span>le chien ne doit pas tirer sur la laisse, n\u00e9anmoins une l\u00e9g\u00e8re tension est tol\u00e9r\u00e9e<\/p>\n<p><span style=\"color: #ff6600;\">Absence du ma\u00eetre :&nbsp; <\/span>mise en position (au choix du ma\u00eetre)<br \/>\napr\u00e8s l&rsquo;absence (30 secondes), retrouver son chien au m\u00eame endroit (d\u00e9placement d&rsquo;environ 1.5m tol\u00e9r\u00e9)<\/p>\n<p><span style=\"color: #ff6600;\">Rappel : <\/span>le chien \u00e0 environ 20 m, doit, sur rappel, revenir au pied du ma\u00eetre (d\u00e9lai de 15 s dans un rayon de 2 m)<\/p>\n<p><span style=\"color: #ff6600;\">Appr\u00e9ciations pour l&rsquo;obtention : <\/span>Apte : accompagn\u00e9 d&rsquo;un qualificatif (EXCELLENT, TRES BON, BON) &#8211; Ajourn\u00e9 : \u00e0 repasser ult\u00e9rieurement<\/p>\n<p>Une carte nominative au nom du chien attestant de la r\u00e9ussite est adress\u00e9e au propri\u00e9taire du chien.<\/p>\n<p>Le C.S.A.U est inscrit en premi\u00e8re ligne du carnet de travail pour les chiens pratiquant une discipline.<\/p>\n","protected":false},"excerpt":{"rendered":"<p>Tous les Samedi&nbsp;matin de 11 heures \u00e0 midi. Constitution des groupes par niveau : Groupe SNOOPY (Niveau 1 accueillant les chiots aptes et les nouveaux chiens) Groupe SCOUBIDOU (Niveau 2 accueillant les chiens qui ont acquis le assis, couch\u00e9 et le rappel) Groupe REX (Niveau 3 accueillant les chiens qui ont acquis la marche en &hellip; <a href=\"http:\/\/www.amicalecaninedijon.net\/wordpress\/education-chien-dijon\/\" class=\"more-link\">Continuer la lecture de <span class=\"screen-reader-text\">L&rsquo;\u00e9ducation<\/span><\/a><\/p>\n","protected":false},"author":2,"featured_media":2920,"parent":0,"menu_order":3,"comment_status":"closed","ping_status":"closed","template":"","meta":{"ngg_post_thumbnail":0,"footnotes":""},"class_list":["post-18","page","type-page","status-publish","has-post-thumbnail","hentry"],"yoast_head":"<!-- This site is optimized with the Yoast SEO plugin v24.9 - https:\/\/yoast.com\/wordpress\/plugins\/seo\/ -->\n<title>Education chien c\u00f4te d&#039;or<\/title>\n<meta name=\"description\" content=\"L&#039;\u00e9ducation des chiots a pour objectif d&#039;aider le ma\u00eetre dans l&#039;\u00e9ducation de base et la socialisation de son chien.\" \/>\n<meta name=\"robots\" content=\"index, follow, max-snippet:-1, max-image-preview:large, max-video-preview:-1\" \/>\n<link rel=\"canonical\" href=\"http:\/\/www.amicalecaninedijon.net\/wordpress\/education-chien-dijon\/\" \/>\n<meta property=\"og:locale\" content=\"fr_FR\" \/>\n<meta property=\"og:type\" content=\"article\" \/>\n<meta property=\"og:title\" content=\"Education chien c\u00f4te d&#039;or\" \/>\n<meta property=\"og:description\" content=\"L&#039;\u00e9ducation des chiots a pour objectif d&#039;aider le ma\u00eetre dans l&#039;\u00e9ducation de base et la socialisation de son chien.\" \/>\n<meta property=\"og:url\" content=\"http:\/\/www.amicalecaninedijon.net\/wordpress\/education-chien-dijon\/\" \/>\n<meta property=\"og:site_name\" content=\"ADSC\" \/>\n<meta property=\"article:modified_time\" content=\"2024-10-30T14:08:41+00:00\" \/>\n<meta property=\"og:image\" content=\"http:\/\/www.amicalecaninedijon.net\/wordpress\/wp-content\/uploads\/2018\/01\/\u00e9duc27.jpg\" \/>\n\t<meta property=\"og:image:width\" content=\"3023\" \/>\n\t<meta property=\"og:image:height\" content=\"1292\" \/>\n\t<meta property=\"og:image:type\" content=\"image\/jpeg\" \/>\n<meta name=\"twitter:label1\" content=\"Dur\u00e9e de lecture estim\u00e9e\" \/>\n\t<meta name=\"twitter:data1\" content=\"4 minutes\" \/>\n<script type=\"application\/ld+json\" class=\"yoast-schema-graph\">{\"@context\":\"https:\/\/schema.org\",\"@graph\":[{\"@type\":\"WebPage\",\"@id\":\"http:\/\/www.amicalecaninedijon.net\/wordpress\/education-chien-dijon\/\",\"url\":\"http:\/\/www.amicalecaninedijon.net\/wordpress\/education-chien-dijon\/\",\"name\":\"Education chien c\u00f4te d'or\",\"isPartOf\":{\"@id\":\"http:\/\/www.amicalecaninedijon.net\/wordpress\/#website\"},\"primaryImageOfPage\":{\"@id\":\"http:\/\/www.amicalecaninedijon.net\/wordpress\/education-chien-dijon\/#primaryimage\"},\"image\":{\"@id\":\"http:\/\/www.amicalecaninedijon.net\/wordpress\/education-chien-dijon\/#primaryimage\"},\"thumbnailUrl\":\"http:\/\/www.amicalecaninedijon.net\/wordpress\/wp-content\/uploads\/2018\/01\/\u00e9duc27.jpg\",\"datePublished\":\"2015-02-11T15:37:33+00:00\",\"dateModified\":\"2024-10-30T14:08:41+00:00\",\"description\":\"L'\u00e9ducation des chiots a pour objectif d'aider le ma\u00eetre dans l'\u00e9ducation de base et la socialisation de son chien.\",\"breadcrumb\":{\"@id\":\"http:\/\/www.amicalecaninedijon.net\/wordpress\/education-chien-dijon\/#breadcrumb\"},\"inLanguage\":\"fr-FR\",\"potentialAction\":[{\"@type\":\"ReadAction\",\"target\":[\"http:\/\/www.amicalecaninedijon.net\/wordpress\/education-chien-dijon\/\"]}]},{\"@type\":\"ImageObject\",\"inLanguage\":\"fr-FR\",\"@id\":\"http:\/\/www.amicalecaninedijon.net\/wordpress\/education-chien-dijon\/#primaryimage\",\"url\":\"http:\/\/www.amicalecaninedijon.net\/wordpress\/wp-content\/uploads\/2018\/01\/\u00e9duc27.jpg\",\"contentUrl\":\"http:\/\/www.amicalecaninedijon.net\/wordpress\/wp-content\/uploads\/2018\/01\/\u00e9duc27.jpg\",\"width\":3023,\"height\":1292},{\"@type\":\"BreadcrumbList\",\"@id\":\"http:\/\/www.amicalecaninedijon.net\/wordpress\/education-chien-dijon\/#breadcrumb\",\"itemListElement\":[{\"@type\":\"ListItem\",\"position\":1,\"name\":\"Accueil\",\"item\":\"http:\/\/www.amicalecaninedijon.net\/wordpress\/\"},{\"@type\":\"ListItem\",\"position\":2,\"name\":\"L&rsquo;\u00e9ducation\"}]},{\"@type\":\"WebSite\",\"@id\":\"http:\/\/www.amicalecaninedijon.net\/wordpress\/#website\",\"url\":\"http:\/\/www.amicalecaninedijon.net\/wordpress\/\",\"name\":\"ADSC\",\"description\":\"AMICALE DIJONNAISE DES SPORTS CANINS\",\"potentialAction\":[{\"@type\":\"SearchAction\",\"target\":{\"@type\":\"EntryPoint\",\"urlTemplate\":\"http:\/\/www.amicalecaninedijon.net\/wordpress\/?s={search_term_string}\"},\"query-input\":{\"@type\":\"PropertyValueSpecification\",\"valueRequired\":true,\"valueName\":\"search_term_string\"}}],\"inLanguage\":\"fr-FR\"}]}<\/script>\n<!-- \/ Yoast SEO plugin. -->","yoast_head_json":{"title":"Education chien c\u00f4te d'or","description":"L'\u00e9ducation des chiots a pour objectif d'aider le ma\u00eetre dans l'\u00e9ducation de base et la socialisation de son chien.","robots":{"index":"index","follow":"follow","max-snippet":"max-snippet:-1","max-image-preview":"max-image-preview:large","max-video-preview":"max-video-preview:-1"},"canonical":"http:\/\/www.amicalecaninedijon.net\/wordpress\/education-chien-dijon\/","og_locale":"fr_FR","og_type":"article","og_title":"Education chien c\u00f4te d'or","og_description":"L'\u00e9ducation des chiots a pour objectif d'aider le ma\u00eetre dans l'\u00e9ducation de base et la socialisation de son chien.","og_url":"http:\/\/www.amicalecaninedijon.net\/wordpress\/education-chien-dijon\/","og_site_name":"ADSC","article_modified_time":"2024-10-30T14:08:41+00:00","og_image":[{"width":3023,"height":1292,"url":"http:\/\/www.amicalecaninedijon.net\/wordpress\/wp-content\/uploads\/2018\/01\/\u00e9duc27.jpg","type":"image\/jpeg"}],"twitter_misc":{"Dur\u00e9e de lecture estim\u00e9e":"4 minutes"},"schema":{"@context":"https:\/\/schema.org","@graph":[{"@type":"WebPage","@id":"http:\/\/www.amicalecaninedijon.net\/wordpress\/education-chien-dijon\/","url":"http:\/\/www.amicalecaninedijon.net\/wordpress\/education-chien-dijon\/","name":"Education chien c\u00f4te d'or","isPartOf":{"@id":"http:\/\/www.amicalecaninedijon.net\/wordpress\/#website"},"primaryImageOfPage":{"@id":"http:\/\/www.amicalecaninedijon.net\/wordpress\/education-chien-dijon\/#primaryimage"},"image":{"@id":"http:\/\/www.amicalecaninedijon.net\/wordpress\/education-chien-dijon\/#primaryimage"},"thumbnailUrl":"http:\/\/www.amicalecaninedijon.net\/wordpress\/wp-content\/uploads\/2018\/01\/\u00e9duc27.jpg","datePublished":"2015-02-11T15:37:33+00:00","dateModified":"2024-10-30T14:08:41+00:00","description":"L'\u00e9ducation des chiots a pour objectif d'aider le ma\u00eetre dans l'\u00e9ducation de base et la socialisation de son chien.","breadcrumb":{"@id":"http:\/\/www.amicalecaninedijon.net\/wordpress\/education-chien-dijon\/#breadcrumb"},"inLanguage":"fr-FR","potentialAction":[{"@type":"ReadAction","target":["http:\/\/www.amicalecaninedijon.net\/wordpress\/education-chien-dijon\/"]}]},{"@type":"ImageObject","inLanguage":"fr-FR","@id":"http:\/\/www.amicalecaninedijon.net\/wordpress\/education-chien-dijon\/#primaryimage","url":"http:\/\/www.amicalecaninedijon.net\/wordpress\/wp-content\/uploads\/2018\/01\/\u00e9duc27.jpg","contentUrl":"http:\/\/www.amicalecaninedijon.net\/wordpress\/wp-content\/uploads\/2018\/01\/\u00e9duc27.jpg","width":3023,"height":1292},{"@type":"BreadcrumbList","@id":"http:\/\/www.amicalecaninedijon.net\/wordpress\/education-chien-dijon\/#breadcrumb","itemListElement":[{"@type":"ListItem","position":1,"name":"Accueil","item":"http:\/\/www.amicalecaninedijon.net\/wordpress\/"},{"@type":"ListItem","position":2,"name":"L&rsquo;\u00e9ducation"}]},{"@type":"WebSite","@id":"http:\/\/www.amicalecaninedijon.net\/wordpress\/#website","url":"http:\/\/www.amicalecaninedijon.net\/wordpress\/","name":"ADSC","description":"AMICALE DIJONNAISE DES SPORTS CANINS","potentialAction":[{"@type":"SearchAction","target":{"@type":"EntryPoint","urlTemplate":"http:\/\/www.amicalecaninedijon.net\/wordpress\/?s={search_term_string}"},"query-input":{"@type":"PropertyValueSpecification","valueRequired":true,"valueName":"search_term_string"}}],"inLanguage":"fr-FR"}]}},"_links":{"self":[{"href":"http:\/\/www.amicalecaninedijon.net\/wordpress\/wp-json\/wp\/v2\/pages\/18"}],"collection":[{"href":"http:\/\/www.amicalecaninedijon.net\/wordpress\/wp-json\/wp\/v2\/pages"}],"about":[{"href":"http:\/\/www.amicalecaninedijon.net\/wordpress\/wp-json\/wp\/v2\/types\/page"}],"author":[{"embeddable":true,"href":"http:\/\/www.amicalecaninedijon.net\/wordpress\/wp-json\/wp\/v2\/users\/2"}],"replies":[{"embeddable":true,"href":"http:\/\/www.amicalecaninedijon.net\/wordpress\/wp-json\/wp\/v2\/comments?post=18"}],"version-history":[{"count":28,"href":"http:\/\/www.amicalecaninedijon.net\/wordpress\/wp-json\/wp\/v2\/pages\/18\/revisions"}],"predecessor-version":[{"id":4942,"href":"http:\/\/www.amicalecaninedijon.net\/wordpress\/wp-json\/wp\/v2\/pages\/18\/revisions\/4942"}],"wp:featuredmedia":[{"embeddable":true,"href":"http:\/\/www.amicalecaninedijon.net\/wordpress\/wp-json\/wp\/v2\/media\/2920"}],"wp:attachment":[{"href":"http:\/\/www.amicalecaninedijon.net\/wordpress\/wp-json\/wp\/v2\/media?parent=18"}],"curies":[{"name":"wp","href":"https:\/\/api.w.org\/{rel}","templated":true}]}}