{"id":27,"date":"2015-02-11T16:42:52","date_gmt":"2015-02-11T15:42:52","guid":{"rendered":"http:\/\/www.amicalecaninedijon.net\/wordpress\/?page_id=27"},"modified":"2026-01-23T17:16:51","modified_gmt":"2026-01-23T16:16:51","slug":"les-manifestations-concours-stages-evenements","status":"publish","type":"page","link":"http:\/\/www.amicalecaninedijon.net\/wordpress\/le-club\/les-manifestations-concours-stages-evenements\/","title":{"rendered":"Les manifestations, concours, stages, \u00e9v\u00e8nements"},"content":{"rendered":"<h2><span style=\"color: #0000ff;\"><strong>MANIFESTATIONS PREVUES PAR NOTRE CLUB en 2026<br \/>\n<\/strong><\/span><\/h2>\n<hr>\n<p>&nbsp;<\/p>\n<ul>\n<li>Pass-agility le dimanche 15 f\u00e9vrier 2026&nbsp;<\/li>\n<li><span style=\"font-family: Calibri, sans-serif;\">Concours d\u2019ob\u00e9issance les 21 et 22 f\u00e9vrier 2026 avec Mr Paul BUSSER<\/span><\/li>\n<li><span style=\"font-family: Calibri, sans-serif;\">Concours d\u2019agility le dimanche 8 mars 2026 avec Mr Johann CANAL<\/span><\/li>\n<li><span style=\"font-family: Calibri, sans-serif;\">Assembl\u00e9e G\u00e9n\u00e9rale le mardi 17 mars 2026&nbsp;<\/span><\/li>\n<li><span style=\"font-family: Calibri, sans-serif;\">Journ\u00e9e d\u2019entretien le samedi 13 juin 2026&nbsp; suivi d&rsquo;un barbecue<\/span><\/li>\n<li><span style=\"font-family: Calibri, sans-serif;\">Fin des cours le samedi 27 juin 2026&nbsp;<\/span><\/li>\n<li><span style=\"font-family: Calibri, sans-serif;\">Reprise des cours le samedi 5 septembre 2026<\/span><\/li>\n<li><span style=\"font-family: Calibri, sans-serif;\">S\u00e9lectif GPF d\u2019agility le dimanche 11 octobre 2026 avec Mr G\u00e9rard GERY<\/span><\/li>\n<\/ul>\n<hr>\n<h2><span style=\"color: #0000ff;\"><strong>HISTORIQUE :<\/strong><\/span><\/h2>\n<p><span style=\"color: #800080;\"><strong>Concours du 21 et 22 mai 2022 avec Paul Busser :<br \/>\n<\/strong><\/span><\/p>\n<p><a href=\"http:\/\/www.amicalecaninedijon.net\/wordpress\/wp-content\/uploads\/2023\/03\/DSC_0050.jpg\"><img loading=\"lazy\" decoding=\"async\" class=\"wp-image-4781 alignleft\" src=\"http:\/\/www.amicalecaninedijon.net\/wordpress\/wp-content\/uploads\/2023\/03\/DSC_0050.jpg\" alt=\"\" width=\"523\" height=\"348\" srcset=\"http:\/\/www.amicalecaninedijon.net\/wordpress\/wp-content\/uploads\/2023\/03\/DSC_0050.jpg 4608w, http:\/\/www.amicalecaninedijon.net\/wordpress\/wp-content\/uploads\/2023\/03\/DSC_0050-300x200.jpg 300w, http:\/\/www.amicalecaninedijon.net\/wordpress\/wp-content\/uploads\/2023\/03\/DSC_0050-768x512.jpg 768w, http:\/\/www.amicalecaninedijon.net\/wordpress\/wp-content\/uploads\/2023\/03\/DSC_0050-1024x683.jpg 1024w\" sizes=\"(max-width: 523px) 100vw, 523px\" \/><\/a><a href=\"http:\/\/www.amicalecaninedijon.net\/wordpress\/wp-content\/uploads\/2015\/02\/DSC_0198.jpg\"> <img loading=\"lazy\" decoding=\"async\" class=\"wp-image-4782 alignleft\" src=\"http:\/\/www.amicalecaninedijon.net\/wordpress\/wp-content\/uploads\/2015\/02\/DSC_0198.jpg\" alt=\"\" width=\"180\" height=\"120\" srcset=\"http:\/\/www.amicalecaninedijon.net\/wordpress\/wp-content\/uploads\/2015\/02\/DSC_0198.jpg 4608w, http:\/\/www.amicalecaninedijon.net\/wordpress\/wp-content\/uploads\/2015\/02\/DSC_0198-300x200.jpg 300w, http:\/\/www.amicalecaninedijon.net\/wordpress\/wp-content\/uploads\/2015\/02\/DSC_0198-768x512.jpg 768w, http:\/\/www.amicalecaninedijon.net\/wordpress\/wp-content\/uploads\/2015\/02\/DSC_0198-1024x683.jpg 1024w\" sizes=\"(max-width: 180px) 100vw, 180px\" \/><\/a><a href=\"http:\/\/www.amicalecaninedijon.net\/wordpress\/wp-content\/uploads\/2015\/02\/DSC_0167.jpg\"><img loading=\"lazy\" decoding=\"async\" class=\"wp-image-4783 alignleft\" src=\"http:\/\/www.amicalecaninedijon.net\/wordpress\/wp-content\/uploads\/2015\/02\/DSC_0167.jpg\" alt=\"\" width=\"218\" height=\"145\" srcset=\"http:\/\/www.amicalecaninedijon.net\/wordpress\/wp-content\/uploads\/2015\/02\/DSC_0167.jpg 4608w, http:\/\/www.amicalecaninedijon.net\/wordpress\/wp-content\/uploads\/2015\/02\/DSC_0167-300x200.jpg 300w, http:\/\/www.amicalecaninedijon.net\/wordpress\/wp-content\/uploads\/2015\/02\/DSC_0167-768x512.jpg 768w, http:\/\/www.amicalecaninedijon.net\/wordpress\/wp-content\/uploads\/2015\/02\/DSC_0167-1024x683.jpg 1024w\" sizes=\"(max-width: 218px) 100vw, 218px\" \/><\/a><\/p>\n<p style=\"text-align: left;\">&nbsp;<\/p>\n<p style=\"text-align: left;\">&nbsp;<\/p>\n<p>&nbsp;<\/p>\n<div class=\"_2cuy _3dgx _2vxa\"><a href=\"http:\/\/www.amicalecaninedijon.net\/wordpress\/wp-content\/uploads\/2015\/02\/IMG_7428.jpg\"><img loading=\"lazy\" decoding=\"async\" class=\" wp-image-3110 alignleft\" src=\"http:\/\/www.amicalecaninedijon.net\/wordpress\/wp-content\/uploads\/2015\/02\/IMG_7428-1024x683.jpg\" alt=\"\" width=\"488\" height=\"325\" srcset=\"http:\/\/www.amicalecaninedijon.net\/wordpress\/wp-content\/uploads\/2015\/02\/IMG_7428-1024x683.jpg 1024w, http:\/\/www.amicalecaninedijon.net\/wordpress\/wp-content\/uploads\/2015\/02\/IMG_7428-300x200.jpg 300w, http:\/\/www.amicalecaninedijon.net\/wordpress\/wp-content\/uploads\/2015\/02\/IMG_7428-768x512.jpg 768w\" sizes=\"(max-width: 488px) 100vw, 488px\" \/><\/a><\/div>\n<p style=\"text-align: left;\"><a href=\"http:\/\/www.amicalecaninedijon.net\/wordpress\/wp-content\/uploads\/2015\/02\/IMG_7240.jpg\"><img loading=\"lazy\" decoding=\"async\" class=\"wp-image-3082 alignleft\" src=\"http:\/\/www.amicalecaninedijon.net\/wordpress\/wp-content\/uploads\/2015\/02\/IMG_7240-1024x809.jpg\" alt=\"\" width=\"242\" height=\"191\" srcset=\"http:\/\/www.amicalecaninedijon.net\/wordpress\/wp-content\/uploads\/2015\/02\/IMG_7240-1024x809.jpg 1024w, http:\/\/www.amicalecaninedijon.net\/wordpress\/wp-content\/uploads\/2015\/02\/IMG_7240-300x237.jpg 300w, http:\/\/www.amicalecaninedijon.net\/wordpress\/wp-content\/uploads\/2015\/02\/IMG_7240-768x607.jpg 768w, http:\/\/www.amicalecaninedijon.net\/wordpress\/wp-content\/uploads\/2015\/02\/IMG_7240.jpg 1570w\" sizes=\"(max-width: 242px) 100vw, 242px\" \/><\/a><\/p>\n<hr>\n<p style=\"text-align: left;\">&nbsp;<\/p>\n<p style=\"text-align: left;\">&nbsp;<\/p>\n<p style=\"text-align: left;\">&nbsp;<\/p>\n<p style=\"text-align: left;\">&nbsp;<\/p>\n<p style=\"text-align: left;\"><strong>Merci \u00e0 Camille, B\u00e9atrice, Claude et Sarah pour avoir repr\u00e9sent\u00e9 la section ob\u00e9issance lors du challenge de l&rsquo;amiti\u00e9 2018 avec \u00e0 la cl\u00e9 une <\/strong><strong>5\u00e8me&nbsp;place au classement.<\/strong><\/p>\n<p style=\"text-align: left;\">&nbsp;<\/p>\n<ul>\n<li><span style=\"color: #ff6600;\"><strong><span style=\"color: #993300;\">Concours d&rsquo;ob\u00e9issance ADSC 2018 :&nbsp;<\/span>&nbsp;<\/strong><\/span><\/li>\n<\/ul>\n<p>Cliquez ici&nbsp;:&nbsp;<a href=\"https:\/\/photos.google.com\/album\/AF1QipPnhtX5R15evfWk00dcLiKSgFV62a4M1X5D9H0p\">Album photo<\/a><\/p>\n<figure id=\"attachment_3127\" aria-describedby=\"caption-attachment-3127\" style=\"width: 660px\" class=\"wp-caption alignnone\"><a href=\"http:\/\/www.amicalecaninedijon.net\/wordpress\/wp-content\/uploads\/2018\/06\/100_0884.jpg\"><img loading=\"lazy\" decoding=\"async\" class=\"size-large wp-image-3127\" src=\"http:\/\/www.amicalecaninedijon.net\/wordpress\/wp-content\/uploads\/2018\/06\/100_0884-1024x768.jpg\" alt=\"\" width=\"660\" height=\"495\" srcset=\"http:\/\/www.amicalecaninedijon.net\/wordpress\/wp-content\/uploads\/2018\/06\/100_0884-1024x768.jpg 1024w, http:\/\/www.amicalecaninedijon.net\/wordpress\/wp-content\/uploads\/2018\/06\/100_0884-300x225.jpg 300w, http:\/\/www.amicalecaninedijon.net\/wordpress\/wp-content\/uploads\/2018\/06\/100_0884-768x576.jpg 768w\" sizes=\"(max-width: 660px) 100vw, 660px\" \/><\/a><figcaption id=\"caption-attachment-3127\" class=\"wp-caption-text\">KODAK Digital Still Camera<\/figcaption><\/figure>\n<ul>\n<li><strong><span style=\"color: #993300;\">Challenge de l&rsquo;amiti\u00e9 le 10 Mai&nbsp;2018<a href=\"http:\/\/www.amicalecaninedijon.net\/wordpress\/wp-content\/uploads\/2015\/02\/IMG_7439.jpg\"><img loading=\"lazy\" decoding=\"async\" class=\"alignnone size-large wp-image-3119\" src=\"http:\/\/www.amicalecaninedijon.net\/wordpress\/wp-content\/uploads\/2015\/02\/IMG_7439-1024x683.jpg\" alt=\"\" width=\"660\" height=\"440\" srcset=\"http:\/\/www.amicalecaninedijon.net\/wordpress\/wp-content\/uploads\/2015\/02\/IMG_7439-1024x683.jpg 1024w, http:\/\/www.amicalecaninedijon.net\/wordpress\/wp-content\/uploads\/2015\/02\/IMG_7439-300x200.jpg 300w, http:\/\/www.amicalecaninedijon.net\/wordpress\/wp-content\/uploads\/2015\/02\/IMG_7439-768x512.jpg 768w\" sizes=\"(max-width: 660px) 100vw, 660px\" \/><\/a><\/span><\/strong><\/li>\n<\/ul>\n<ul>\n<li><strong><span style=\"color: #993300;\">Challenge de l&rsquo;amiti\u00e9 le 25 Mai 2017<\/span><\/strong><\/li>\n<\/ul>\n<p><a href=\"http:\/\/www.amicalecaninedijon.net\/wordpress\/wp-content\/uploads\/2017\/06\/Challenge.jpg\"><img loading=\"lazy\" decoding=\"async\" class=\"alignnone size-medium wp-image-2268\" src=\"http:\/\/www.amicalecaninedijon.net\/wordpress\/wp-content\/uploads\/2017\/06\/Challenge-300x225.jpg\" alt=\"\" width=\"300\" height=\"225\" srcset=\"http:\/\/www.amicalecaninedijon.net\/wordpress\/wp-content\/uploads\/2017\/06\/Challenge-300x225.jpg 300w, http:\/\/www.amicalecaninedijon.net\/wordpress\/wp-content\/uploads\/2017\/06\/Challenge-768x576.jpg 768w, http:\/\/www.amicalecaninedijon.net\/wordpress\/wp-content\/uploads\/2017\/06\/Challenge-1024x768.jpg 1024w\" sizes=\"(max-width: 300px) 100vw, 300px\" \/><\/a><span style=\"color: #0000ff;\"><strong>&nbsp; &nbsp; &nbsp; &nbsp; &nbsp; &nbsp; &nbsp; &nbsp; &nbsp; &nbsp; &nbsp; &nbsp; &nbsp; &nbsp; &nbsp; &nbsp; &nbsp; &nbsp; &nbsp; <\/strong><\/span><\/p>\n<p><span style=\"color: #993300;\"><strong><a style=\"color: #993300;\" href=\"https:\/\/photos.google.com\/share\/AF1QipPPUVIt3iy4tPhfpyDcw496tcjHA7JXMvAqTUfzPIVNXfLic9jtonSBXgFN3RJNcA?key=MDBlQmJTVngwS1pRdFYtRzUzUjkzM3VQamhmR3RB\">ALBUM PHOTOS CONCOURS OBEISSANCE ADSC 2017<\/a><\/strong><\/span><\/p>\n<ul>\n<li><span style=\"color: #0000ff;\"><strong>Un stage Ob\u00e9issance a eu lieu les 26-27 Novembre 2016 avec Marc MEUNIER&nbsp; <\/strong><\/span><\/li>\n<\/ul>\nngg_shortcode_0_placeholder\n","protected":false},"excerpt":{"rendered":"<p>MANIFESTATIONS PREVUES PAR NOTRE CLUB en 2026 &nbsp; Pass-agility le dimanche 15 f\u00e9vrier 2026&nbsp; Concours d\u2019ob\u00e9issance les 21 et 22 f\u00e9vrier 2026 avec Mr Paul BUSSER Concours d\u2019agility le dimanche 8 mars 2026 avec Mr Johann CANAL Assembl\u00e9e G\u00e9n\u00e9rale le mardi 17 mars 2026&nbsp; Journ\u00e9e d\u2019entretien le samedi 13 juin 2026&nbsp; suivi d&rsquo;un barbecue Fin &hellip; <a href=\"http:\/\/www.amicalecaninedijon.net\/wordpress\/le-club\/les-manifestations-concours-stages-evenements\/\" class=\"more-link\">Continuer la lecture de <span class=\"screen-reader-text\">Les manifestations, concours, stages, \u00e9v\u00e8nements<\/span><\/a><\/p>\n","protected":false},"author":2,"featured_media":2561,"parent":12,"menu_order":1,"comment_status":"closed","ping_status":"open","template":"","meta":{"ngg_post_thumbnail":0,"footnotes":""},"class_list":["post-27","page","type-page","status-publish","has-post-thumbnail","hentry"],"yoast_head":"<!-- This site is optimized with the Yoast SEO plugin v24.9 - https:\/\/yoast.com\/wordpress\/plugins\/seo\/ -->\n<title>Concours et stages canins bourgogne<\/title>\n<meta name=\"description\" content=\"Les concours et stages organis\u00e9s par le club dijonnais et ses partenaires d&#039;\u00e9ducation canine\" \/>\n<meta name=\"robots\" content=\"index, follow, max-snippet:-1, max-image-preview:large, max-video-preview:-1\" \/>\n<link rel=\"canonical\" href=\"http:\/\/www.amicalecaninedijon.net\/wordpress\/le-club\/les-manifestations-concours-stages-evenements\/\" \/>\n<meta property=\"og:locale\" content=\"fr_FR\" \/>\n<meta property=\"og:type\" content=\"article\" \/>\n<meta property=\"og:title\" content=\"Concours et stages canins bourgogne\" \/>\n<meta property=\"og:description\" content=\"Les concours et stages organis\u00e9s par le club dijonnais et ses partenaires d&#039;\u00e9ducation canine\" \/>\n<meta property=\"og:url\" content=\"http:\/\/www.amicalecaninedijon.net\/wordpress\/le-club\/les-manifestations-concours-stages-evenements\/\" \/>\n<meta property=\"og:site_name\" content=\"ADSC\" \/>\n<meta property=\"article:modified_time\" content=\"2026-01-23T16:16:51+00:00\" \/>\n<meta property=\"og:image\" content=\"http:\/\/www.amicalecaninedijon.net\/wordpress\/wp-content\/uploads\/2017\/10\/P1160487-1024x575.jpg\" \/>\n\t<meta property=\"og:image:width\" content=\"1024\" \/>\n\t<meta property=\"og:image:height\" content=\"575\" \/>\n\t<meta property=\"og:image:type\" content=\"image\/jpeg\" \/>\n<meta name=\"twitter:label1\" content=\"Dur\u00e9e de lecture estim\u00e9e\" \/>\n\t<meta name=\"twitter:data1\" content=\"3 minutes\" \/>\n<script type=\"application\/ld+json\" class=\"yoast-schema-graph\">{\"@context\":\"https:\/\/schema.org\",\"@graph\":[{\"@type\":\"WebPage\",\"@id\":\"http:\/\/www.amicalecaninedijon.net\/wordpress\/le-club\/les-manifestations-concours-stages-evenements\/\",\"url\":\"http:\/\/www.amicalecaninedijon.net\/wordpress\/le-club\/les-manifestations-concours-stages-evenements\/\",\"name\":\"Concours et stages canins bourgogne\",\"isPartOf\":{\"@id\":\"http:\/\/www.amicalecaninedijon.net\/wordpress\/#website\"},\"primaryImageOfPage\":{\"@id\":\"http:\/\/www.amicalecaninedijon.net\/wordpress\/le-club\/les-manifestations-concours-stages-evenements\/#primaryimage\"},\"image\":{\"@id\":\"http:\/\/www.amicalecaninedijon.net\/wordpress\/le-club\/les-manifestations-concours-stages-evenements\/#primaryimage\"},\"thumbnailUrl\":\"http:\/\/www.amicalecaninedijon.net\/wordpress\/wp-content\/uploads\/2017\/10\/P1160487.jpg\",\"datePublished\":\"2015-02-11T15:42:52+00:00\",\"dateModified\":\"2026-01-23T16:16:51+00:00\",\"description\":\"Les concours et stages organis\u00e9s par le club dijonnais et ses partenaires d'\u00e9ducation canine\",\"breadcrumb\":{\"@id\":\"http:\/\/www.amicalecaninedijon.net\/wordpress\/le-club\/les-manifestations-concours-stages-evenements\/#breadcrumb\"},\"inLanguage\":\"fr-FR\",\"potentialAction\":[{\"@type\":\"ReadAction\",\"target\":[\"http:\/\/www.amicalecaninedijon.net\/wordpress\/le-club\/les-manifestations-concours-stages-evenements\/\"]}]},{\"@type\":\"ImageObject\",\"inLanguage\":\"fr-FR\",\"@id\":\"http:\/\/www.amicalecaninedijon.net\/wordpress\/le-club\/les-manifestations-concours-stages-evenements\/#primaryimage\",\"url\":\"http:\/\/www.amicalecaninedijon.net\/wordpress\/wp-content\/uploads\/2017\/10\/P1160487.jpg\",\"contentUrl\":\"http:\/\/www.amicalecaninedijon.net\/wordpress\/wp-content\/uploads\/2017\/10\/P1160487.jpg\",\"width\":4000,\"height\":2248},{\"@type\":\"BreadcrumbList\",\"@id\":\"http:\/\/www.amicalecaninedijon.net\/wordpress\/le-club\/les-manifestations-concours-stages-evenements\/#breadcrumb\",\"itemListElement\":[{\"@type\":\"ListItem\",\"position\":1,\"name\":\"Accueil\",\"item\":\"http:\/\/www.amicalecaninedijon.net\/wordpress\/\"},{\"@type\":\"ListItem\",\"position\":2,\"name\":\"Le club\",\"item\":\"http:\/\/www.amicalecaninedijon.net\/wordpress\/le-club\/\"},{\"@type\":\"ListItem\",\"position\":3,\"name\":\"Les manifestations, concours, stages, \u00e9v\u00e8nements\"}]},{\"@type\":\"WebSite\",\"@id\":\"http:\/\/www.amicalecaninedijon.net\/wordpress\/#website\",\"url\":\"http:\/\/www.amicalecaninedijon.net\/wordpress\/\",\"name\":\"ADSC\",\"description\":\"AMICALE DIJONNAISE DES SPORTS CANINS\",\"potentialAction\":[{\"@type\":\"SearchAction\",\"target\":{\"@type\":\"EntryPoint\",\"urlTemplate\":\"http:\/\/www.amicalecaninedijon.net\/wordpress\/?s={search_term_string}\"},\"query-input\":{\"@type\":\"PropertyValueSpecification\",\"valueRequired\":true,\"valueName\":\"search_term_string\"}}],\"inLanguage\":\"fr-FR\"}]}<\/script>\n<!-- \/ Yoast SEO plugin. -->","yoast_head_json":{"title":"Concours et stages canins bourgogne","description":"Les concours et stages organis\u00e9s par le club dijonnais et ses partenaires d'\u00e9ducation canine","robots":{"index":"index","follow":"follow","max-snippet":"max-snippet:-1","max-image-preview":"max-image-preview:large","max-video-preview":"max-video-preview:-1"},"canonical":"http:\/\/www.amicalecaninedijon.net\/wordpress\/le-club\/les-manifestations-concours-stages-evenements\/","og_locale":"fr_FR","og_type":"article","og_title":"Concours et stages canins bourgogne","og_description":"Les concours et stages organis\u00e9s par le club dijonnais et ses partenaires d'\u00e9ducation canine","og_url":"http:\/\/www.amicalecaninedijon.net\/wordpress\/le-club\/les-manifestations-concours-stages-evenements\/","og_site_name":"ADSC","article_modified_time":"2026-01-23T16:16:51+00:00","og_image":[{"width":1024,"height":575,"url":"http:\/\/www.amicalecaninedijon.net\/wordpress\/wp-content\/uploads\/2017\/10\/P1160487-1024x575.jpg","type":"image\/jpeg"}],"twitter_misc":{"Dur\u00e9e de lecture estim\u00e9e":"3 minutes"},"schema":{"@context":"https:\/\/schema.org","@graph":[{"@type":"WebPage","@id":"http:\/\/www.amicalecaninedijon.net\/wordpress\/le-club\/les-manifestations-concours-stages-evenements\/","url":"http:\/\/www.amicalecaninedijon.net\/wordpress\/le-club\/les-manifestations-concours-stages-evenements\/","name":"Concours et stages canins bourgogne","isPartOf":{"@id":"http:\/\/www.amicalecaninedijon.net\/wordpress\/#website"},"primaryImageOfPage":{"@id":"http:\/\/www.amicalecaninedijon.net\/wordpress\/le-club\/les-manifestations-concours-stages-evenements\/#primaryimage"},"image":{"@id":"http:\/\/www.amicalecaninedijon.net\/wordpress\/le-club\/les-manifestations-concours-stages-evenements\/#primaryimage"},"thumbnailUrl":"http:\/\/www.amicalecaninedijon.net\/wordpress\/wp-content\/uploads\/2017\/10\/P1160487.jpg","datePublished":"2015-02-11T15:42:52+00:00","dateModified":"2026-01-23T16:16:51+00:00","description":"Les concours et stages organis\u00e9s par le club dijonnais et ses partenaires d'\u00e9ducation canine","breadcrumb":{"@id":"http:\/\/www.amicalecaninedijon.net\/wordpress\/le-club\/les-manifestations-concours-stages-evenements\/#breadcrumb"},"inLanguage":"fr-FR","potentialAction":[{"@type":"ReadAction","target":["http:\/\/www.amicalecaninedijon.net\/wordpress\/le-club\/les-manifestations-concours-stages-evenements\/"]}]},{"@type":"ImageObject","inLanguage":"fr-FR","@id":"http:\/\/www.amicalecaninedijon.net\/wordpress\/le-club\/les-manifestations-concours-stages-evenements\/#primaryimage","url":"http:\/\/www.amicalecaninedijon.net\/wordpress\/wp-content\/uploads\/2017\/10\/P1160487.jpg","contentUrl":"http:\/\/www.amicalecaninedijon.net\/wordpress\/wp-content\/uploads\/2017\/10\/P1160487.jpg","width":4000,"height":2248},{"@type":"BreadcrumbList","@id":"http:\/\/www.amicalecaninedijon.net\/wordpress\/le-club\/les-manifestations-concours-stages-evenements\/#breadcrumb","itemListElement":[{"@type":"ListItem","position":1,"name":"Accueil","item":"http:\/\/www.amicalecaninedijon.net\/wordpress\/"},{"@type":"ListItem","position":2,"name":"Le club","item":"http:\/\/www.amicalecaninedijon.net\/wordpress\/le-club\/"},{"@type":"ListItem","position":3,"name":"Les manifestations, concours, stages, \u00e9v\u00e8nements"}]},{"@type":"WebSite","@id":"http:\/\/www.amicalecaninedijon.net\/wordpress\/#website","url":"http:\/\/www.amicalecaninedijon.net\/wordpress\/","name":"ADSC","description":"AMICALE DIJONNAISE DES SPORTS CANINS","potentialAction":[{"@type":"SearchAction","target":{"@type":"EntryPoint","urlTemplate":"http:\/\/www.amicalecaninedijon.net\/wordpress\/?s={search_term_string}"},"query-input":{"@type":"PropertyValueSpecification","valueRequired":true,"valueName":"search_term_string"}}],"inLanguage":"fr-FR"}]}},"_links":{"self":[{"href":"http:\/\/www.amicalecaninedijon.net\/wordpress\/wp-json\/wp\/v2\/pages\/27"}],"collection":[{"href":"http:\/\/www.amicalecaninedijon.net\/wordpress\/wp-json\/wp\/v2\/pages"}],"about":[{"href":"http:\/\/www.amicalecaninedijon.net\/wordpress\/wp-json\/wp\/v2\/types\/page"}],"author":[{"embeddable":true,"href":"http:\/\/www.amicalecaninedijon.net\/wordpress\/wp-json\/wp\/v2\/users\/2"}],"replies":[{"embeddable":true,"href":"http:\/\/www.amicalecaninedijon.net\/wordpress\/wp-json\/wp\/v2\/comments?post=27"}],"version-history":[{"count":175,"href":"http:\/\/www.amicalecaninedijon.net\/wordpress\/wp-json\/wp\/v2\/pages\/27\/revisions"}],"predecessor-version":[{"id":5101,"href":"http:\/\/www.amicalecaninedijon.net\/wordpress\/wp-json\/wp\/v2\/pages\/27\/revisions\/5101"}],"up":[{"embeddable":true,"href":"http:\/\/www.amicalecaninedijon.net\/wordpress\/wp-json\/wp\/v2\/pages\/12"}],"wp:featuredmedia":[{"embeddable":true,"href":"http:\/\/www.amicalecaninedijon.net\/wordpress\/wp-json\/wp\/v2\/media\/2561"}],"wp:attachment":[{"href":"http:\/\/www.amicalecaninedijon.net\/wordpress\/wp-json\/wp\/v2\/media?parent=27"}],"curies":[{"name":"wp","href":"https:\/\/api.w.org\/{rel}","templated":true}]}}