{"id":350,"date":"2015-02-18T00:42:41","date_gmt":"2015-02-17T23:42:41","guid":{"rendered":"http:\/\/www.amicalecaninedijon.net\/wordpress\/?page_id=350"},"modified":"2023-08-12T16:20:57","modified_gmt":"2023-08-12T14:20:57","slug":"le-pistage-francais","status":"publish","type":"page","link":"http:\/\/www.amicalecaninedijon.net\/wordpress\/sports-canins-dijon\/le-pistage-francais\/","title":{"rendered":"Le pistage fran\u00e7ais"},"content":{"rendered":"<p><span style=\"color: #ff6600;\"><strong>Responsable : Yanick PAUPERT&nbsp; &nbsp;<\/strong><\/span><span style=\"color: #0000ff;\">pau.y@orange.fr<\/span><\/p>\n<p><span style=\"color: #800080;\">Horaires d&rsquo;entra\u00eenement et lieu : Mercredi : 8h30 \/11h30 Plateau de Corcelles &amp; Dimanche : 8h30 \/ 11h30 Plateau de Corcelles<\/span><\/p>\n<p><a href=\"http:\/\/www.amicalecaninedijon.net\/wordpress\/wp-content\/uploads\/2019\/02\/IMG_4807-1-e1550932639475.jpg\"><img loading=\"lazy\" decoding=\"async\" class=\"wp-image-3855 alignnone\" src=\"http:\/\/www.amicalecaninedijon.net\/wordpress\/wp-content\/uploads\/2019\/02\/IMG_4807-1-e1550932639475-768x1024.jpg\" alt=\"\" width=\"243\" height=\"324\" srcset=\"http:\/\/www.amicalecaninedijon.net\/wordpress\/wp-content\/uploads\/2019\/02\/IMG_4807-1-e1550932639475-768x1024.jpg 768w, http:\/\/www.amicalecaninedijon.net\/wordpress\/wp-content\/uploads\/2019\/02\/IMG_4807-1-e1550932639475-225x300.jpg 225w\" sizes=\"(max-width: 243px) 100vw, 243px\" \/><\/a><\/p>\n<hr>\n<p><strong><span style=\"color: #ff6600;\">Concours Pistage organis\u00e9 par l&rsquo;ADSC les 4-5\/11\/2023 :&nbsp;<\/span><br \/>\n<\/strong><\/p>\n<p><strong><span style=\"color: #0000ff;\"><a style=\"color: #0000ff;\" href=\"http:\/\/www.amicalecaninedijon.net\/wordpress\/wp-content\/uploads\/2023\/08\/lettre-dinvitation-modifi\u00e9e-concours-Pistage-du-4-et-5-novembre-2023.pdf\">lettre d&rsquo;invitation modifi\u00e9e concours Pistage du 4 et 5 novembre 2023<\/a> <\/span><\/strong><\/p>\n<p><strong><span style=\"color: #0000ff;\"><a style=\"color: #0000ff;\" href=\"http:\/\/www.amicalecaninedijon.net\/wordpress\/wp-content\/uploads\/2023\/08\/Feuille-dengagement-Pistage-du-4-et-5-novembre-2023.pdf\">Feuille d&rsquo;engagement Pistage du 4 et 5 novembre 2023<\/a><\/span><\/strong><\/p>\n<hr>\n<p>Le Pistage Fran\u00e7ais est une discipline sportive canine qui a pour but de mettre en valeur les qualit\u00e9s olfactives du chien.<\/p>\n<p style=\"text-align: justify;\"><span style=\"color: #ff6600;\"><strong>Le Pistage Fran\u00e7ais en quelques mots :<\/strong><\/span><\/p>\n<p style=\"text-align: justify;\">Le travail du chien consiste \u00e0 suivre une piste (un parcours pr\u00e9d\u00e9fini) comportant certaines difficult\u00e9s, o\u00f9 le chien doit trouver un ou plusieurs objets, le(s) rapporter \u00e0 son ma\u00eetre, s\u2019asseoir devant lui objet en gueule ou marquer l\u2019objet en se couchant devant.<\/p>\n<p style=\"text-align: justify;\"><span style=\"color: #ff6600;\"><strong>Comment le chien fait pour suivre une piste :<\/strong><\/span><\/p>\n<p style=\"text-align: justify;\"><a href=\"http:\/\/www.amicalecaninedijon.net\/wordpress\/wp-content\/uploads\/2019\/02\/IMG_4799-e1550931514831.jpg\"><img loading=\"lazy\" decoding=\"async\" class=\"wp-image-3832 alignleft\" src=\"http:\/\/www.amicalecaninedijon.net\/wordpress\/wp-content\/uploads\/2019\/02\/IMG_4799-e1550931514831-768x1024.jpg\" alt=\"\" width=\"359\" height=\"478\"><\/a>Il suit une odeur, l\u2019odeur laiss\u00e9e par le traceur (personne qui fait la piste), car toute personne, lorsqu\u2019elle marche, d\u00e9pose d\u2019infimes mol\u00e9cules olfactives que le chien peut sentir. La prise d\u2019odeur se fait aux piquets de d\u00e9part de la piste.<\/p>\n<p style=\"text-align: justify;\">L\u2019apprentissage peut commencer d\u00e8s 2 mois, plus le chien travaille t\u00f4t mieux c\u2019est, car il prendra de plus en plus d\u2019exp\u00e9rience. D\u00e8s qu\u2019il aura obtenu son CSAU (au plus t\u00f4t \u00e0 l\u2019\u00e2ge d\u2019un an) le chien pourra faire de la comp\u00e9tition. Toutes les races de chiens poss\u00e8dent des qualit\u00e9s olfactives, mais \u00e0 des degr\u00e9s divers (le doberman ou le berger allemand ayant par exemple plus de cellules qu\u2019un boxer).<\/p>\n<p style=\"text-align: justify;\"><span style=\"color: #ff6600;\"><strong>Les qualit\u00e9s :<\/strong><\/span><\/p>\n<p style=\"text-align: justify;\"><a href=\"http:\/\/www.amicalecaninedijon.net\/wordpress\/wp-content\/uploads\/2019\/02\/IMG_4789-e1550931401707.jpg\"><img loading=\"lazy\" decoding=\"async\" class=\"wp-image-3828 alignright\" src=\"http:\/\/www.amicalecaninedijon.net\/wordpress\/wp-content\/uploads\/2019\/02\/IMG_4789-e1550931401707-768x1024.jpg\" alt=\"\" width=\"330\" height=\"440\" srcset=\"http:\/\/www.amicalecaninedijon.net\/wordpress\/wp-content\/uploads\/2019\/02\/IMG_4789-e1550931401707-768x1024.jpg 768w, http:\/\/www.amicalecaninedijon.net\/wordpress\/wp-content\/uploads\/2019\/02\/IMG_4789-e1550931401707-225x300.jpg 225w\" sizes=\"(max-width: 330px) 100vw, 330px\" \/><\/a>Pour le ma\u00eetre : patience et sagesse, car le travail du chien doit se faire sans contrainte et il doit \u00eatre progressif! Pour le chien : avoir du nez bien s\u00fbr! Mais aussi de l\u2019initiative et surtout l\u2019envie. Envie de travailler pour se faire plaisir (car la motivation est tr\u00e8s importante) et de faire plaisir \u00e0 son ma\u00eetre.<br \/>\nLe Pistage Fran\u00e7ais est un jeu et une grande complicit\u00e9 entre chien et ma\u00eetre. Discipline m\u00e9connue qui pourtant demande autant de travail que d\u2019autres activit\u00e9s canines, le pistage est un grand moment de partage entre le ma\u00eetre et le chien, un moment de complicit\u00e9 silencieux dans le petit matin glacial\u2026<\/p>\n<p style=\"text-align: justify;\"><span style=\"color: #ff6600;\"><strong>Il existe deux grandes cat\u00e9gories de difficult\u00e9s diff\u00e9rentes :<\/strong><\/span><\/p>\n<p style=\"text-align: justify;\">Le pistage libre : le chien r\u00e9alise un parcours seul, non accompagn\u00e9 de son conducteur, il doit pister seul pour retrouver un objet situ\u00e9 au bout de la piste et le ramener \u00e0 son ma\u00eetre.<\/p>\n<p style=\"text-align: justify;\">Le trait limier : Le chien r\u00e9alise un parcours suivi de son conducteur \u00e0 l&rsquo;aide d&rsquo;une longe de 10m. Il doit retrouver plusieurs objets et d\u00e9couvrir le traceur.<\/p>\n<p><img loading=\"lazy\" decoding=\"async\" class=\"wp-image-3834 alignleft\" src=\"http:\/\/www.amicalecaninedijon.net\/wordpress\/wp-content\/uploads\/2019\/02\/IMG_4802-e1550931479905-768x1024.jpg\" alt=\"\" width=\"280\" height=\"373\" srcset=\"http:\/\/www.amicalecaninedijon.net\/wordpress\/wp-content\/uploads\/2019\/02\/IMG_4802-e1550931479905-768x1024.jpg 768w, http:\/\/www.amicalecaninedijon.net\/wordpress\/wp-content\/uploads\/2019\/02\/IMG_4802-e1550931479905-225x300.jpg 225w\" sizes=\"(max-width: 280px) 100vw, 280px\" \/>&nbsp;&nbsp;<a href=\"http:\/\/www.amicalecaninedijon.net\/wordpress\/wp-content\/uploads\/2019\/02\/IMG_4801-e1550931498659.jpg\"><img loading=\"lazy\" decoding=\"async\" class=\"wp-image-3833 alignleft\" src=\"http:\/\/www.amicalecaninedijon.net\/wordpress\/wp-content\/uploads\/2019\/02\/IMG_4801-e1550931498659-768x1024.jpg\" alt=\"\" width=\"286\" height=\"382\"><\/a>&nbsp;<a href=\"http:\/\/www.amicalecaninedijon.net\/wordpress\/wp-content\/uploads\/2019\/02\/IMG_4795-e1550931543918.jpg\"><img loading=\"lazy\" decoding=\"async\" class=\"wp-image-3830 alignleft\" src=\"http:\/\/www.amicalecaninedijon.net\/wordpress\/wp-content\/uploads\/2019\/02\/IMG_4795-e1550931543918-768x1024.jpg\" alt=\"\" width=\"262\" height=\"350\" srcset=\"http:\/\/www.amicalecaninedijon.net\/wordpress\/wp-content\/uploads\/2019\/02\/IMG_4795-e1550931543918-768x1024.jpg 768w, http:\/\/www.amicalecaninedijon.net\/wordpress\/wp-content\/uploads\/2019\/02\/IMG_4795-e1550931543918-225x300.jpg 225w\" sizes=\"(max-width: 262px) 100vw, 262px\" \/><\/a><a href=\"http:\/\/www.amicalecaninedijon.net\/wordpress\/wp-content\/uploads\/2019\/02\/IMG_4790.jpg\"><img loading=\"lazy\" decoding=\"async\" class=\"alignnone wp-image-3831\" src=\"http:\/\/www.amicalecaninedijon.net\/wordpress\/wp-content\/uploads\/2019\/02\/IMG_4796-e1550931530178-768x1024.jpg\" alt=\"\" width=\"305\" height=\"407\" srcset=\"http:\/\/www.amicalecaninedijon.net\/wordpress\/wp-content\/uploads\/2019\/02\/IMG_4796-e1550931530178-768x1024.jpg 768w, http:\/\/www.amicalecaninedijon.net\/wordpress\/wp-content\/uploads\/2019\/02\/IMG_4796-e1550931530178-225x300.jpg 225w\" sizes=\"(max-width: 305px) 100vw, 305px\" \/><img loading=\"lazy\" decoding=\"async\" class=\"alignnone wp-image-3829\" src=\"http:\/\/www.amicalecaninedijon.net\/wordpress\/wp-content\/uploads\/2019\/02\/IMG_4790-1024x768.jpg\" alt=\"\" width=\"359\" height=\"269\" srcset=\"http:\/\/www.amicalecaninedijon.net\/wordpress\/wp-content\/uploads\/2019\/02\/IMG_4790-1024x768.jpg 1024w, http:\/\/www.amicalecaninedijon.net\/wordpress\/wp-content\/uploads\/2019\/02\/IMG_4790-300x225.jpg 300w, http:\/\/www.amicalecaninedijon.net\/wordpress\/wp-content\/uploads\/2019\/02\/IMG_4790-768x576.jpg 768w\" sizes=\"(max-width: 359px) 100vw, 359px\" \/><\/a><\/p>\n","protected":false},"excerpt":{"rendered":"<p>Responsable : Yanick PAUPERT&nbsp; &nbsp;pau.y@orange.fr Horaires d&rsquo;entra\u00eenement et lieu : Mercredi : 8h30 \/11h30 Plateau de Corcelles &amp; Dimanche : 8h30 \/ 11h30 Plateau de Corcelles Concours Pistage organis\u00e9 par l&rsquo;ADSC les 4-5\/11\/2023 :&nbsp; lettre d&rsquo;invitation modifi\u00e9e concours Pistage du 4 et 5 novembre 2023 Feuille d&rsquo;engagement Pistage du 4 et 5 novembre 2023 Le &hellip; <a href=\"http:\/\/www.amicalecaninedijon.net\/wordpress\/sports-canins-dijon\/le-pistage-francais\/\" class=\"more-link\">Continuer la lecture de <span class=\"screen-reader-text\">Le pistage fran\u00e7ais<\/span><\/a><\/p>\n","protected":false},"author":2,"featured_media":352,"parent":24,"menu_order":2,"comment_status":"closed","ping_status":"open","template":"","meta":{"ngg_post_thumbnail":0,"footnotes":""},"class_list":["post-350","page","type-page","status-publish","has-post-thumbnail","hentry"],"yoast_head":"<!-- This site is optimized with the Yoast SEO plugin v24.9 - https:\/\/yoast.com\/wordpress\/plugins\/seo\/ -->\n<title>Pistage fran\u00e7ais<\/title>\n<meta name=\"description\" content=\"Le Pistage Fran\u00e7ais est une discipline sportive canine qui a pour but de mettre en valeur les qualit\u00e9s olfactives du chien.\" \/>\n<meta name=\"robots\" content=\"index, follow, max-snippet:-1, max-image-preview:large, max-video-preview:-1\" \/>\n<link rel=\"canonical\" href=\"http:\/\/www.amicalecaninedijon.net\/wordpress\/sports-canins-dijon\/le-pistage-francais\/\" \/>\n<meta property=\"og:locale\" content=\"fr_FR\" \/>\n<meta property=\"og:type\" content=\"article\" \/>\n<meta property=\"og:title\" content=\"Pistage fran\u00e7ais\" \/>\n<meta property=\"og:description\" content=\"Le Pistage Fran\u00e7ais est une discipline sportive canine qui a pour but de mettre en valeur les qualit\u00e9s olfactives du chien.\" \/>\n<meta property=\"og:url\" content=\"http:\/\/www.amicalecaninedijon.net\/wordpress\/sports-canins-dijon\/le-pistage-francais\/\" \/>\n<meta property=\"og:site_name\" content=\"ADSC\" \/>\n<meta property=\"article:modified_time\" content=\"2023-08-12T14:20:57+00:00\" \/>\n<meta property=\"og:image\" content=\"http:\/\/www.amicalecaninedijon.net\/wordpress\/wp-content\/uploads\/2015\/02\/P23.jpg\" \/>\n\t<meta property=\"og:image:width\" content=\"775\" \/>\n\t<meta property=\"og:image:height\" content=\"489\" \/>\n\t<meta property=\"og:image:type\" content=\"image\/jpeg\" \/>\n<meta name=\"twitter:label1\" content=\"Dur\u00e9e de lecture estim\u00e9e\" \/>\n\t<meta name=\"twitter:data1\" content=\"2 minutes\" \/>\n<script type=\"application\/ld+json\" class=\"yoast-schema-graph\">{\"@context\":\"https:\/\/schema.org\",\"@graph\":[{\"@type\":\"WebPage\",\"@id\":\"http:\/\/www.amicalecaninedijon.net\/wordpress\/sports-canins-dijon\/le-pistage-francais\/\",\"url\":\"http:\/\/www.amicalecaninedijon.net\/wordpress\/sports-canins-dijon\/le-pistage-francais\/\",\"name\":\"Pistage fran\u00e7ais\",\"isPartOf\":{\"@id\":\"http:\/\/www.amicalecaninedijon.net\/wordpress\/#website\"},\"primaryImageOfPage\":{\"@id\":\"http:\/\/www.amicalecaninedijon.net\/wordpress\/sports-canins-dijon\/le-pistage-francais\/#primaryimage\"},\"image\":{\"@id\":\"http:\/\/www.amicalecaninedijon.net\/wordpress\/sports-canins-dijon\/le-pistage-francais\/#primaryimage\"},\"thumbnailUrl\":\"http:\/\/www.amicalecaninedijon.net\/wordpress\/wp-content\/uploads\/2015\/02\/P23.jpg\",\"datePublished\":\"2015-02-17T23:42:41+00:00\",\"dateModified\":\"2023-08-12T14:20:57+00:00\",\"description\":\"Le Pistage Fran\u00e7ais est une discipline sportive canine qui a pour but de mettre en valeur les qualit\u00e9s olfactives du chien.\",\"breadcrumb\":{\"@id\":\"http:\/\/www.amicalecaninedijon.net\/wordpress\/sports-canins-dijon\/le-pistage-francais\/#breadcrumb\"},\"inLanguage\":\"fr-FR\",\"potentialAction\":[{\"@type\":\"ReadAction\",\"target\":[\"http:\/\/www.amicalecaninedijon.net\/wordpress\/sports-canins-dijon\/le-pistage-francais\/\"]}]},{\"@type\":\"ImageObject\",\"inLanguage\":\"fr-FR\",\"@id\":\"http:\/\/www.amicalecaninedijon.net\/wordpress\/sports-canins-dijon\/le-pistage-francais\/#primaryimage\",\"url\":\"http:\/\/www.amicalecaninedijon.net\/wordpress\/wp-content\/uploads\/2015\/02\/P23.jpg\",\"contentUrl\":\"http:\/\/www.amicalecaninedijon.net\/wordpress\/wp-content\/uploads\/2015\/02\/P23.jpg\",\"width\":775,\"height\":489,\"caption\":\"pistage\"},{\"@type\":\"BreadcrumbList\",\"@id\":\"http:\/\/www.amicalecaninedijon.net\/wordpress\/sports-canins-dijon\/le-pistage-francais\/#breadcrumb\",\"itemListElement\":[{\"@type\":\"ListItem\",\"position\":1,\"name\":\"Accueil\",\"item\":\"http:\/\/www.amicalecaninedijon.net\/wordpress\/\"},{\"@type\":\"ListItem\",\"position\":2,\"name\":\"Les sports canins\",\"item\":\"http:\/\/www.amicalecaninedijon.net\/wordpress\/sports-canins-dijon\/\"},{\"@type\":\"ListItem\",\"position\":3,\"name\":\"Le pistage fran\u00e7ais\"}]},{\"@type\":\"WebSite\",\"@id\":\"http:\/\/www.amicalecaninedijon.net\/wordpress\/#website\",\"url\":\"http:\/\/www.amicalecaninedijon.net\/wordpress\/\",\"name\":\"ADSC\",\"description\":\"AMICALE DIJONNAISE DES SPORTS CANINS\",\"potentialAction\":[{\"@type\":\"SearchAction\",\"target\":{\"@type\":\"EntryPoint\",\"urlTemplate\":\"http:\/\/www.amicalecaninedijon.net\/wordpress\/?s={search_term_string}\"},\"query-input\":{\"@type\":\"PropertyValueSpecification\",\"valueRequired\":true,\"valueName\":\"search_term_string\"}}],\"inLanguage\":\"fr-FR\"}]}<\/script>\n<!-- \/ Yoast SEO plugin. -->","yoast_head_json":{"title":"Pistage fran\u00e7ais","description":"Le Pistage Fran\u00e7ais est une discipline sportive canine qui a pour but de mettre en valeur les qualit\u00e9s olfactives du chien.","robots":{"index":"index","follow":"follow","max-snippet":"max-snippet:-1","max-image-preview":"max-image-preview:large","max-video-preview":"max-video-preview:-1"},"canonical":"http:\/\/www.amicalecaninedijon.net\/wordpress\/sports-canins-dijon\/le-pistage-francais\/","og_locale":"fr_FR","og_type":"article","og_title":"Pistage fran\u00e7ais","og_description":"Le Pistage Fran\u00e7ais est une discipline sportive canine qui a pour but de mettre en valeur les qualit\u00e9s olfactives du chien.","og_url":"http:\/\/www.amicalecaninedijon.net\/wordpress\/sports-canins-dijon\/le-pistage-francais\/","og_site_name":"ADSC","article_modified_time":"2023-08-12T14:20:57+00:00","og_image":[{"width":775,"height":489,"url":"http:\/\/www.amicalecaninedijon.net\/wordpress\/wp-content\/uploads\/2015\/02\/P23.jpg","type":"image\/jpeg"}],"twitter_misc":{"Dur\u00e9e de lecture estim\u00e9e":"2 minutes"},"schema":{"@context":"https:\/\/schema.org","@graph":[{"@type":"WebPage","@id":"http:\/\/www.amicalecaninedijon.net\/wordpress\/sports-canins-dijon\/le-pistage-francais\/","url":"http:\/\/www.amicalecaninedijon.net\/wordpress\/sports-canins-dijon\/le-pistage-francais\/","name":"Pistage fran\u00e7ais","isPartOf":{"@id":"http:\/\/www.amicalecaninedijon.net\/wordpress\/#website"},"primaryImageOfPage":{"@id":"http:\/\/www.amicalecaninedijon.net\/wordpress\/sports-canins-dijon\/le-pistage-francais\/#primaryimage"},"image":{"@id":"http:\/\/www.amicalecaninedijon.net\/wordpress\/sports-canins-dijon\/le-pistage-francais\/#primaryimage"},"thumbnailUrl":"http:\/\/www.amicalecaninedijon.net\/wordpress\/wp-content\/uploads\/2015\/02\/P23.jpg","datePublished":"2015-02-17T23:42:41+00:00","dateModified":"2023-08-12T14:20:57+00:00","description":"Le Pistage Fran\u00e7ais est une discipline sportive canine qui a pour but de mettre en valeur les qualit\u00e9s olfactives du chien.","breadcrumb":{"@id":"http:\/\/www.amicalecaninedijon.net\/wordpress\/sports-canins-dijon\/le-pistage-francais\/#breadcrumb"},"inLanguage":"fr-FR","potentialAction":[{"@type":"ReadAction","target":["http:\/\/www.amicalecaninedijon.net\/wordpress\/sports-canins-dijon\/le-pistage-francais\/"]}]},{"@type":"ImageObject","inLanguage":"fr-FR","@id":"http:\/\/www.amicalecaninedijon.net\/wordpress\/sports-canins-dijon\/le-pistage-francais\/#primaryimage","url":"http:\/\/www.amicalecaninedijon.net\/wordpress\/wp-content\/uploads\/2015\/02\/P23.jpg","contentUrl":"http:\/\/www.amicalecaninedijon.net\/wordpress\/wp-content\/uploads\/2015\/02\/P23.jpg","width":775,"height":489,"caption":"pistage"},{"@type":"BreadcrumbList","@id":"http:\/\/www.amicalecaninedijon.net\/wordpress\/sports-canins-dijon\/le-pistage-francais\/#breadcrumb","itemListElement":[{"@type":"ListItem","position":1,"name":"Accueil","item":"http:\/\/www.amicalecaninedijon.net\/wordpress\/"},{"@type":"ListItem","position":2,"name":"Les sports canins","item":"http:\/\/www.amicalecaninedijon.net\/wordpress\/sports-canins-dijon\/"},{"@type":"ListItem","position":3,"name":"Le pistage fran\u00e7ais"}]},{"@type":"WebSite","@id":"http:\/\/www.amicalecaninedijon.net\/wordpress\/#website","url":"http:\/\/www.amicalecaninedijon.net\/wordpress\/","name":"ADSC","description":"AMICALE DIJONNAISE DES SPORTS CANINS","potentialAction":[{"@type":"SearchAction","target":{"@type":"EntryPoint","urlTemplate":"http:\/\/www.amicalecaninedijon.net\/wordpress\/?s={search_term_string}"},"query-input":{"@type":"PropertyValueSpecification","valueRequired":true,"valueName":"search_term_string"}}],"inLanguage":"fr-FR"}]}},"_links":{"self":[{"href":"http:\/\/www.amicalecaninedijon.net\/wordpress\/wp-json\/wp\/v2\/pages\/350"}],"collection":[{"href":"http:\/\/www.amicalecaninedijon.net\/wordpress\/wp-json\/wp\/v2\/pages"}],"about":[{"href":"http:\/\/www.amicalecaninedijon.net\/wordpress\/wp-json\/wp\/v2\/types\/page"}],"author":[{"embeddable":true,"href":"http:\/\/www.amicalecaninedijon.net\/wordpress\/wp-json\/wp\/v2\/users\/2"}],"replies":[{"embeddable":true,"href":"http:\/\/www.amicalecaninedijon.net\/wordpress\/wp-json\/wp\/v2\/comments?post=350"}],"version-history":[{"count":42,"href":"http:\/\/www.amicalecaninedijon.net\/wordpress\/wp-json\/wp\/v2\/pages\/350\/revisions"}],"predecessor-version":[{"id":4828,"href":"http:\/\/www.amicalecaninedijon.net\/wordpress\/wp-json\/wp\/v2\/pages\/350\/revisions\/4828"}],"up":[{"embeddable":true,"href":"http:\/\/www.amicalecaninedijon.net\/wordpress\/wp-json\/wp\/v2\/pages\/24"}],"wp:featuredmedia":[{"embeddable":true,"href":"http:\/\/www.amicalecaninedijon.net\/wordpress\/wp-json\/wp\/v2\/media\/352"}],"wp:attachment":[{"href":"http:\/\/www.amicalecaninedijon.net\/wordpress\/wp-json\/wp\/v2\/media?parent=350"}],"curies":[{"name":"wp","href":"https:\/\/api.w.org\/{rel}","templated":true}]}}