{"id":3945,"date":"2019-05-22T17:06:00","date_gmt":"2019-05-22T15:06:00","guid":{"rendered":"http:\/\/www.amicalecaninedijon.net\/wordpress\/?page_id=3945"},"modified":"2019-10-20T19:32:42","modified_gmt":"2019-10-20T17:32:42","slug":"resultats-section-pistage","status":"publish","type":"page","link":"http:\/\/www.amicalecaninedijon.net\/wordpress\/le-club\/resultats-section-pistage\/","title":{"rendered":"Les r\u00e9sultats section Pistage"},"content":{"rendered":"<p><span style=\"color: #008000;\"><strong>Yannick a obtenu son deuxi\u00e8me double excellent en 1. <\/strong><\/span><span style=\"color: #008000;\"><strong>Manu a obtenu son brevet et a fait un double excellent en 1. Bravo \u00e0 eux !<\/strong><\/span><\/p>\n<p><a href=\"http:\/\/www.amicalecaninedijon.net\/wordpress\/wp-content\/uploads\/2019\/10\/r\u00e9sultats-oct-19.png\"><img loading=\"lazy\" decoding=\"async\" class=\"alignnone size-full wp-image-4047\" src=\"http:\/\/www.amicalecaninedijon.net\/wordpress\/wp-content\/uploads\/2019\/10\/r\u00e9sultats-oct-19.png\" alt=\"\" width=\"551\" height=\"274\" srcset=\"http:\/\/www.amicalecaninedijon.net\/wordpress\/wp-content\/uploads\/2019\/10\/r\u00e9sultats-oct-19.png 551w, http:\/\/www.amicalecaninedijon.net\/wordpress\/wp-content\/uploads\/2019\/10\/r\u00e9sultats-oct-19-300x149.png 300w\" sizes=\"(max-width: 551px) 100vw, 551px\" \/><\/a><\/p>\n<p><a href=\"http:\/\/www.amicalecaninedijon.net\/wordpress\/wp-content\/uploads\/2019\/05\/R\u00e9sultats-concours.png\"><img loading=\"lazy\" decoding=\"async\" class=\"alignnone size-full wp-image-3942\" src=\"http:\/\/www.amicalecaninedijon.net\/wordpress\/wp-content\/uploads\/2019\/05\/R\u00e9sultats-concours.png\" alt=\"\" width=\"603\" height=\"343\" srcset=\"http:\/\/www.amicalecaninedijon.net\/wordpress\/wp-content\/uploads\/2019\/05\/R\u00e9sultats-concours.png 603w, http:\/\/www.amicalecaninedijon.net\/wordpress\/wp-content\/uploads\/2019\/05\/R\u00e9sultats-concours-300x171.png 300w\" sizes=\"(max-width: 603px) 100vw, 603px\" \/><\/a><\/p>\n","protected":false},"excerpt":{"rendered":"<p>Yannick a obtenu son deuxi\u00e8me double excellent en 1. Manu a obtenu son brevet et a fait un double excellent en 1. Bravo \u00e0 eux !<\/p>\n","protected":false},"author":2,"featured_media":0,"parent":12,"menu_order":7,"comment_status":"closed","ping_status":"closed","template":"","meta":{"ngg_post_thumbnail":0,"footnotes":""},"class_list":["post-3945","page","type-page","status-publish","hentry"],"yoast_head":"<!-- This site is optimized with the Yoast SEO plugin v24.9 - https:\/\/yoast.com\/wordpress\/plugins\/seo\/ -->\n<title>Les r\u00e9sultats section Pistage - ADSC<\/title>\n<meta name=\"robots\" content=\"index, follow, max-snippet:-1, max-image-preview:large, max-video-preview:-1\" \/>\n<link rel=\"canonical\" href=\"http:\/\/www.amicalecaninedijon.net\/wordpress\/le-club\/resultats-section-pistage\/\" \/>\n<meta property=\"og:locale\" content=\"fr_FR\" \/>\n<meta property=\"og:type\" content=\"article\" \/>\n<meta property=\"og:title\" content=\"Les r\u00e9sultats section Pistage - ADSC\" \/>\n<meta property=\"og:description\" content=\"Yannick a obtenu son deuxi\u00e8me double excellent en 1. Manu a obtenu son brevet et a fait un double excellent en 1. Bravo \u00e0 eux !\" \/>\n<meta property=\"og:url\" content=\"http:\/\/www.amicalecaninedijon.net\/wordpress\/le-club\/resultats-section-pistage\/\" \/>\n<meta property=\"og:site_name\" content=\"ADSC\" \/>\n<meta property=\"article:modified_time\" content=\"2019-10-20T17:32:42+00:00\" \/>\n<script type=\"application\/ld+json\" class=\"yoast-schema-graph\">{\"@context\":\"https:\/\/schema.org\",\"@graph\":[{\"@type\":\"WebPage\",\"@id\":\"http:\/\/www.amicalecaninedijon.net\/wordpress\/le-club\/resultats-section-pistage\/\",\"url\":\"http:\/\/www.amicalecaninedijon.net\/wordpress\/le-club\/resultats-section-pistage\/\",\"name\":\"Les r\u00e9sultats section Pistage - ADSC\",\"isPartOf\":{\"@id\":\"http:\/\/www.amicalecaninedijon.net\/wordpress\/#website\"},\"datePublished\":\"2019-05-22T15:06:00+00:00\",\"dateModified\":\"2019-10-20T17:32:42+00:00\",\"breadcrumb\":{\"@id\":\"http:\/\/www.amicalecaninedijon.net\/wordpress\/le-club\/resultats-section-pistage\/#breadcrumb\"},\"inLanguage\":\"fr-FR\",\"potentialAction\":[{\"@type\":\"ReadAction\",\"target\":[\"http:\/\/www.amicalecaninedijon.net\/wordpress\/le-club\/resultats-section-pistage\/\"]}]},{\"@type\":\"BreadcrumbList\",\"@id\":\"http:\/\/www.amicalecaninedijon.net\/wordpress\/le-club\/resultats-section-pistage\/#breadcrumb\",\"itemListElement\":[{\"@type\":\"ListItem\",\"position\":1,\"name\":\"Accueil\",\"item\":\"http:\/\/www.amicalecaninedijon.net\/wordpress\/\"},{\"@type\":\"ListItem\",\"position\":2,\"name\":\"Le club\",\"item\":\"http:\/\/www.amicalecaninedijon.net\/wordpress\/le-club\/\"},{\"@type\":\"ListItem\",\"position\":3,\"name\":\"Les r\u00e9sultats section Pistage\"}]},{\"@type\":\"WebSite\",\"@id\":\"http:\/\/www.amicalecaninedijon.net\/wordpress\/#website\",\"url\":\"http:\/\/www.amicalecaninedijon.net\/wordpress\/\",\"name\":\"ADSC\",\"description\":\"AMICALE DIJONNAISE DES SPORTS CANINS\",\"potentialAction\":[{\"@type\":\"SearchAction\",\"target\":{\"@type\":\"EntryPoint\",\"urlTemplate\":\"http:\/\/www.amicalecaninedijon.net\/wordpress\/?s={search_term_string}\"},\"query-input\":{\"@type\":\"PropertyValueSpecification\",\"valueRequired\":true,\"valueName\":\"search_term_string\"}}],\"inLanguage\":\"fr-FR\"}]}<\/script>\n<!-- \/ Yoast SEO plugin. -->","yoast_head_json":{"title":"Les r\u00e9sultats section Pistage - ADSC","robots":{"index":"index","follow":"follow","max-snippet":"max-snippet:-1","max-image-preview":"max-image-preview:large","max-video-preview":"max-video-preview:-1"},"canonical":"http:\/\/www.amicalecaninedijon.net\/wordpress\/le-club\/resultats-section-pistage\/","og_locale":"fr_FR","og_type":"article","og_title":"Les r\u00e9sultats section Pistage - ADSC","og_description":"Yannick a obtenu son deuxi\u00e8me double excellent en 1. Manu a obtenu son brevet et a fait un double excellent en 1. Bravo \u00e0 eux !","og_url":"http:\/\/www.amicalecaninedijon.net\/wordpress\/le-club\/resultats-section-pistage\/","og_site_name":"ADSC","article_modified_time":"2019-10-20T17:32:42+00:00","schema":{"@context":"https:\/\/schema.org","@graph":[{"@type":"WebPage","@id":"http:\/\/www.amicalecaninedijon.net\/wordpress\/le-club\/resultats-section-pistage\/","url":"http:\/\/www.amicalecaninedijon.net\/wordpress\/le-club\/resultats-section-pistage\/","name":"Les r\u00e9sultats section Pistage - ADSC","isPartOf":{"@id":"http:\/\/www.amicalecaninedijon.net\/wordpress\/#website"},"datePublished":"2019-05-22T15:06:00+00:00","dateModified":"2019-10-20T17:32:42+00:00","breadcrumb":{"@id":"http:\/\/www.amicalecaninedijon.net\/wordpress\/le-club\/resultats-section-pistage\/#breadcrumb"},"inLanguage":"fr-FR","potentialAction":[{"@type":"ReadAction","target":["http:\/\/www.amicalecaninedijon.net\/wordpress\/le-club\/resultats-section-pistage\/"]}]},{"@type":"BreadcrumbList","@id":"http:\/\/www.amicalecaninedijon.net\/wordpress\/le-club\/resultats-section-pistage\/#breadcrumb","itemListElement":[{"@type":"ListItem","position":1,"name":"Accueil","item":"http:\/\/www.amicalecaninedijon.net\/wordpress\/"},{"@type":"ListItem","position":2,"name":"Le club","item":"http:\/\/www.amicalecaninedijon.net\/wordpress\/le-club\/"},{"@type":"ListItem","position":3,"name":"Les r\u00e9sultats section Pistage"}]},{"@type":"WebSite","@id":"http:\/\/www.amicalecaninedijon.net\/wordpress\/#website","url":"http:\/\/www.amicalecaninedijon.net\/wordpress\/","name":"ADSC","description":"AMICALE DIJONNAISE DES SPORTS CANINS","potentialAction":[{"@type":"SearchAction","target":{"@type":"EntryPoint","urlTemplate":"http:\/\/www.amicalecaninedijon.net\/wordpress\/?s={search_term_string}"},"query-input":{"@type":"PropertyValueSpecification","valueRequired":true,"valueName":"search_term_string"}}],"inLanguage":"fr-FR"}]}},"_links":{"self":[{"href":"http:\/\/www.amicalecaninedijon.net\/wordpress\/wp-json\/wp\/v2\/pages\/3945"}],"collection":[{"href":"http:\/\/www.amicalecaninedijon.net\/wordpress\/wp-json\/wp\/v2\/pages"}],"about":[{"href":"http:\/\/www.amicalecaninedijon.net\/wordpress\/wp-json\/wp\/v2\/types\/page"}],"author":[{"embeddable":true,"href":"http:\/\/www.amicalecaninedijon.net\/wordpress\/wp-json\/wp\/v2\/users\/2"}],"replies":[{"embeddable":true,"href":"http:\/\/www.amicalecaninedijon.net\/wordpress\/wp-json\/wp\/v2\/comments?post=3945"}],"version-history":[{"count":4,"href":"http:\/\/www.amicalecaninedijon.net\/wordpress\/wp-json\/wp\/v2\/pages\/3945\/revisions"}],"predecessor-version":[{"id":4049,"href":"http:\/\/www.amicalecaninedijon.net\/wordpress\/wp-json\/wp\/v2\/pages\/3945\/revisions\/4049"}],"up":[{"embeddable":true,"href":"http:\/\/www.amicalecaninedijon.net\/wordpress\/wp-json\/wp\/v2\/pages\/12"}],"wp:attachment":[{"href":"http:\/\/www.amicalecaninedijon.net\/wordpress\/wp-json\/wp\/v2\/media?parent=3945"}],"curies":[{"name":"wp","href":"https:\/\/api.w.org\/{rel}","templated":true}]}}