{"id":414,"date":"2015-02-19T16:32:52","date_gmt":"2015-02-19T15:32:52","guid":{"rendered":"http:\/\/www.amicalecaninedijon.net\/wordpress\/?page_id=414"},"modified":"2020-07-18T13:32:21","modified_gmt":"2020-07-18T11:32:21","slug":"les-finalistes-du-club","status":"publish","type":"page","link":"http:\/\/www.amicalecaninedijon.net\/wordpress\/le-club\/les-finalistes-du-club\/","title":{"rendered":"Les r\u00e9sultats Section Ob\u00e9issance"},"content":{"rendered":"<h2>En 2019 :<\/h2>\n<p><a href=\"http:\/\/www.amicalecaninedijon.net\/wordpress\/wp-content\/uploads\/2019\/06\/Brevet-2019.png\"><img loading=\"lazy\" decoding=\"async\" class=\"alignnone size-large wp-image-3974\" src=\"http:\/\/www.amicalecaninedijon.net\/wordpress\/wp-content\/uploads\/2019\/06\/Brevet-2019-1024x222.png\" alt=\"\" width=\"660\" height=\"143\" srcset=\"http:\/\/www.amicalecaninedijon.net\/wordpress\/wp-content\/uploads\/2019\/06\/Brevet-2019-1024x222.png 1024w, http:\/\/www.amicalecaninedijon.net\/wordpress\/wp-content\/uploads\/2019\/06\/Brevet-2019-300x65.png 300w, http:\/\/www.amicalecaninedijon.net\/wordpress\/wp-content\/uploads\/2019\/06\/Brevet-2019-768x167.png 768w, http:\/\/www.amicalecaninedijon.net\/wordpress\/wp-content\/uploads\/2019\/06\/Brevet-2019.png 1321w\" sizes=\"(max-width: 660px) 100vw, 660px\" \/><\/a><\/p>\n<p><a href=\"http:\/\/www.amicalecaninedijon.net\/wordpress\/wp-content\/uploads\/2019\/06\/classe-1-2019.png\"><img loading=\"lazy\" decoding=\"async\" class=\"alignnone size-large wp-image-3975\" src=\"http:\/\/www.amicalecaninedijon.net\/wordpress\/wp-content\/uploads\/2019\/06\/classe-1-2019-1024x233.png\" alt=\"\" width=\"660\" height=\"150\" srcset=\"http:\/\/www.amicalecaninedijon.net\/wordpress\/wp-content\/uploads\/2019\/06\/classe-1-2019-1024x233.png 1024w, http:\/\/www.amicalecaninedijon.net\/wordpress\/wp-content\/uploads\/2019\/06\/classe-1-2019-300x68.png 300w, http:\/\/www.amicalecaninedijon.net\/wordpress\/wp-content\/uploads\/2019\/06\/classe-1-2019-768x175.png 768w, http:\/\/www.amicalecaninedijon.net\/wordpress\/wp-content\/uploads\/2019\/06\/classe-1-2019.png 1214w\" sizes=\"(max-width: 660px) 100vw, 660px\" \/><\/a><\/p>\n<p><a href=\"http:\/\/www.amicalecaninedijon.net\/wordpress\/wp-content\/uploads\/2019\/06\/classe-2-2019.png\"><img loading=\"lazy\" decoding=\"async\" class=\"alignnone size-large wp-image-3976\" src=\"http:\/\/www.amicalecaninedijon.net\/wordpress\/wp-content\/uploads\/2019\/06\/classe-2-2019-1024x266.png\" alt=\"\" width=\"660\" height=\"171\" srcset=\"http:\/\/www.amicalecaninedijon.net\/wordpress\/wp-content\/uploads\/2019\/06\/classe-2-2019-1024x266.png 1024w, http:\/\/www.amicalecaninedijon.net\/wordpress\/wp-content\/uploads\/2019\/06\/classe-2-2019-300x78.png 300w, http:\/\/www.amicalecaninedijon.net\/wordpress\/wp-content\/uploads\/2019\/06\/classe-2-2019-768x199.png 768w, http:\/\/www.amicalecaninedijon.net\/wordpress\/wp-content\/uploads\/2019\/06\/classe-2-2019.png 1313w\" sizes=\"(max-width: 660px) 100vw, 660px\" \/><\/a><\/p>\n<p><a href=\"http:\/\/www.amicalecaninedijon.net\/wordpress\/wp-content\/uploads\/2019\/06\/classe-3-2019.png\"><img loading=\"lazy\" decoding=\"async\" class=\"alignnone size-large wp-image-3977\" src=\"http:\/\/www.amicalecaninedijon.net\/wordpress\/wp-content\/uploads\/2019\/06\/classe-3-2019-1024x231.png\" alt=\"\" width=\"660\" height=\"149\" srcset=\"http:\/\/www.amicalecaninedijon.net\/wordpress\/wp-content\/uploads\/2019\/06\/classe-3-2019-1024x231.png 1024w, http:\/\/www.amicalecaninedijon.net\/wordpress\/wp-content\/uploads\/2019\/06\/classe-3-2019-300x68.png 300w, http:\/\/www.amicalecaninedijon.net\/wordpress\/wp-content\/uploads\/2019\/06\/classe-3-2019-768x173.png 768w, http:\/\/www.amicalecaninedijon.net\/wordpress\/wp-content\/uploads\/2019\/06\/classe-3-2019.png 1316w\" sizes=\"(max-width: 660px) 100vw, 660px\" \/><\/a><\/p>\n<h3>En 2018 :&nbsp;<\/h3>\n<ul>\n<li>Givry : Fanny DARD, 1\u00e8re sur 11 en classe 1 avec 282.5 &#8211; Excellent<\/li>\n<li>Givry : Jean Michel, en classe 2, 197 points et Pascal en classe 1, 207 points &#8211; Bon<\/li>\n<li>Gueugnon: Fanny DARD, 1ere sur 6 avec 280.5 &#8211; Excellent<\/li>\n<li>Auxerre, le&nbsp;10 juin 2018 : Fanny DARD, 2<sup>\u00e8me<\/sup>&nbsp;&nbsp;en classe 1 (sur 11 candidats) : excellent avec 265\/320<\/li>\n<li>ADSC Dijon, le 27 mai 2018 : Fanny DARD, 3<sup>\u00e8me<\/sup> &nbsp;en classe 1&nbsp;: tr\u00e8s bon avec 232\/320<\/li>\n<li class=\"_2cuy _509q _2vxa\">ADSC Dijon, le 27 Mai 2018 : Yannick PAUPERT, 5\u00e8me en classe 1<\/li>\n<li class=\"_2cuy _509q _2vxa\">ADSC Dijon, le 27 Mai 2018 : Jacqueline DEVE, 5\u00e8me en classe 2<\/li>\n<li class=\"_2cuy _509q _2vxa\">\n<div class=\"_2cuy _3dgx _2vxa\">ADSC Dijon, le 27 Mai 2018 : Claude, B\u00e9atrice, Nathalie, Pierre, Laura, Camille, Catherine, Sandrine et Carole ont obtenu leur&nbsp;CSAU<\/div>\n<\/li>\n<li>Ch\u00e2tenoy le Royal, le 20 mai 2018 : Pascal FOREST, en classe 1 : tr\u00e8s bon avec 250\/320<\/li>\n<li>Ch\u00e2tenoy le Royal, le 20 mai 2018 : Jean-Michel DELABY en classe 2 : suffisant avec 173<\/li>\n<li>Ch\u00e2tenoy le Royal, le 20 mai 2018 : Fanny DARD, 7<sup>\u00e8me<\/sup> &nbsp;en classe 1 : tr\u00e8s bon avec 250\/320<\/li>\n<li>Grand Prix de France Ep\u00f4ne, le 5 mai 2018&nbsp;: Jean Michel DELABY, 6<sup>\u00e8me<\/sup> en Classe 1 : tr\u00e8s bon avec 244<\/li>\n<li>Montceau-les Mines, le 8 Avril 2018&nbsp;: Alain DAMICHEL et Malko, brevet avec 89 points<\/li>\n<\/ul>\n<h4><span style=\"color: #ff6600;\"><strong>Bravo aux \u00e9quipes !<\/strong><\/span><\/h4>\n<hr>\n<h3>En 2017 :&nbsp;<\/h3>\n<ul>\n<li>Rillans, le 12 novembre 2017 : Fanny DARD, 7<sup>\u00e8me<\/sup> classe 1 : tr\u00e8s bon avec 233.5\/320<\/li>\n<li>Darois, le 5 Novembre 2017&nbsp;: Fanny DARD, 4<sup>\u00e8me<\/sup> classe 1: tr\u00e8s bon avec &nbsp;228\/320<\/li>\n<li>Neuvy-sur-Loire, le 8 octobre 2017&nbsp;: Jean-Michel Delaby, 1<sup>er<\/sup> en Classe 1<\/li>\n<\/ul>\n<p><strong><a href=\"http:\/\/www.amicalecaninedijon.net\/wordpress\/wp-content\/uploads\/2017\/11\/jmichel-et-isabelle-chapionnat-r\u00e9gional.jpg\"><img loading=\"lazy\" decoding=\"async\" class=\"size-medium wp-image-2717 alignleft\" src=\"http:\/\/www.amicalecaninedijon.net\/wordpress\/wp-content\/uploads\/2017\/11\/jmichel-et-isabelle-chapionnat-r\u00e9gional-300x227.jpg\" alt=\"\" width=\"300\" height=\"227\" srcset=\"http:\/\/www.amicalecaninedijon.net\/wordpress\/wp-content\/uploads\/2017\/11\/jmichel-et-isabelle-chapionnat-r\u00e9gional-300x227.jpg 300w, http:\/\/www.amicalecaninedijon.net\/wordpress\/wp-content\/uploads\/2017\/11\/jmichel-et-isabelle-chapionnat-r\u00e9gional-768x581.jpg 768w, http:\/\/www.amicalecaninedijon.net\/wordpress\/wp-content\/uploads\/2017\/11\/jmichel-et-isabelle-chapionnat-r\u00e9gional-1024x775.jpg 1024w, http:\/\/www.amicalecaninedijon.net\/wordpress\/wp-content\/uploads\/2017\/11\/jmichel-et-isabelle-chapionnat-r\u00e9gional.jpg 1200w\" sizes=\"(max-width: 300px) 100vw, 300px\" \/><\/a><\/strong><\/p>\n<p>Le club de l\u2019Amicale \u00e9tait repr\u00e9sent\u00e9 au championnat de Bourgogne d\u2019ob\u00e9issance qui a eu lieu les 7 et 8 octobre 2017 \u00e0 Neuvy-sur-Loire. Laika (jean Michel Delaby) et Jincka (Isabelle s\u00e9verin) s\u2019y sont illustr\u00e9es en terminant premi\u00e8re et deuxi\u00e8me de la classe 1, avec mention excellent \u00e0 295,5 et 262,5 points\/320 respectivement.<\/p>\n<p>Ce concours conclut en beaut\u00e9 une premi\u00e8re saison en classe 1 pour ces deux jeunes chiennes.&nbsp;Un grand Bravo aux \u00e9quipes !<\/p>\n","protected":false},"excerpt":{"rendered":"<p>En 2019 : En 2018 :&nbsp; Givry : Fanny DARD, 1\u00e8re sur 11 en classe 1 avec 282.5 &#8211; Excellent Givry : Jean Michel, en classe 2, 197 points et Pascal en classe 1, 207 points &#8211; Bon Gueugnon: Fanny DARD, 1ere sur 6 avec 280.5 &#8211; Excellent Auxerre, le&nbsp;10 juin 2018 : Fanny DARD, &hellip; <a href=\"http:\/\/www.amicalecaninedijon.net\/wordpress\/le-club\/les-finalistes-du-club\/\" class=\"more-link\">Continuer la lecture de <span class=\"screen-reader-text\">Les r\u00e9sultats Section Ob\u00e9issance<\/span><\/a><\/p>\n","protected":false},"author":2,"featured_media":3803,"parent":12,"menu_order":5,"comment_status":"closed","ping_status":"open","template":"","meta":{"ngg_post_thumbnail":0,"footnotes":""},"class_list":["post-414","page","type-page","status-publish","has-post-thumbnail","hentry"],"yoast_head":"<!-- This site is optimized with the Yoast SEO plugin v24.9 - https:\/\/yoast.com\/wordpress\/plugins\/seo\/ -->\n<title>Finalistes du club concours canins<\/title>\n<meta name=\"description\" content=\"Tous les finalistes du club ADSC\" \/>\n<meta name=\"robots\" content=\"index, follow, max-snippet:-1, max-image-preview:large, max-video-preview:-1\" \/>\n<link rel=\"canonical\" href=\"http:\/\/www.amicalecaninedijon.net\/wordpress\/le-club\/les-finalistes-du-club\/\" \/>\n<meta property=\"og:locale\" content=\"fr_FR\" \/>\n<meta property=\"og:type\" content=\"article\" \/>\n<meta property=\"og:title\" content=\"Finalistes du club concours canins\" \/>\n<meta property=\"og:description\" content=\"Tous les finalistes du club ADSC\" \/>\n<meta property=\"og:url\" content=\"http:\/\/www.amicalecaninedijon.net\/wordpress\/le-club\/les-finalistes-du-club\/\" \/>\n<meta property=\"og:site_name\" content=\"ADSC\" \/>\n<meta property=\"article:modified_time\" content=\"2020-07-18T11:32:21+00:00\" \/>\n<meta property=\"og:image\" content=\"http:\/\/www.amicalecaninedijon.net\/wordpress\/wp-content\/uploads\/2019\/01\/100_0640-1024x768.jpg\" \/>\n\t<meta property=\"og:image:width\" content=\"1024\" \/>\n\t<meta property=\"og:image:height\" content=\"768\" \/>\n\t<meta property=\"og:image:type\" content=\"image\/jpeg\" \/>\n<meta name=\"twitter:label1\" content=\"Dur\u00e9e de lecture estim\u00e9e\" \/>\n\t<meta name=\"twitter:data1\" content=\"1 minute\" \/>\n<script type=\"application\/ld+json\" class=\"yoast-schema-graph\">{\"@context\":\"https:\/\/schema.org\",\"@graph\":[{\"@type\":\"WebPage\",\"@id\":\"http:\/\/www.amicalecaninedijon.net\/wordpress\/le-club\/les-finalistes-du-club\/\",\"url\":\"http:\/\/www.amicalecaninedijon.net\/wordpress\/le-club\/les-finalistes-du-club\/\",\"name\":\"Finalistes du club concours canins\",\"isPartOf\":{\"@id\":\"http:\/\/www.amicalecaninedijon.net\/wordpress\/#website\"},\"primaryImageOfPage\":{\"@id\":\"http:\/\/www.amicalecaninedijon.net\/wordpress\/le-club\/les-finalistes-du-club\/#primaryimage\"},\"image\":{\"@id\":\"http:\/\/www.amicalecaninedijon.net\/wordpress\/le-club\/les-finalistes-du-club\/#primaryimage\"},\"thumbnailUrl\":\"http:\/\/www.amicalecaninedijon.net\/wordpress\/wp-content\/uploads\/2019\/01\/100_0640.jpg\",\"datePublished\":\"2015-02-19T15:32:52+00:00\",\"dateModified\":\"2020-07-18T11:32:21+00:00\",\"description\":\"Tous les finalistes du club ADSC\",\"breadcrumb\":{\"@id\":\"http:\/\/www.amicalecaninedijon.net\/wordpress\/le-club\/les-finalistes-du-club\/#breadcrumb\"},\"inLanguage\":\"fr-FR\",\"potentialAction\":[{\"@type\":\"ReadAction\",\"target\":[\"http:\/\/www.amicalecaninedijon.net\/wordpress\/le-club\/les-finalistes-du-club\/\"]}]},{\"@type\":\"ImageObject\",\"inLanguage\":\"fr-FR\",\"@id\":\"http:\/\/www.amicalecaninedijon.net\/wordpress\/le-club\/les-finalistes-du-club\/#primaryimage\",\"url\":\"http:\/\/www.amicalecaninedijon.net\/wordpress\/wp-content\/uploads\/2019\/01\/100_0640.jpg\",\"contentUrl\":\"http:\/\/www.amicalecaninedijon.net\/wordpress\/wp-content\/uploads\/2019\/01\/100_0640.jpg\",\"width\":4608,\"height\":3456,\"caption\":\"KODAK Digital Still Camera\"},{\"@type\":\"BreadcrumbList\",\"@id\":\"http:\/\/www.amicalecaninedijon.net\/wordpress\/le-club\/les-finalistes-du-club\/#breadcrumb\",\"itemListElement\":[{\"@type\":\"ListItem\",\"position\":1,\"name\":\"Accueil\",\"item\":\"http:\/\/www.amicalecaninedijon.net\/wordpress\/\"},{\"@type\":\"ListItem\",\"position\":2,\"name\":\"Le club\",\"item\":\"http:\/\/www.amicalecaninedijon.net\/wordpress\/le-club\/\"},{\"@type\":\"ListItem\",\"position\":3,\"name\":\"Les r\u00e9sultats Section Ob\u00e9issance\"}]},{\"@type\":\"WebSite\",\"@id\":\"http:\/\/www.amicalecaninedijon.net\/wordpress\/#website\",\"url\":\"http:\/\/www.amicalecaninedijon.net\/wordpress\/\",\"name\":\"ADSC\",\"description\":\"AMICALE DIJONNAISE DES SPORTS CANINS\",\"potentialAction\":[{\"@type\":\"SearchAction\",\"target\":{\"@type\":\"EntryPoint\",\"urlTemplate\":\"http:\/\/www.amicalecaninedijon.net\/wordpress\/?s={search_term_string}\"},\"query-input\":{\"@type\":\"PropertyValueSpecification\",\"valueRequired\":true,\"valueName\":\"search_term_string\"}}],\"inLanguage\":\"fr-FR\"}]}<\/script>\n<!-- \/ Yoast SEO plugin. -->","yoast_head_json":{"title":"Finalistes du club concours canins","description":"Tous les finalistes du club ADSC","robots":{"index":"index","follow":"follow","max-snippet":"max-snippet:-1","max-image-preview":"max-image-preview:large","max-video-preview":"max-video-preview:-1"},"canonical":"http:\/\/www.amicalecaninedijon.net\/wordpress\/le-club\/les-finalistes-du-club\/","og_locale":"fr_FR","og_type":"article","og_title":"Finalistes du club concours canins","og_description":"Tous les finalistes du club ADSC","og_url":"http:\/\/www.amicalecaninedijon.net\/wordpress\/le-club\/les-finalistes-du-club\/","og_site_name":"ADSC","article_modified_time":"2020-07-18T11:32:21+00:00","og_image":[{"width":1024,"height":768,"url":"http:\/\/www.amicalecaninedijon.net\/wordpress\/wp-content\/uploads\/2019\/01\/100_0640-1024x768.jpg","type":"image\/jpeg"}],"twitter_misc":{"Dur\u00e9e de lecture estim\u00e9e":"1 minute"},"schema":{"@context":"https:\/\/schema.org","@graph":[{"@type":"WebPage","@id":"http:\/\/www.amicalecaninedijon.net\/wordpress\/le-club\/les-finalistes-du-club\/","url":"http:\/\/www.amicalecaninedijon.net\/wordpress\/le-club\/les-finalistes-du-club\/","name":"Finalistes du club concours canins","isPartOf":{"@id":"http:\/\/www.amicalecaninedijon.net\/wordpress\/#website"},"primaryImageOfPage":{"@id":"http:\/\/www.amicalecaninedijon.net\/wordpress\/le-club\/les-finalistes-du-club\/#primaryimage"},"image":{"@id":"http:\/\/www.amicalecaninedijon.net\/wordpress\/le-club\/les-finalistes-du-club\/#primaryimage"},"thumbnailUrl":"http:\/\/www.amicalecaninedijon.net\/wordpress\/wp-content\/uploads\/2019\/01\/100_0640.jpg","datePublished":"2015-02-19T15:32:52+00:00","dateModified":"2020-07-18T11:32:21+00:00","description":"Tous les finalistes du club ADSC","breadcrumb":{"@id":"http:\/\/www.amicalecaninedijon.net\/wordpress\/le-club\/les-finalistes-du-club\/#breadcrumb"},"inLanguage":"fr-FR","potentialAction":[{"@type":"ReadAction","target":["http:\/\/www.amicalecaninedijon.net\/wordpress\/le-club\/les-finalistes-du-club\/"]}]},{"@type":"ImageObject","inLanguage":"fr-FR","@id":"http:\/\/www.amicalecaninedijon.net\/wordpress\/le-club\/les-finalistes-du-club\/#primaryimage","url":"http:\/\/www.amicalecaninedijon.net\/wordpress\/wp-content\/uploads\/2019\/01\/100_0640.jpg","contentUrl":"http:\/\/www.amicalecaninedijon.net\/wordpress\/wp-content\/uploads\/2019\/01\/100_0640.jpg","width":4608,"height":3456,"caption":"KODAK Digital Still Camera"},{"@type":"BreadcrumbList","@id":"http:\/\/www.amicalecaninedijon.net\/wordpress\/le-club\/les-finalistes-du-club\/#breadcrumb","itemListElement":[{"@type":"ListItem","position":1,"name":"Accueil","item":"http:\/\/www.amicalecaninedijon.net\/wordpress\/"},{"@type":"ListItem","position":2,"name":"Le club","item":"http:\/\/www.amicalecaninedijon.net\/wordpress\/le-club\/"},{"@type":"ListItem","position":3,"name":"Les r\u00e9sultats Section Ob\u00e9issance"}]},{"@type":"WebSite","@id":"http:\/\/www.amicalecaninedijon.net\/wordpress\/#website","url":"http:\/\/www.amicalecaninedijon.net\/wordpress\/","name":"ADSC","description":"AMICALE DIJONNAISE DES SPORTS CANINS","potentialAction":[{"@type":"SearchAction","target":{"@type":"EntryPoint","urlTemplate":"http:\/\/www.amicalecaninedijon.net\/wordpress\/?s={search_term_string}"},"query-input":{"@type":"PropertyValueSpecification","valueRequired":true,"valueName":"search_term_string"}}],"inLanguage":"fr-FR"}]}},"_links":{"self":[{"href":"http:\/\/www.amicalecaninedijon.net\/wordpress\/wp-json\/wp\/v2\/pages\/414"}],"collection":[{"href":"http:\/\/www.amicalecaninedijon.net\/wordpress\/wp-json\/wp\/v2\/pages"}],"about":[{"href":"http:\/\/www.amicalecaninedijon.net\/wordpress\/wp-json\/wp\/v2\/types\/page"}],"author":[{"embeddable":true,"href":"http:\/\/www.amicalecaninedijon.net\/wordpress\/wp-json\/wp\/v2\/users\/2"}],"replies":[{"embeddable":true,"href":"http:\/\/www.amicalecaninedijon.net\/wordpress\/wp-json\/wp\/v2\/comments?post=414"}],"version-history":[{"count":29,"href":"http:\/\/www.amicalecaninedijon.net\/wordpress\/wp-json\/wp\/v2\/pages\/414\/revisions"}],"predecessor-version":[{"id":4417,"href":"http:\/\/www.amicalecaninedijon.net\/wordpress\/wp-json\/wp\/v2\/pages\/414\/revisions\/4417"}],"up":[{"embeddable":true,"href":"http:\/\/www.amicalecaninedijon.net\/wordpress\/wp-json\/wp\/v2\/pages\/12"}],"wp:featuredmedia":[{"embeddable":true,"href":"http:\/\/www.amicalecaninedijon.net\/wordpress\/wp-json\/wp\/v2\/media\/3803"}],"wp:attachment":[{"href":"http:\/\/www.amicalecaninedijon.net\/wordpress\/wp-json\/wp\/v2\/media?parent=414"}],"curies":[{"name":"wp","href":"https:\/\/api.w.org\/{rel}","templated":true}]}}