{"id":42,"date":"2015-02-11T16:49:13","date_gmt":"2015-02-11T15:49:13","guid":{"rendered":"http:\/\/www.amicalecaninedijon.net\/wordpress\/?page_id=42"},"modified":"2019-01-14T19:26:59","modified_gmt":"2019-01-14T18:26:59","slug":"races-chien","status":"publish","type":"page","link":"http:\/\/www.amicalecaninedijon.net\/wordpress\/races-chien\/","title":{"rendered":"Liens cynophiles"},"content":{"rendered":"<p><span style=\"color: #ff6600;\"><strong>LES RACES DE CHIENS<\/strong><br \/>\n<\/span><\/p>\n<p><a href=\"http:\/\/wamiz.com\/chiens\/race-chien\" target=\"_blank\" rel=\"noopener noreferrer\">http:\/\/wamiz.com\/chiens\/race-chien<\/a><\/p>\n<p><a href=\"https:\/\/www.pedigree.fr\/race-de-chien\" target=\"_blank\" rel=\"noopener noreferrer\">https:\/\/www.pedigree.fr\/race-de-chien<\/a><\/p>\n<p><a href=\"http:\/\/www.trouvetonchien.com\/contenu\/17\/Les-races-de-A-a-Z\/\" target=\"_blank\" rel=\"noopener noreferrer\">http:\/\/www.trouvetonchien.com\/contenu\/17\/Les-races-de-A-a-Z\/<\/a><\/p>\n<p><strong>Chiens de Race : <\/strong><a href=\"http:\/\/chiensderace.com\" target=\"_blank\" rel=\"noopener noreferrer\">http:\/\/chiensderace.com<\/a><\/p>\n<p><strong>Boxer Club de France (B.C.F) : <\/strong><a href=\"http:\/\/www.boxer-france.com\" target=\"_blank\" rel=\"noopener noreferrer\">http:\/\/www.boxer-france.com<\/a><\/p>\n<p><strong>Dobermann Club de France (D.C.F)<\/strong> : <a href=\"http:\/\/www.dobermann-club-france.asso.fr\/\" target=\"_blank\" rel=\"noopener noreferrer\">http:\/\/www.dobermann-club-france.asso.fr\/<\/a><\/p>\n<p><strong>Club Fran\u00e7ais du Chien de berger Belge (C.F.C.B.B)<\/strong> : <a href=\"http:\/\/cfcbb.free.fr\" target=\"_blank\" rel=\"noopener noreferrer\">http:\/\/cfcbb.free.fr<\/a><\/p>\n<p><strong>Soci\u00e9t\u00e9 du Chien de Berger Allemand (S.C.B.A)<\/strong> : <a href=\"http:\/\/www.berger-allemand.com\" target=\"_blank\" rel=\"noopener noreferrer\">http:\/\/www.berger-allemand.com<\/a><\/p>\n<p><strong>Club Fran\u00e7ais du Rottweiler<\/strong> : <a href=\"http:\/\/www.cfr.asso.fr\" target=\"_blank\" rel=\"noopener noreferrer\">http:\/\/www.cfr.asso.fr<\/a><\/p>\n<p><strong>Club Fran\u00e7ais du Schnauzer et Pinscher<\/strong> : <a href=\"http:\/\/www.schnauzer-pinscher.org\" target=\"_blank\" rel=\"noopener noreferrer\">http:\/\/www.schnauzer-pinscher.org<\/a><\/p>\n<p><strong>Club du Berger de Beauce<\/strong> : <a href=\"http:\/\/www.berger-de-beauce.com\" target=\"_blank\" rel=\"noopener noreferrer\">http:\/\/www.berger-de-beauce.com<\/a><\/p>\n<p><strong>Club du Berger Blanc Suisse<\/strong> : <a href=\"http:\/\/www.amicalebergerblanc.com\" target=\"_blank\" rel=\"noopener noreferrer\">http:\/\/www.amicalebergerblanc.com<\/a><\/p>\n<h5><span style=\"color: #ff6600;\"><strong>les sites genEralistes sur la cynophilie<\/strong><\/span><\/h5>\n<p><strong>Chien plus : les sports canins&nbsp; <\/strong><a href=\"http:\/\/www.chienplus.com\/plan.htm\" target=\"_blank\" rel=\"noopener noreferrer\">http:\/\/www.chienplus.com\/plan.htm<\/a><\/p>\n<p><strong>Site V\u00e9t\u00e9rinaire&nbsp; <\/strong><a href=\"http:\/\/www.vet-city.com\" target=\"_blank\" rel=\"noopener noreferrer\">http:\/\/www.vet-city.com<\/a><\/p>\n<p><strong>La cynophylie en France&nbsp; :&nbsp; <\/strong><a href=\"http:\/\/cedia.fr\" target=\"_blank\" rel=\"noopener noreferrer\">http:\/\/cedia.fr<\/a><\/p>\n<h5><span style=\"color: #ff6600;\">Sites personnels ou d\u2019associations sur la cynophilie<\/span><\/h5>\n<p><strong>Ecole du Chiot J. Ortega<\/strong> : <a href=\"http:\/\/www.ecole-du-chiot.com\" target=\"_blank\" rel=\"noopener noreferrer\">http:\/\/www.ecole-du-chiot.com<\/a><\/p>\n<p><strong>Ob\u00e9issance Passion D. Aebischer ; <\/strong><a href=\"http:\/\/pagesperso-orange.fr\/aebischer.obeissance\/\" target=\"_blank\" rel=\"noopener noreferrer\">http:\/\/pagesperso-orange.fr\/aebischer.obeissance\/<\/a><\/p>\n<p><strong>Ob\u00e9issance canine : <\/strong><a href=\"http:\/\/obeissancecanine.free.fr\/methodeentrainement.htm\" target=\"_blank\" rel=\"noopener noreferrer\">http:\/\/obeissancecanine.free.fr\/methodeentrainement.htm<\/a><\/p>\n<h5><span style=\"color: #ff6600;\">Sites institutionnels<\/span><\/h5>\n<p><strong>Soci\u00e9t\u00e9 Centrale Canine : <\/strong><a href=\"http:\/\/www.scc.asso.fr\" target=\"_blank\" rel=\"noopener noreferrer\">http:\/\/www.scc.asso.fr<\/a><\/p>\n<p><strong>Soci\u00e9t\u00e9 Canine de Franche Comt\u00e9&nbsp; :&nbsp; <\/strong><a href=\"http:\/\/www.scfc.asso.fr\" target=\"_blank\" rel=\"noopener noreferrer\">http:\/\/www.scfc.asso.fr<\/a><\/p>\n<p><strong>Soci\u00e9t\u00e9 Canine de Bourgogne : <\/strong><a href=\"http:\/\/www.scb.asso.fr\" target=\"_blank\" rel=\"noopener noreferrer\">http:\/\/www.scb.asso.fr<\/a><\/p>\n<p><strong>Commission Nationale d\u2019Education et d\u2019Agility (C.N.E.A) : <\/strong><a href=\"http:\/\/www.cnea.net\" target=\"_blank\" rel=\"noopener noreferrer\">http:\/\/www.cnea.net<\/a><\/p>\n<p><strong>F\u00e9d\u00e9ration Canine Atlh\u00e9tique Canicross : <\/strong><a href=\"http:\/\/www.fac-canicross.com\/\" target=\"_blank\" rel=\"noopener noreferrer\">http:\/\/www.fac-canicross.com\/<\/a><\/p>\n<p><strong>Commission Nationale d\u2019Utilisation&nbsp; :&nbsp; <\/strong><a href=\"http:\/\/www.cun-cbg.com\/\" target=\"_blank\" rel=\"noopener noreferrer\">http:\/\/www.cun-cbg.com\/<\/a><\/p>\n<p><strong>Le Pistage Fran\u00e7ais&nbsp; :&nbsp; <\/strong><a href=\"http:\/\/gtpistage.free.fr\" target=\"_blank\" rel=\"noopener noreferrer\">http:\/\/gtpistage.free.fr<\/a><\/p>\n<p><strong>Le Campagne&nbsp; :&nbsp; <\/strong><a href=\"http:\/\/gtcampagne.free.fr\" target=\"_blank\" rel=\"noopener noreferrer\">http:\/\/gtcampagne.free.fr<\/a><\/p>\n<p><strong>Les amis du Ring&nbsp; :&nbsp; <\/strong><a href=\"http:\/\/adaring.free.fr\" target=\"_blank\" rel=\"noopener noreferrer\">http:\/\/adaring.free.fr<\/a><\/p>\n<p><strong>Groupe de travail Ob\u00e9issance&nbsp; :&nbsp; <\/strong><a href=\"http:\/\/pagesperso-orange.fr\/gtobeissance\/\" target=\"_blank\" rel=\"noopener noreferrer\">http:\/\/pagesperso-orange.fr\/gtobeissance\/<\/a><\/p>\n<p><strong>Groupe de travail RCI&nbsp; :&nbsp; <\/strong><a href=\"http:\/\/www.fcirci.com\/\" target=\"_blank\" rel=\"noopener noreferrer\">http:\/\/www.fcirci.com\/<\/a><\/p>\n<h5><span style=\"color: #ff6600;\">Vente d\u2019articles canins<\/span><\/h5>\n<p><strong>POLYTRANS<\/strong> : <a href=\"http:\/\/polytrans.fr\" target=\"_blank\" rel=\"noopener noreferrer\">http:\/\/polytrans.fr<\/a><\/p>\n<p><strong>DIFAC : <\/strong><a href=\"http:\/\/difac.fr\" target=\"_blank\" rel=\"noopener noreferrer\">http:\/\/difac.fr<\/a><\/p>\n<p><strong>Morin France : <\/strong><a href=\"http:\/\/morinfrance.com\" target=\"_blank\" rel=\"noopener noreferrer\">http:\/\/morinfrance.com<\/a><\/p>\n<p><strong>La boutique des animaux&nbsp; :&nbsp; <\/strong><a href=\"http:\/\/www.boutique-des-animaux.com\/\" target=\"_blank\" rel=\"noopener noreferrer\">http:\/\/www.boutique-des-animaux.com\/<\/a><\/p>\n<p><strong>Zubial&nbsp; :&nbsp; <\/strong><a href=\"http:\/\/zubialcompany.com\/zubial\/\" target=\"_blank\" rel=\"noopener noreferrer\">http:\/\/zubialcompany.com\/zubial\/<\/a><\/p>\n<p><strong>Costumes P.CLEMENT&nbsp; :&nbsp; <\/strong><a href=\"http:\/\/chienplus.com\/costume.htm\" target=\"_blank\" rel=\"noopener noreferrer\">http:\/\/chienplus.com\/costume.htm<\/a><\/p>\n<p><strong>Cynosport&nbsp; :&nbsp; <\/strong><a href=\"http:\/\/chienplus.com\/ruch\/\" target=\"_blank\" rel=\"noopener noreferrer\">http:\/\/chienplus.com\/ruch\/<\/a><\/p>\n<h5>&nbsp;<\/h5>\n","protected":false},"excerpt":{"rendered":"<p>LES RACES DE CHIENS http:\/\/wamiz.com\/chiens\/race-chien https:\/\/www.pedigree.fr\/race-de-chien http:\/\/www.trouvetonchien.com\/contenu\/17\/Les-races-de-A-a-Z\/ Chiens de Race : http:\/\/chiensderace.com Boxer Club de France (B.C.F) : http:\/\/www.boxer-france.com Dobermann Club de France (D.C.F) : http:\/\/www.dobermann-club-france.asso.fr\/ Club Fran\u00e7ais du Chien de berger Belge (C.F.C.B.B) : http:\/\/cfcbb.free.fr Soci\u00e9t\u00e9 du Chien de Berger Allemand (S.C.B.A) : http:\/\/www.berger-allemand.com Club Fran\u00e7ais du Rottweiler : http:\/\/www.cfr.asso.fr Club Fran\u00e7ais du Schnauzer &hellip; <a href=\"http:\/\/www.amicalecaninedijon.net\/wordpress\/races-chien\/\" class=\"more-link\">Continuer la lecture de <span class=\"screen-reader-text\">Liens cynophiles<\/span><\/a><\/p>\n","protected":false},"author":2,"featured_media":609,"parent":0,"menu_order":7,"comment_status":"closed","ping_status":"closed","template":"","meta":{"ngg_post_thumbnail":0,"footnotes":""},"class_list":["post-42","page","type-page","status-publish","has-post-thumbnail","hentry"],"yoast_head":"<!-- This site is optimized with the Yoast SEO plugin v24.9 - https:\/\/yoast.com\/wordpress\/plugins\/seo\/ -->\n<title>Liens cynophiles<\/title>\n<meta name=\"description\" content=\"Races de chien, clubs canins amis et sites partenaires\" \/>\n<meta name=\"robots\" content=\"index, follow, max-snippet:-1, max-image-preview:large, max-video-preview:-1\" \/>\n<link rel=\"canonical\" href=\"http:\/\/www.amicalecaninedijon.net\/wordpress\/races-chien\/\" \/>\n<meta property=\"og:locale\" content=\"fr_FR\" \/>\n<meta property=\"og:type\" content=\"article\" \/>\n<meta property=\"og:title\" content=\"Liens cynophiles\" \/>\n<meta property=\"og:description\" content=\"Races de chien, clubs canins amis et sites partenaires\" \/>\n<meta property=\"og:url\" content=\"http:\/\/www.amicalecaninedijon.net\/wordpress\/races-chien\/\" \/>\n<meta property=\"og:site_name\" content=\"ADSC\" \/>\n<meta property=\"article:modified_time\" content=\"2019-01-14T18:26:59+00:00\" \/>\n<meta property=\"og:image\" content=\"http:\/\/www.amicalecaninedijon.net\/wordpress\/wp-content\/uploads\/2015\/06\/diaporama-chiens.jpg\" \/>\n\t<meta property=\"og:image:width\" content=\"850\" \/>\n\t<meta property=\"og:image:height\" content=\"188\" \/>\n\t<meta property=\"og:image:type\" content=\"image\/jpeg\" \/>\n<meta name=\"twitter:label1\" content=\"Dur\u00e9e de lecture estim\u00e9e\" \/>\n\t<meta name=\"twitter:data1\" content=\"2 minutes\" \/>\n<script type=\"application\/ld+json\" class=\"yoast-schema-graph\">{\"@context\":\"https:\/\/schema.org\",\"@graph\":[{\"@type\":\"WebPage\",\"@id\":\"http:\/\/www.amicalecaninedijon.net\/wordpress\/races-chien\/\",\"url\":\"http:\/\/www.amicalecaninedijon.net\/wordpress\/races-chien\/\",\"name\":\"Liens cynophiles\",\"isPartOf\":{\"@id\":\"http:\/\/www.amicalecaninedijon.net\/wordpress\/#website\"},\"primaryImageOfPage\":{\"@id\":\"http:\/\/www.amicalecaninedijon.net\/wordpress\/races-chien\/#primaryimage\"},\"image\":{\"@id\":\"http:\/\/www.amicalecaninedijon.net\/wordpress\/races-chien\/#primaryimage\"},\"thumbnailUrl\":\"http:\/\/www.amicalecaninedijon.net\/wordpress\/wp-content\/uploads\/2015\/06\/diaporama-chiens.jpg\",\"datePublished\":\"2015-02-11T15:49:13+00:00\",\"dateModified\":\"2019-01-14T18:26:59+00:00\",\"description\":\"Races de chien, clubs canins amis et sites partenaires\",\"breadcrumb\":{\"@id\":\"http:\/\/www.amicalecaninedijon.net\/wordpress\/races-chien\/#breadcrumb\"},\"inLanguage\":\"fr-FR\",\"potentialAction\":[{\"@type\":\"ReadAction\",\"target\":[\"http:\/\/www.amicalecaninedijon.net\/wordpress\/races-chien\/\"]}]},{\"@type\":\"ImageObject\",\"inLanguage\":\"fr-FR\",\"@id\":\"http:\/\/www.amicalecaninedijon.net\/wordpress\/races-chien\/#primaryimage\",\"url\":\"http:\/\/www.amicalecaninedijon.net\/wordpress\/wp-content\/uploads\/2015\/06\/diaporama-chiens.jpg\",\"contentUrl\":\"http:\/\/www.amicalecaninedijon.net\/wordpress\/wp-content\/uploads\/2015\/06\/diaporama-chiens.jpg\",\"width\":850,\"height\":188},{\"@type\":\"BreadcrumbList\",\"@id\":\"http:\/\/www.amicalecaninedijon.net\/wordpress\/races-chien\/#breadcrumb\",\"itemListElement\":[{\"@type\":\"ListItem\",\"position\":1,\"name\":\"Accueil\",\"item\":\"http:\/\/www.amicalecaninedijon.net\/wordpress\/\"},{\"@type\":\"ListItem\",\"position\":2,\"name\":\"Liens cynophiles\"}]},{\"@type\":\"WebSite\",\"@id\":\"http:\/\/www.amicalecaninedijon.net\/wordpress\/#website\",\"url\":\"http:\/\/www.amicalecaninedijon.net\/wordpress\/\",\"name\":\"ADSC\",\"description\":\"AMICALE DIJONNAISE DES SPORTS CANINS\",\"potentialAction\":[{\"@type\":\"SearchAction\",\"target\":{\"@type\":\"EntryPoint\",\"urlTemplate\":\"http:\/\/www.amicalecaninedijon.net\/wordpress\/?s={search_term_string}\"},\"query-input\":{\"@type\":\"PropertyValueSpecification\",\"valueRequired\":true,\"valueName\":\"search_term_string\"}}],\"inLanguage\":\"fr-FR\"}]}<\/script>\n<!-- \/ Yoast SEO plugin. -->","yoast_head_json":{"title":"Liens cynophiles","description":"Races de chien, clubs canins amis et sites partenaires","robots":{"index":"index","follow":"follow","max-snippet":"max-snippet:-1","max-image-preview":"max-image-preview:large","max-video-preview":"max-video-preview:-1"},"canonical":"http:\/\/www.amicalecaninedijon.net\/wordpress\/races-chien\/","og_locale":"fr_FR","og_type":"article","og_title":"Liens cynophiles","og_description":"Races de chien, clubs canins amis et sites partenaires","og_url":"http:\/\/www.amicalecaninedijon.net\/wordpress\/races-chien\/","og_site_name":"ADSC","article_modified_time":"2019-01-14T18:26:59+00:00","og_image":[{"width":850,"height":188,"url":"http:\/\/www.amicalecaninedijon.net\/wordpress\/wp-content\/uploads\/2015\/06\/diaporama-chiens.jpg","type":"image\/jpeg"}],"twitter_misc":{"Dur\u00e9e de lecture estim\u00e9e":"2 minutes"},"schema":{"@context":"https:\/\/schema.org","@graph":[{"@type":"WebPage","@id":"http:\/\/www.amicalecaninedijon.net\/wordpress\/races-chien\/","url":"http:\/\/www.amicalecaninedijon.net\/wordpress\/races-chien\/","name":"Liens cynophiles","isPartOf":{"@id":"http:\/\/www.amicalecaninedijon.net\/wordpress\/#website"},"primaryImageOfPage":{"@id":"http:\/\/www.amicalecaninedijon.net\/wordpress\/races-chien\/#primaryimage"},"image":{"@id":"http:\/\/www.amicalecaninedijon.net\/wordpress\/races-chien\/#primaryimage"},"thumbnailUrl":"http:\/\/www.amicalecaninedijon.net\/wordpress\/wp-content\/uploads\/2015\/06\/diaporama-chiens.jpg","datePublished":"2015-02-11T15:49:13+00:00","dateModified":"2019-01-14T18:26:59+00:00","description":"Races de chien, clubs canins amis et sites partenaires","breadcrumb":{"@id":"http:\/\/www.amicalecaninedijon.net\/wordpress\/races-chien\/#breadcrumb"},"inLanguage":"fr-FR","potentialAction":[{"@type":"ReadAction","target":["http:\/\/www.amicalecaninedijon.net\/wordpress\/races-chien\/"]}]},{"@type":"ImageObject","inLanguage":"fr-FR","@id":"http:\/\/www.amicalecaninedijon.net\/wordpress\/races-chien\/#primaryimage","url":"http:\/\/www.amicalecaninedijon.net\/wordpress\/wp-content\/uploads\/2015\/06\/diaporama-chiens.jpg","contentUrl":"http:\/\/www.amicalecaninedijon.net\/wordpress\/wp-content\/uploads\/2015\/06\/diaporama-chiens.jpg","width":850,"height":188},{"@type":"BreadcrumbList","@id":"http:\/\/www.amicalecaninedijon.net\/wordpress\/races-chien\/#breadcrumb","itemListElement":[{"@type":"ListItem","position":1,"name":"Accueil","item":"http:\/\/www.amicalecaninedijon.net\/wordpress\/"},{"@type":"ListItem","position":2,"name":"Liens cynophiles"}]},{"@type":"WebSite","@id":"http:\/\/www.amicalecaninedijon.net\/wordpress\/#website","url":"http:\/\/www.amicalecaninedijon.net\/wordpress\/","name":"ADSC","description":"AMICALE DIJONNAISE DES SPORTS CANINS","potentialAction":[{"@type":"SearchAction","target":{"@type":"EntryPoint","urlTemplate":"http:\/\/www.amicalecaninedijon.net\/wordpress\/?s={search_term_string}"},"query-input":{"@type":"PropertyValueSpecification","valueRequired":true,"valueName":"search_term_string"}}],"inLanguage":"fr-FR"}]}},"_links":{"self":[{"href":"http:\/\/www.amicalecaninedijon.net\/wordpress\/wp-json\/wp\/v2\/pages\/42"}],"collection":[{"href":"http:\/\/www.amicalecaninedijon.net\/wordpress\/wp-json\/wp\/v2\/pages"}],"about":[{"href":"http:\/\/www.amicalecaninedijon.net\/wordpress\/wp-json\/wp\/v2\/types\/page"}],"author":[{"embeddable":true,"href":"http:\/\/www.amicalecaninedijon.net\/wordpress\/wp-json\/wp\/v2\/users\/2"}],"replies":[{"embeddable":true,"href":"http:\/\/www.amicalecaninedijon.net\/wordpress\/wp-json\/wp\/v2\/comments?post=42"}],"version-history":[{"count":20,"href":"http:\/\/www.amicalecaninedijon.net\/wordpress\/wp-json\/wp\/v2\/pages\/42\/revisions"}],"predecessor-version":[{"id":3811,"href":"http:\/\/www.amicalecaninedijon.net\/wordpress\/wp-json\/wp\/v2\/pages\/42\/revisions\/3811"}],"wp:featuredmedia":[{"embeddable":true,"href":"http:\/\/www.amicalecaninedijon.net\/wordpress\/wp-json\/wp\/v2\/media\/609"}],"wp:attachment":[{"href":"http:\/\/www.amicalecaninedijon.net\/wordpress\/wp-json\/wp\/v2\/media?parent=42"}],"curies":[{"name":"wp","href":"https:\/\/api.w.org\/{rel}","templated":true}]}}