{"id":422,"date":"2015-04-13T18:51:43","date_gmt":"2015-04-13T16:51:43","guid":{"rendered":"http:\/\/www.amicalecaninedijon.net\/wordpress\/?page_id=422"},"modified":"2026-03-30T17:56:43","modified_gmt":"2026-03-30T15:56:43","slug":"accueil","status":"publish","type":"page","link":"http:\/\/www.amicalecaninedijon.net\/wordpress\/","title":{"rendered":"ACTUALITE &#038; ACCUEIL"},"content":{"rendered":"<p>&nbsp;<\/p>\n<p><strong><span style=\"color: #993366;\">Les vacances de P\u00e2ques arrivent bient\u00f4t&#8230;<\/span><\/strong><\/p>\n<p><strong><span style=\"color: #993366;\">Dernier cours avant les vacances le samedi 4 avril, fermeture les 11 et 18 avril et reprise des cours le 25 avril.<\/span><\/strong><\/p>\n<p>&nbsp;<\/p>\n<p>&nbsp;<\/p>\n<hr>\n<p>N&rsquo;oubliez pas vos cartes d&rsquo;adh\u00e9sion, un contr\u00f4le est r\u00e9alis\u00e9 r\u00e9guli\u00e8rement par nos moniteurs avant l&rsquo;entr\u00e9e aux cours (vous pouvez la photographier sur vos portables).<\/p>\n<p>Afin de limiter toute autre contamination de la toux du chenil qui nous a contraint \u00e0 fermer en fin d&rsquo;ann\u00e9e 2021, le Comit\u00e9 a d\u00e9cid\u00e9 de rendre le vaccin de la toux du chenil obligatoire pour toute nouvelle adh\u00e9sion et renouvellement.<\/p>\n<p>Il est rappel\u00e9 que les chiens malades ou bless\u00e9s ainsi que les chiennes en chaleur ne peuvent pas participer aux cours d\u2019\u00e9ducation.<\/p>\n<p>Un contr\u00f4le des vaccinations (toux de chenil comprise) sera r\u00e9alis\u00e9 \u00e0 chaque adh\u00e9sion. Pour les renouvellements, il sera demand\u00e9 aux adh\u00e9rents de faire vacciner leur chien \u00e0 la toux du chenil lors de leur prochain rappel de vaccin.<\/p>\n<p>Le Comit\u00e9.<\/p>\n<hr>\n<p><span style=\"color: #3366ff;\"><strong><a href=\"http:\/\/www.amicalecaninedijon.net\/wordpress\/wp-content\/uploads\/2016\/09\/parking.jpg\"><img loading=\"lazy\" decoding=\"async\" class=\"wp-image-1566 alignright\" src=\"http:\/\/www.amicalecaninedijon.net\/wordpress\/wp-content\/uploads\/2016\/09\/parking.jpg\" alt=\"\" width=\"169\" height=\"141\" srcset=\"http:\/\/www.amicalecaninedijon.net\/wordpress\/wp-content\/uploads\/2016\/09\/parking.jpg 3000w, http:\/\/www.amicalecaninedijon.net\/wordpress\/wp-content\/uploads\/2016\/09\/parking-300x250.jpg 300w, http:\/\/www.amicalecaninedijon.net\/wordpress\/wp-content\/uploads\/2016\/09\/parking-1024x853.jpg 1024w\" sizes=\"(max-width: 169px) 100vw, 169px\" \/><\/a>Merci de bien vouloir vous garer sur le parking am\u00e9nag\u00e9 du club et \u00e9viter les <\/strong><\/span><span style=\"color: #3366ff;\"><strong>stationnements sur les abords de la route.<\/strong><\/span><\/p>\n<hr>\n<h2><span style=\"color: #ba5714;\"><strong>Les \u00e9v\u00e8nements 2026 de l&rsquo;ADSC :<\/strong><\/span><\/h2>\n<ul>\n<li><strong>Pass-agility<\/strong> : dimanche 15 f\u00e9vrier 2026<\/li>\n<li><strong>Concours d&rsquo;ob\u00e9issance&nbsp;<\/strong>: samedi 21 et dimanche 22 f\u00e9vrier avec Mr Paul BUSSER<\/li>\n<li><strong>Concours d&rsquo;agility : <\/strong>dimanche 8 mars 2026 avec Mr CANAL Johann&nbsp;<\/li>\n<li><strong><strong>Assembl\u00e9e G\u00e9n\u00e9rale : <\/strong><\/strong>mardi 17 mars 2026 19h<strong><strong><br \/>\n<\/strong><\/strong><\/li>\n<li><strong>&nbsp;Matin\u00e9e d\u2019entretien<\/strong>:&nbsp; samedi 13 juin 2026 suivi d&rsquo;un barbecue<\/li>\n<li><strong>Rentr\u00e9e cours d\u2019\u00e9ducation<\/strong>: samedi 5 septembre 2026<\/li>\n<li><strong>S\u00e9lectif GPF d&rsquo;agility :<\/strong> dimanche 11 octobre 2026 avec Mr GERY G\u00e9rard&nbsp;<\/li>\n<\/ul>\n<hr>\n<h3><strong>Fonctionnement des cours d&rsquo;\u00e9ducation : tous les Samedis (sauf vacances scolaires) de 11 heures \u00e0 midi.<br \/>\n<\/strong><\/h3>\n<p><span style=\"color: #ff6600;\"><strong><strong>1\/ ORGANISATION DES COURS PAR <u>GROUPE DE NIVEAU<\/u> :&nbsp;<\/strong><\/strong><\/span><\/p>\n<ul>\n<li><strong>Groupe des 101 DALMATIENS<\/strong> (groupe des chiots jusqu&rsquo;\u00e0 6 mois)<\/li>\n<li><strong>Groupe SNOOPY<\/strong> (<u>Niveau 1<\/u> accueillant les chiots aptes de 6 mois r\u00e9volus et les nouveaux chiens)<\/li>\n<li><strong>Groupe SCOUBIDOU<\/strong> (<u>Niveau 2<\/u> accueillant les chiens qui ont acquis le assis, couch\u00e9 et le rappel)<\/li>\n<li><strong>Groupe REX<\/strong> (<u>Niveau 3<\/u> accueillant les chiens qui ont acquis la marche en laisse, le pas bouger &#8211; absence)<\/li>\n<\/ul>\n<p><strong><span style=\"color: #ff6600;\">2\/ PRECISIONS SUR LES CONDUCTEURS ET ACCOMPAGNATEURS :<\/span> <\/strong><\/p>\n<p>Les conducteurs doivent imp\u00e9rativement avoir au moins 12 ans. Tout accompagnateur de moins de 18 ans devra faire l&rsquo;objet d&rsquo;une autorisation parentale sign\u00e9e au moment de l&rsquo;inscription. Seule la pr\u00e9sence d&rsquo;un ma\u00eetre sera autoris\u00e9e sur le terrain. Les accompagnants pourront regarder les cours sur les abords du terrain.<\/p>\n<p><strong><span style=\"color: #ff6600;\">3\/ PROPRETE :<\/span> <\/strong><\/p>\n<p>Merci \u00e0 chaque adh\u00e9rent de ramasser syst\u00e9matiquement les d\u00e9jections de votre chien<\/p>\n<hr>\n<p><span style=\"color: #333399;\"><em><strong>Venez d\u00e9couvrir notre nouvelle section&nbsp;\u21d2&nbsp;<a style=\"color: #333399;\" href=\"http:\/\/www.amicalecaninedijon.net\/wordpress\/chiens-visiteurs\/\">Chiens visiteurs<\/a><\/strong><\/em><\/span><\/p>\n<p>Si vous \u00eates int\u00e9ress\u00e9s, faites le nous savoir ! des formations seront prochainement propos\u00e9es. Votre chien doit avoir 12 mois r\u00e9volus.<\/p>\n<hr>\n<p><span style=\"color: #ff6600;\"><span style=\"color: #d47333;\"><strong>ACCUEIL : BIENVENUE A L&rsquo;AMICALE DIJONNAISE DES SPORTS CANINS (ADSC)<\/strong><\/span><br \/>\n<\/span><\/p>\n<p><a href=\"http:\/\/www.amicalecaninedijon.net\/wordpress\/wp-content\/uploads\/2016\/01\/IMG_2854-21.jpg\"><img loading=\"lazy\" decoding=\"async\" class=\"size-medium wp-image-1122 alignleft\" src=\"http:\/\/www.amicalecaninedijon.net\/wordpress\/wp-content\/uploads\/2016\/01\/IMG_2854-21-225x300.jpg\" alt=\"IMG_2854 (2)\" width=\"225\" height=\"300\" srcset=\"http:\/\/www.amicalecaninedijon.net\/wordpress\/wp-content\/uploads\/2016\/01\/IMG_2854-21-225x300.jpg 225w, http:\/\/www.amicalecaninedijon.net\/wordpress\/wp-content\/uploads\/2016\/01\/IMG_2854-21.jpg 420w\" sizes=\"(max-width: 225px) 100vw, 225px\" \/><\/a>Vous avez un chien ou un chiot&nbsp;? Il est plein d&rsquo;\u00e9nergie, turbulent, trop sage&#8230; Vous avez envie d&rsquo;avoir une grande complicit\u00e9 avec lui et l&rsquo;aider \u00e0 acqu\u00e9rir une ob\u00e9issance quotidienne \u00e0 la vie en soci\u00e9t\u00e9, venez nous rejoindre \u00e0 l\u2019ADSC au Parc Valmy \u00e0 Dijon.<\/p>\n<p>Nous r\u00e9pondrons \u00e0 vos questions et vous d\u00e9couvrirez nos diff\u00e9rentes disciplines.<\/p>\n<hr>\n<p style=\"text-align: justify;\">L&rsquo;<strong>A<\/strong>micale <strong>D<\/strong>ijonnaise des <strong>S<\/strong>ports <strong>C<\/strong>anins est&nbsp;le club associatif d&rsquo;aide et conseil pour l&rsquo;\u00e9ducation et le dressage des chiens de la ville de Dijon, anim\u00e9 par des moniteurs qualifi\u00e9s.<\/p>\n<p style=\"text-align: center;\"><span style=\"color: #ba5714;\"><strong><em>m\u00e9thode positive, douce et naturelle par&nbsp;<\/em><em>le jeu et la r\u00e9compense<\/em><\/strong><\/span><\/p>\n<p style=\"text-align: justify;\">Cette m\u00e9thode s&rsquo;applique aussi bien aux chiots qu\u2019aux chiens adultes, quelles que soient leurs races.<\/p>\n<p style=\"text-align: justify;\">Les s\u00e9ances d&rsquo;\u00e9ducation des chiens et d&rsquo;\u00e9cole des chiots ont lieu chaque samedi de 11 h \u00e0 midi (hors vacances scolaires).<\/p>\n<p style=\"text-align: justify;\">Le Club de l&rsquo;ADSC, c&rsquo;est aussi la pr\u00e9paration d&rsquo;\u00e9quipes cynophiles \u00e0 la comp\u00e9tition dans plusieurs disciplines :<\/p>\n<ul>\n<li><a href=\"http:\/\/www.amicalecaninedijon.net\/wordpress\/sports-canins-dijon\/obeissance-chien\/\">Ob\u00e9i<\/a><a href=\"http:\/\/www.amicalecaninedijon.net\/wordpress\/sports-canins-dijon\/obeissance-chien\/\">ssance<\/a><\/li>\n<li><a href=\"http:\/\/www.amicalecaninedijon.net\/wordpress\/sports-canins-dijon\/agility-dijon\/\">Agility<\/a><\/li>\n<li><a href=\"http:\/\/www.amicalecaninedijon.net\/wordpress\/sports-canins-dijon\/le-pistage-francais\/\">Pistage fran\u00e7ais<\/a>&nbsp;<\/li>\n<li><span style=\"color: #3366ff;\">Hoopers<\/span><\/li>\n<\/ul>\n","protected":false},"excerpt":{"rendered":"<p>&nbsp; Les vacances de P\u00e2ques arrivent bient\u00f4t&#8230; Dernier cours avant les vacances le samedi 4 avril, fermeture les 11 et 18 avril et reprise des cours le 25 avril. &nbsp; &nbsp; N&rsquo;oubliez pas vos cartes d&rsquo;adh\u00e9sion, un contr\u00f4le est r\u00e9alis\u00e9 r\u00e9guli\u00e8rement par nos moniteurs avant l&rsquo;entr\u00e9e aux cours (vous pouvez la photographier sur vos portables). &hellip; <a href=\"http:\/\/www.amicalecaninedijon.net\/wordpress\/\" class=\"more-link\">Continuer la lecture de <span class=\"screen-reader-text\">ACTUALITE &#038; ACCUEIL<\/span><\/a><\/p>\n","protected":false},"author":2,"featured_media":3119,"parent":0,"menu_order":0,"comment_status":"closed","ping_status":"open","template":"","meta":{"ngg_post_thumbnail":0,"footnotes":""},"class_list":["post-422","page","type-page","status-publish","has-post-thumbnail","hentry"],"yoast_head":"<!-- This site is optimized with the Yoast SEO plugin v24.9 - https:\/\/yoast.com\/wordpress\/plugins\/seo\/ -->\n<title>AMICALE DIJONNAISE DES SPORTS CANINS<\/title>\n<meta name=\"description\" content=\"L&#039;Amicale Dijonnaise des Sports Canins : club associatif d&#039;aide et conseil pour l&#039;\u00e9ducation des chiens de la ville de Dijon, moniteurs dressage qualifi\u00e9s.\" \/>\n<meta name=\"robots\" content=\"index, follow, max-snippet:-1, max-image-preview:large, max-video-preview:-1\" \/>\n<link rel=\"canonical\" href=\"http:\/\/www.amicalecaninedijon.net\/wordpress\/\" \/>\n<meta property=\"og:locale\" content=\"fr_FR\" \/>\n<meta property=\"og:type\" content=\"article\" \/>\n<meta property=\"og:title\" content=\"AMICALE DIJONNAISE DES SPORTS CANINS\" \/>\n<meta property=\"og:description\" content=\"L&#039;Amicale Dijonnaise des Sports Canins : club associatif d&#039;aide et conseil pour l&#039;\u00e9ducation des chiens de la ville de Dijon, moniteurs dressage qualifi\u00e9s.\" \/>\n<meta property=\"og:url\" content=\"http:\/\/www.amicalecaninedijon.net\/wordpress\/\" \/>\n<meta property=\"og:site_name\" content=\"ADSC\" \/>\n<meta property=\"article:modified_time\" content=\"2026-03-30T15:56:43+00:00\" \/>\n<meta property=\"og:image\" content=\"http:\/\/www.amicalecaninedijon.net\/wordpress\/wp-content\/uploads\/2015\/02\/IMG_7439-1024x683.jpg\" \/>\n\t<meta property=\"og:image:width\" content=\"1024\" \/>\n\t<meta property=\"og:image:height\" content=\"683\" \/>\n\t<meta property=\"og:image:type\" content=\"image\/jpeg\" \/>\n<meta name=\"twitter:label1\" content=\"Dur\u00e9e de lecture estim\u00e9e\" \/>\n\t<meta name=\"twitter:data1\" content=\"4 minutes\" \/>\n<script type=\"application\/ld+json\" class=\"yoast-schema-graph\">{\"@context\":\"https:\/\/schema.org\",\"@graph\":[{\"@type\":\"WebPage\",\"@id\":\"http:\/\/www.amicalecaninedijon.net\/wordpress\/\",\"url\":\"http:\/\/www.amicalecaninedijon.net\/wordpress\/\",\"name\":\"AMICALE DIJONNAISE DES SPORTS CANINS\",\"isPartOf\":{\"@id\":\"http:\/\/www.amicalecaninedijon.net\/wordpress\/#website\"},\"primaryImageOfPage\":{\"@id\":\"http:\/\/www.amicalecaninedijon.net\/wordpress\/#primaryimage\"},\"image\":{\"@id\":\"http:\/\/www.amicalecaninedijon.net\/wordpress\/#primaryimage\"},\"thumbnailUrl\":\"http:\/\/www.amicalecaninedijon.net\/wordpress\/wp-content\/uploads\/2015\/02\/IMG_7439.jpg\",\"datePublished\":\"2015-04-13T16:51:43+00:00\",\"dateModified\":\"2026-03-30T15:56:43+00:00\",\"description\":\"L'Amicale Dijonnaise des Sports Canins : club associatif d'aide et conseil pour l'\u00e9ducation des chiens de la ville de Dijon, moniteurs dressage qualifi\u00e9s.\",\"breadcrumb\":{\"@id\":\"http:\/\/www.amicalecaninedijon.net\/wordpress\/#breadcrumb\"},\"inLanguage\":\"fr-FR\",\"potentialAction\":[{\"@type\":\"ReadAction\",\"target\":[\"http:\/\/www.amicalecaninedijon.net\/wordpress\/\"]}]},{\"@type\":\"ImageObject\",\"inLanguage\":\"fr-FR\",\"@id\":\"http:\/\/www.amicalecaninedijon.net\/wordpress\/#primaryimage\",\"url\":\"http:\/\/www.amicalecaninedijon.net\/wordpress\/wp-content\/uploads\/2015\/02\/IMG_7439.jpg\",\"contentUrl\":\"http:\/\/www.amicalecaninedijon.net\/wordpress\/wp-content\/uploads\/2015\/02\/IMG_7439.jpg\",\"width\":4000,\"height\":2667},{\"@type\":\"BreadcrumbList\",\"@id\":\"http:\/\/www.amicalecaninedijon.net\/wordpress\/#breadcrumb\",\"itemListElement\":[{\"@type\":\"ListItem\",\"position\":1,\"name\":\"Accueil\",\"item\":\"http:\/\/www.amicalecaninedijon.net\/wordpress\/\"},{\"@type\":\"ListItem\",\"position\":2,\"name\":\"ACTUALITE &#038; ACCUEIL\"}]},{\"@type\":\"WebSite\",\"@id\":\"http:\/\/www.amicalecaninedijon.net\/wordpress\/#website\",\"url\":\"http:\/\/www.amicalecaninedijon.net\/wordpress\/\",\"name\":\"ADSC\",\"description\":\"AMICALE DIJONNAISE DES SPORTS CANINS\",\"potentialAction\":[{\"@type\":\"SearchAction\",\"target\":{\"@type\":\"EntryPoint\",\"urlTemplate\":\"http:\/\/www.amicalecaninedijon.net\/wordpress\/?s={search_term_string}\"},\"query-input\":{\"@type\":\"PropertyValueSpecification\",\"valueRequired\":true,\"valueName\":\"search_term_string\"}}],\"inLanguage\":\"fr-FR\"}]}<\/script>\n<!-- \/ Yoast SEO plugin. -->","yoast_head_json":{"title":"AMICALE DIJONNAISE DES SPORTS CANINS","description":"L'Amicale Dijonnaise des Sports Canins : club associatif d'aide et conseil pour l'\u00e9ducation des chiens de la ville de Dijon, moniteurs dressage qualifi\u00e9s.","robots":{"index":"index","follow":"follow","max-snippet":"max-snippet:-1","max-image-preview":"max-image-preview:large","max-video-preview":"max-video-preview:-1"},"canonical":"http:\/\/www.amicalecaninedijon.net\/wordpress\/","og_locale":"fr_FR","og_type":"article","og_title":"AMICALE DIJONNAISE DES SPORTS CANINS","og_description":"L'Amicale Dijonnaise des Sports Canins : club associatif d'aide et conseil pour l'\u00e9ducation des chiens de la ville de Dijon, moniteurs dressage qualifi\u00e9s.","og_url":"http:\/\/www.amicalecaninedijon.net\/wordpress\/","og_site_name":"ADSC","article_modified_time":"2026-03-30T15:56:43+00:00","og_image":[{"width":1024,"height":683,"url":"http:\/\/www.amicalecaninedijon.net\/wordpress\/wp-content\/uploads\/2015\/02\/IMG_7439-1024x683.jpg","type":"image\/jpeg"}],"twitter_misc":{"Dur\u00e9e de lecture estim\u00e9e":"4 minutes"},"schema":{"@context":"https:\/\/schema.org","@graph":[{"@type":"WebPage","@id":"http:\/\/www.amicalecaninedijon.net\/wordpress\/","url":"http:\/\/www.amicalecaninedijon.net\/wordpress\/","name":"AMICALE DIJONNAISE DES SPORTS CANINS","isPartOf":{"@id":"http:\/\/www.amicalecaninedijon.net\/wordpress\/#website"},"primaryImageOfPage":{"@id":"http:\/\/www.amicalecaninedijon.net\/wordpress\/#primaryimage"},"image":{"@id":"http:\/\/www.amicalecaninedijon.net\/wordpress\/#primaryimage"},"thumbnailUrl":"http:\/\/www.amicalecaninedijon.net\/wordpress\/wp-content\/uploads\/2015\/02\/IMG_7439.jpg","datePublished":"2015-04-13T16:51:43+00:00","dateModified":"2026-03-30T15:56:43+00:00","description":"L'Amicale Dijonnaise des Sports Canins : club associatif d'aide et conseil pour l'\u00e9ducation des chiens de la ville de Dijon, moniteurs dressage qualifi\u00e9s.","breadcrumb":{"@id":"http:\/\/www.amicalecaninedijon.net\/wordpress\/#breadcrumb"},"inLanguage":"fr-FR","potentialAction":[{"@type":"ReadAction","target":["http:\/\/www.amicalecaninedijon.net\/wordpress\/"]}]},{"@type":"ImageObject","inLanguage":"fr-FR","@id":"http:\/\/www.amicalecaninedijon.net\/wordpress\/#primaryimage","url":"http:\/\/www.amicalecaninedijon.net\/wordpress\/wp-content\/uploads\/2015\/02\/IMG_7439.jpg","contentUrl":"http:\/\/www.amicalecaninedijon.net\/wordpress\/wp-content\/uploads\/2015\/02\/IMG_7439.jpg","width":4000,"height":2667},{"@type":"BreadcrumbList","@id":"http:\/\/www.amicalecaninedijon.net\/wordpress\/#breadcrumb","itemListElement":[{"@type":"ListItem","position":1,"name":"Accueil","item":"http:\/\/www.amicalecaninedijon.net\/wordpress\/"},{"@type":"ListItem","position":2,"name":"ACTUALITE &#038; ACCUEIL"}]},{"@type":"WebSite","@id":"http:\/\/www.amicalecaninedijon.net\/wordpress\/#website","url":"http:\/\/www.amicalecaninedijon.net\/wordpress\/","name":"ADSC","description":"AMICALE DIJONNAISE DES SPORTS CANINS","potentialAction":[{"@type":"SearchAction","target":{"@type":"EntryPoint","urlTemplate":"http:\/\/www.amicalecaninedijon.net\/wordpress\/?s={search_term_string}"},"query-input":{"@type":"PropertyValueSpecification","valueRequired":true,"valueName":"search_term_string"}}],"inLanguage":"fr-FR"}]}},"_links":{"self":[{"href":"http:\/\/www.amicalecaninedijon.net\/wordpress\/wp-json\/wp\/v2\/pages\/422"}],"collection":[{"href":"http:\/\/www.amicalecaninedijon.net\/wordpress\/wp-json\/wp\/v2\/pages"}],"about":[{"href":"http:\/\/www.amicalecaninedijon.net\/wordpress\/wp-json\/wp\/v2\/types\/page"}],"author":[{"embeddable":true,"href":"http:\/\/www.amicalecaninedijon.net\/wordpress\/wp-json\/wp\/v2\/users\/2"}],"replies":[{"embeddable":true,"href":"http:\/\/www.amicalecaninedijon.net\/wordpress\/wp-json\/wp\/v2\/comments?post=422"}],"version-history":[{"count":431,"href":"http:\/\/www.amicalecaninedijon.net\/wordpress\/wp-json\/wp\/v2\/pages\/422\/revisions"}],"predecessor-version":[{"id":5121,"href":"http:\/\/www.amicalecaninedijon.net\/wordpress\/wp-json\/wp\/v2\/pages\/422\/revisions\/5121"}],"wp:featuredmedia":[{"embeddable":true,"href":"http:\/\/www.amicalecaninedijon.net\/wordpress\/wp-json\/wp\/v2\/media\/3119"}],"wp:attachment":[{"href":"http:\/\/www.amicalecaninedijon.net\/wordpress\/wp-json\/wp\/v2\/media?parent=422"}],"curies":[{"name":"wp","href":"https:\/\/api.w.org\/{rel}","templated":true}]}}