{"id":527,"date":"2015-06-21T12:07:44","date_gmt":"2015-06-21T10:07:44","guid":{"rendered":"http:\/\/www.amicalecaninedijon.net\/wordpress\/?page_id=527"},"modified":"2024-05-08T18:24:02","modified_gmt":"2024-05-08T16:24:02","slug":"plan-acces","status":"publish","type":"page","link":"http:\/\/www.amicalecaninedijon.net\/wordpress\/le-club\/plan-acces\/","title":{"rendered":"Plan d&rsquo;acc\u00e8s"},"content":{"rendered":"<h4>Plan d\u2019acc\u00e8s : saisir \u00ab\u00a0Ring canin de Valmy\u00a0\u00bb sur Google maps<\/h4>\n<p><a href=\"http:\/\/www.amicalecaninedijon.net\/wordpress\/wp-content\/uploads\/2022\/10\/plan-dacc\u00e8s.jpg\"><img loading=\"lazy\" decoding=\"async\" class=\"alignnone size-full wp-image-4749\" src=\"http:\/\/www.amicalecaninedijon.net\/wordpress\/wp-content\/uploads\/2022\/10\/plan-dacc\u00e8s.jpg\" alt=\"\" width=\"712\" height=\"819\" srcset=\"http:\/\/www.amicalecaninedijon.net\/wordpress\/wp-content\/uploads\/2022\/10\/plan-dacc\u00e8s.jpg 712w, http:\/\/www.amicalecaninedijon.net\/wordpress\/wp-content\/uploads\/2022\/10\/plan-dacc\u00e8s-261x300.jpg 261w\" sizes=\"(max-width: 712px) 100vw, 712px\" \/><\/a><\/p>\n<p><a href=\"http:\/\/www.amicalecaninedijon.net\/wordpress\/wp-content\/uploads\/2015\/02\/acces-terrain.jpg\"><img loading=\"lazy\" decoding=\"async\" class=\"alignnone wp-image-121 size-full\" src=\"http:\/\/www.amicalecaninedijon.net\/wordpress\/wp-content\/uploads\/2015\/02\/acces-terrain.jpg\" alt=\"acces terrain association chien dijon\" width=\"474\" height=\"669\" srcset=\"http:\/\/www.amicalecaninedijon.net\/wordpress\/wp-content\/uploads\/2015\/02\/acces-terrain.jpg 474w, http:\/\/www.amicalecaninedijon.net\/wordpress\/wp-content\/uploads\/2015\/02\/acces-terrain-213x300.jpg 213w\" sizes=\"(max-width: 474px) 100vw, 474px\" \/><\/a><\/p>\n<p>&nbsp;<\/p>\n<p>&nbsp;<\/p>\n<p>&nbsp;<\/p>\n","protected":false},"excerpt":{"rendered":"<p>Plan d\u2019acc\u00e8s : saisir \u00ab\u00a0Ring canin de Valmy\u00a0\u00bb sur Google maps &nbsp; &nbsp; &nbsp;<\/p>\n","protected":false},"author":2,"featured_media":0,"parent":12,"menu_order":4,"comment_status":"closed","ping_status":"open","template":"","meta":{"ngg_post_thumbnail":0,"footnotes":""},"class_list":["post-527","page","type-page","status-publish","hentry"],"yoast_head":"<!-- This site is optimized with the Yoast SEO plugin v24.9 - https:\/\/yoast.com\/wordpress\/plugins\/seo\/ -->\n<title>Plan d&#039;acc\u00e8s ADSC<\/title>\n<meta name=\"description\" content=\"Se rendre au ring canin ADSC : Dijon nord, route de Langres, premi\u00e8re \u00e0 droite apr\u00e8s Valmy\" \/>\n<meta name=\"robots\" content=\"index, follow, max-snippet:-1, max-image-preview:large, max-video-preview:-1\" \/>\n<link rel=\"canonical\" href=\"http:\/\/www.amicalecaninedijon.net\/wordpress\/le-club\/plan-acces\/\" \/>\n<meta property=\"og:locale\" content=\"fr_FR\" \/>\n<meta property=\"og:type\" content=\"article\" \/>\n<meta property=\"og:title\" content=\"Plan d&#039;acc\u00e8s ADSC\" \/>\n<meta property=\"og:description\" content=\"Se rendre au ring canin ADSC : Dijon nord, route de Langres, premi\u00e8re \u00e0 droite apr\u00e8s Valmy\" \/>\n<meta property=\"og:url\" content=\"http:\/\/www.amicalecaninedijon.net\/wordpress\/le-club\/plan-acces\/\" \/>\n<meta property=\"og:site_name\" content=\"ADSC\" \/>\n<meta property=\"article:modified_time\" content=\"2024-05-08T16:24:02+00:00\" \/>\n<meta property=\"og:image\" content=\"http:\/\/www.amicalecaninedijon.net\/wordpress\/wp-content\/uploads\/2015\/02\/acces-terrain.jpg\" \/>\n<script type=\"application\/ld+json\" class=\"yoast-schema-graph\">{\"@context\":\"https:\/\/schema.org\",\"@graph\":[{\"@type\":\"WebPage\",\"@id\":\"http:\/\/www.amicalecaninedijon.net\/wordpress\/le-club\/plan-acces\/\",\"url\":\"http:\/\/www.amicalecaninedijon.net\/wordpress\/le-club\/plan-acces\/\",\"name\":\"Plan d'acc\u00e8s ADSC\",\"isPartOf\":{\"@id\":\"http:\/\/www.amicalecaninedijon.net\/wordpress\/#website\"},\"primaryImageOfPage\":{\"@id\":\"http:\/\/www.amicalecaninedijon.net\/wordpress\/le-club\/plan-acces\/#primaryimage\"},\"image\":{\"@id\":\"http:\/\/www.amicalecaninedijon.net\/wordpress\/le-club\/plan-acces\/#primaryimage\"},\"thumbnailUrl\":\"http:\/\/www.amicalecaninedijon.net\/wordpress\/wp-content\/uploads\/2015\/02\/acces-terrain.jpg\",\"datePublished\":\"2015-06-21T10:07:44+00:00\",\"dateModified\":\"2024-05-08T16:24:02+00:00\",\"description\":\"Se rendre au ring canin ADSC : Dijon nord, route de Langres, premi\u00e8re \u00e0 droite apr\u00e8s Valmy\",\"breadcrumb\":{\"@id\":\"http:\/\/www.amicalecaninedijon.net\/wordpress\/le-club\/plan-acces\/#breadcrumb\"},\"inLanguage\":\"fr-FR\",\"potentialAction\":[{\"@type\":\"ReadAction\",\"target\":[\"http:\/\/www.amicalecaninedijon.net\/wordpress\/le-club\/plan-acces\/\"]}]},{\"@type\":\"ImageObject\",\"inLanguage\":\"fr-FR\",\"@id\":\"http:\/\/www.amicalecaninedijon.net\/wordpress\/le-club\/plan-acces\/#primaryimage\",\"url\":\"http:\/\/www.amicalecaninedijon.net\/wordpress\/wp-content\/uploads\/2015\/02\/acces-terrain.jpg\",\"contentUrl\":\"http:\/\/www.amicalecaninedijon.net\/wordpress\/wp-content\/uploads\/2015\/02\/acces-terrain.jpg\",\"width\":474,\"height\":669},{\"@type\":\"BreadcrumbList\",\"@id\":\"http:\/\/www.amicalecaninedijon.net\/wordpress\/le-club\/plan-acces\/#breadcrumb\",\"itemListElement\":[{\"@type\":\"ListItem\",\"position\":1,\"name\":\"Accueil\",\"item\":\"http:\/\/www.amicalecaninedijon.net\/wordpress\/\"},{\"@type\":\"ListItem\",\"position\":2,\"name\":\"Le club\",\"item\":\"http:\/\/www.amicalecaninedijon.net\/wordpress\/le-club\/\"},{\"@type\":\"ListItem\",\"position\":3,\"name\":\"Plan d&rsquo;acc\u00e8s\"}]},{\"@type\":\"WebSite\",\"@id\":\"http:\/\/www.amicalecaninedijon.net\/wordpress\/#website\",\"url\":\"http:\/\/www.amicalecaninedijon.net\/wordpress\/\",\"name\":\"ADSC\",\"description\":\"AMICALE DIJONNAISE DES SPORTS CANINS\",\"potentialAction\":[{\"@type\":\"SearchAction\",\"target\":{\"@type\":\"EntryPoint\",\"urlTemplate\":\"http:\/\/www.amicalecaninedijon.net\/wordpress\/?s={search_term_string}\"},\"query-input\":{\"@type\":\"PropertyValueSpecification\",\"valueRequired\":true,\"valueName\":\"search_term_string\"}}],\"inLanguage\":\"fr-FR\"}]}<\/script>\n<!-- \/ Yoast SEO plugin. -->","yoast_head_json":{"title":"Plan d'acc\u00e8s ADSC","description":"Se rendre au ring canin ADSC : Dijon nord, route de Langres, premi\u00e8re \u00e0 droite apr\u00e8s Valmy","robots":{"index":"index","follow":"follow","max-snippet":"max-snippet:-1","max-image-preview":"max-image-preview:large","max-video-preview":"max-video-preview:-1"},"canonical":"http:\/\/www.amicalecaninedijon.net\/wordpress\/le-club\/plan-acces\/","og_locale":"fr_FR","og_type":"article","og_title":"Plan d'acc\u00e8s ADSC","og_description":"Se rendre au ring canin ADSC : Dijon nord, route de Langres, premi\u00e8re \u00e0 droite apr\u00e8s Valmy","og_url":"http:\/\/www.amicalecaninedijon.net\/wordpress\/le-club\/plan-acces\/","og_site_name":"ADSC","article_modified_time":"2024-05-08T16:24:02+00:00","og_image":[{"url":"http:\/\/www.amicalecaninedijon.net\/wordpress\/wp-content\/uploads\/2015\/02\/acces-terrain.jpg","type":"","width":"","height":""}],"schema":{"@context":"https:\/\/schema.org","@graph":[{"@type":"WebPage","@id":"http:\/\/www.amicalecaninedijon.net\/wordpress\/le-club\/plan-acces\/","url":"http:\/\/www.amicalecaninedijon.net\/wordpress\/le-club\/plan-acces\/","name":"Plan d'acc\u00e8s ADSC","isPartOf":{"@id":"http:\/\/www.amicalecaninedijon.net\/wordpress\/#website"},"primaryImageOfPage":{"@id":"http:\/\/www.amicalecaninedijon.net\/wordpress\/le-club\/plan-acces\/#primaryimage"},"image":{"@id":"http:\/\/www.amicalecaninedijon.net\/wordpress\/le-club\/plan-acces\/#primaryimage"},"thumbnailUrl":"http:\/\/www.amicalecaninedijon.net\/wordpress\/wp-content\/uploads\/2015\/02\/acces-terrain.jpg","datePublished":"2015-06-21T10:07:44+00:00","dateModified":"2024-05-08T16:24:02+00:00","description":"Se rendre au ring canin ADSC : Dijon nord, route de Langres, premi\u00e8re \u00e0 droite apr\u00e8s Valmy","breadcrumb":{"@id":"http:\/\/www.amicalecaninedijon.net\/wordpress\/le-club\/plan-acces\/#breadcrumb"},"inLanguage":"fr-FR","potentialAction":[{"@type":"ReadAction","target":["http:\/\/www.amicalecaninedijon.net\/wordpress\/le-club\/plan-acces\/"]}]},{"@type":"ImageObject","inLanguage":"fr-FR","@id":"http:\/\/www.amicalecaninedijon.net\/wordpress\/le-club\/plan-acces\/#primaryimage","url":"http:\/\/www.amicalecaninedijon.net\/wordpress\/wp-content\/uploads\/2015\/02\/acces-terrain.jpg","contentUrl":"http:\/\/www.amicalecaninedijon.net\/wordpress\/wp-content\/uploads\/2015\/02\/acces-terrain.jpg","width":474,"height":669},{"@type":"BreadcrumbList","@id":"http:\/\/www.amicalecaninedijon.net\/wordpress\/le-club\/plan-acces\/#breadcrumb","itemListElement":[{"@type":"ListItem","position":1,"name":"Accueil","item":"http:\/\/www.amicalecaninedijon.net\/wordpress\/"},{"@type":"ListItem","position":2,"name":"Le club","item":"http:\/\/www.amicalecaninedijon.net\/wordpress\/le-club\/"},{"@type":"ListItem","position":3,"name":"Plan d&rsquo;acc\u00e8s"}]},{"@type":"WebSite","@id":"http:\/\/www.amicalecaninedijon.net\/wordpress\/#website","url":"http:\/\/www.amicalecaninedijon.net\/wordpress\/","name":"ADSC","description":"AMICALE DIJONNAISE DES SPORTS CANINS","potentialAction":[{"@type":"SearchAction","target":{"@type":"EntryPoint","urlTemplate":"http:\/\/www.amicalecaninedijon.net\/wordpress\/?s={search_term_string}"},"query-input":{"@type":"PropertyValueSpecification","valueRequired":true,"valueName":"search_term_string"}}],"inLanguage":"fr-FR"}]}},"_links":{"self":[{"href":"http:\/\/www.amicalecaninedijon.net\/wordpress\/wp-json\/wp\/v2\/pages\/527"}],"collection":[{"href":"http:\/\/www.amicalecaninedijon.net\/wordpress\/wp-json\/wp\/v2\/pages"}],"about":[{"href":"http:\/\/www.amicalecaninedijon.net\/wordpress\/wp-json\/wp\/v2\/types\/page"}],"author":[{"embeddable":true,"href":"http:\/\/www.amicalecaninedijon.net\/wordpress\/wp-json\/wp\/v2\/users\/2"}],"replies":[{"embeddable":true,"href":"http:\/\/www.amicalecaninedijon.net\/wordpress\/wp-json\/wp\/v2\/comments?post=527"}],"version-history":[{"count":6,"href":"http:\/\/www.amicalecaninedijon.net\/wordpress\/wp-json\/wp\/v2\/pages\/527\/revisions"}],"predecessor-version":[{"id":4913,"href":"http:\/\/www.amicalecaninedijon.net\/wordpress\/wp-json\/wp\/v2\/pages\/527\/revisions\/4913"}],"up":[{"embeddable":true,"href":"http:\/\/www.amicalecaninedijon.net\/wordpress\/wp-json\/wp\/v2\/pages\/12"}],"wp:attachment":[{"href":"http:\/\/www.amicalecaninedijon.net\/wordpress\/wp-json\/wp\/v2\/media?parent=527"}],"curies":[{"name":"wp","href":"https:\/\/api.w.org\/{rel}","templated":true}]}}