{"id":53,"date":"2015-02-12T13:27:07","date_gmt":"2015-02-12T12:27:07","guid":{"rendered":"http:\/\/www.amicalecaninedijon.net\/wordpress\/?page_id=53"},"modified":"2020-12-21T18:28:46","modified_gmt":"2020-12-21T17:28:46","slug":"historique","status":"publish","type":"page","link":"http:\/\/www.amicalecaninedijon.net\/wordpress\/le-club\/historique\/","title":{"rendered":"Historique"},"content":{"rendered":"<p>C&rsquo;est en 1971 que Gilbert BERTRAND fonda le club \u00ab\u00a0L&rsquo;amicale Dijonnaise du chien de d\u00e9fense\u00a0\u00bb, club canin qui devint \u00ab\u00a0l&rsquo;Amicale Dijonnaise des Sports Canins\u00a0\u00bb en 1998.<\/p>\n<p>Cr\u00e9\u00e9 \u00e0 l&rsquo;origine pour \u00eatre un club de comp\u00e9tition dans les diverses disciplines d&rsquo;utilisation (domaine o\u00f9 elle a excell\u00e9 sous l&rsquo;impulsion de quelques fortes personnalit\u00e9s et le concours de \u00ab\u00a0grands chiens\u00a0\u00bb) l&rsquo;Amicale Dijonnaise se met aussi aujourd&rsquo;hui \u00e0 la disposition de toutes les personnes d\u00e9sireuses d&rsquo;\u00e9duquer leur compagnon.<\/p>\n<p>Pendant plus de 20 ans, les \u00e9quipes cynophiles se sont entra\u00een\u00e9es sur le terrain de Corcelles Les Monts : peu pratique et peu commode d&rsquo;acc\u00e8s, sans eau ni \u00e9lectricit\u00e9. Longtemps sollicit\u00e9e par le pr\u00e9sident de l&rsquo;Amicale, en 1995, la ville de Dijon (Service des sports) installe le terrain actuel de Valmy. Une \u00e9cole d&rsquo;\u00e9ducation canine y a \u00e9t\u00e9 cr\u00e9\u00e9e et fonctionne toujours avec r\u00e9ussite. Une \u00e9cole des chiots vient de voir le jour en mars 2009.<\/p>\n<h4><span style=\"text-decoration: underline;\">Les diff\u00e9rents pr\u00e9sidents :<\/span><\/h4>\n<p>Maryline MARTIN &#8211; 2016 \u00e0 ce jour<\/p>\n<p>Patrick PICOLET &#8211; 2014\/2015<br \/>\nRobert POTIER &#8211; 2013<br \/>\nMichel JOLY &#8211; 2006\/2012<br \/>\nJean Louis DUBUS &#8211; 2003\/2005<br \/>\nLouis CHAPPAZ &#8211; 2000\/2002<br \/>\nJocelyne GUYONNET &#8211; 1999<br \/>\nDaniel FIX&nbsp; -1996\/1998<br \/>\nAlain BLANCHET &#8211; 1978\/1995<br \/>\nGilbert BERTRAND &#8211; 1971\/1977<\/p>\n<h4>Le RCI n&rsquo;est plus pratiqu\u00e9 \u00e0 l&rsquo;ADSC depuis le 01\/01\/2017.<\/h4>\n<h4>Ils ont marqu\u00e9 l&rsquo;Amicale<\/h4>\n<p><span style=\"text-decoration: underline;\">Gilbert BERTRAND<\/span><br \/>\nPr\u00e9sident fondateur du club<br \/>\nPr\u00e9sident de la Soci\u00e9t\u00e9 Canine de Bourgogne<br \/>\nPr\u00e9sident de la sous commission de pistage<br \/>\nMembre de la commission d&rsquo;utilisation de la Soci\u00e9t\u00e9 Centrale Canine<br \/>\nJuge SCC en ring &#8211; campagne &#8211; pistage<br \/>\n13 finales en tant que concurrent<\/p>\n<p><span style=\"text-decoration: underline;\">Alain BLANCHET<\/span><br \/>\nPr\u00e9sident de l&rsquo;Amicale Dijonnaise durant 18 ans. Sous son impulsion, le campagne devint la discipline \u00ab\u00a0phare\u00a0\u00bb du club et les r\u00e9sultats jamais \u00e9gal\u00e9s.<br \/>\nH.A s\u00e9lectionn\u00e9 national<br \/>\nFinaliste en ring et en campagne<\/p>\n<p><span style=\"text-decoration: underline;\">G\u00e9rard BEY<\/span><br \/>\nJuge SCC en Ring.<br \/>\nGrand technicien cynophile, cheville ouvri\u00e8re de l&rsquo;Amicale.<br \/>\nRedoutable concurrent en ring et en campagne.<br \/>\n8 finales en campagne et 2 finales en ring.<\/p>\n<p><span style=\"text-decoration: underline;\">Daniel FIX<\/span><br \/>\nInitiateur de la nouvelle Amicale Dijonnaise des Sports Canins et de l&rsquo;\u00e9cole d&rsquo;\u00e9ducation canine au terrain de Valmy.<br \/>\nSon cr\u00e9do : Aimer son chien, c&rsquo;est l&rsquo;\u00e9duquer.<\/p>\n<p><span style=\"text-decoration: underline;\">Michel JOLY<\/span><br \/>\nPr\u00e9sident de l&rsquo;amicale durant 6ans (2006 \u00e0 2012)<br \/>\nPassionn\u00e9 de pistage fran\u00e7ais et le pratiquant \u00e0 haut niveau (\u00e9chelon 3) ainsi que l&rsquo;ob\u00e9issance (Ob\u00e9 1) avec ses bergers \u00ab\u00a0Blanc Suisse\u00a0\u00bb dont il \u00e9tait le fervent d\u00e9fenseur. Il adorait faire partager ses connaissances cynophiles et \u00e9tait toujours pr\u00eat \u00e0 rendre service sans compter son temps.<br \/>\nSon cr\u00e9do : Partager avec tous et aimer les chiens.<br \/>\nDiaporama souvenir<\/p>\n<p style=\"text-align: right;\">par Louis CHAPPAZ dit \u00ab\u00a0Loulou\u00a0\u00bb<\/p>\n<h4>Nos compagnons disparus<\/h4>\n<p><span style=\"text-decoration: underline;\">Matcho des deux Mandragores<\/span><\/p>\n<p>Matcho aura pratiqu\u00e9 6 disciplines ( Pistage Fran\u00e7ais, Ring, Campagne, Mondioring, Ob\u00e9issance et RCI) et particip\u00e9 \u00e0 107 concours dont 84 victoires. Ce berger belge n\u00e9 le 27\/09\/96 nous a quitt\u00e9 le 12\/07\/09 lors d&rsquo;une promenade avec son ma\u00eetre. F\u00e9licitations \u00e0 Matcho et Christophe pour ce parcours prodigieux.<\/p>\n<p><span style=\"text-decoration: underline;\">SIERRA<\/span><\/p>\n<p>Le 2 novembre SIERRA du Plateau du Val d&rsquo;Or \u00e0 Marcelle PERELLI s&rsquo;en allait pour la derni\u00e8re grande piste. Elle y rejoint beaucoup trop t\u00f4t les grands pisteurs disparus de la famille du Plateau du Val d&rsquo;Or.<\/p>\n<p>Excellente pisteuse, elle a particip\u00e9 durant 3 saisons aux s\u00e9lectifs en C et TLS et \u00e0 la coupe Espoir en 2006.<\/p>\n<p>Pour l&rsquo;avoir gard\u00e9e \u00e0 la maison \u00e0 diverses occasions, je garde le souvenir d&rsquo;une chienne tr\u00e8s sociable, douce et calme, agr\u00e9able \u00e0 vivre avec les gens et les autres chiens.<\/p>\n<p>Atteinte d&rsquo;une vilaine maladie invalidente sa ma\u00eetresse a tout essay\u00e9, tout tent\u00e9 pour la soigner et la sauver. En vain &#8230;<\/p>\n<p>Marcelle, je pleure SIERRA, elle manque \u00e0 toute l&rsquo;\u00e9quipe de pistage.<\/p>\n<p><span style=\"text-decoration: underline;\">MABROUK<\/span><\/p>\n<p>Le 9 novembre MABROUK du Val de VERGY \u00e0 Odile MARCHAL nous a lui aussi quitt\u00e9s apr\u00e8s 14 ann\u00e9es de fid\u00e9lit\u00e9 et de bonheur aupr\u00e8s de ses ma\u00eetres.<\/p>\n<p>Pisteur dans ses \u00ab\u00a0jeunes\u00a0\u00bb ann\u00e9es, son ind\u00e9pendance et son humeur fantaisiste donn\u00e8rent quelques soucis \u00e0 sa ma\u00eetresse.<\/p>\n<p>Jean et Odile nous sommes de tout coeur avec vous dans ces moments difficiles.<\/p>\n<p style=\"text-align: right;\">Louis CHAPPAZ au nom de l&rsquo;\u00e9quipe de pistage.<\/p>\n","protected":false},"excerpt":{"rendered":"<p>C&rsquo;est en 1971 que Gilbert BERTRAND fonda le club \u00ab\u00a0L&rsquo;amicale Dijonnaise du chien de d\u00e9fense\u00a0\u00bb, club canin qui devint \u00ab\u00a0l&rsquo;Amicale Dijonnaise des Sports Canins\u00a0\u00bb en 1998. Cr\u00e9\u00e9 \u00e0 l&rsquo;origine pour \u00eatre un club de comp\u00e9tition dans les diverses disciplines d&rsquo;utilisation (domaine o\u00f9 elle a excell\u00e9 sous l&rsquo;impulsion de quelques fortes personnalit\u00e9s et le concours de &hellip; <a href=\"http:\/\/www.amicalecaninedijon.net\/wordpress\/le-club\/historique\/\" class=\"more-link\">Continuer la lecture de <span class=\"screen-reader-text\">Historique<\/span><\/a><\/p>\n","protected":false},"author":2,"featured_media":345,"parent":12,"menu_order":1,"comment_status":"closed","ping_status":"closed","template":"","meta":{"ngg_post_thumbnail":0,"footnotes":""},"class_list":["post-53","page","type-page","status-publish","has-post-thumbnail","hentry"],"yoast_head":"<!-- This site is optimized with the Yoast SEO plugin v24.9 - https:\/\/yoast.com\/wordpress\/plugins\/seo\/ -->\n<title>Historique ADSC<\/title>\n<meta name=\"description\" content=\"C&#039;est en 1971 que Gilbert BERTRAND fonda le club &quot;L&#039;amicale Dijonnaise du chien de d\u00e9fense&quot;, club canin qui devint &quot;l&#039;Amicale Dijonnaise des Sports Canins&quot;.\" \/>\n<meta name=\"robots\" content=\"index, follow, max-snippet:-1, max-image-preview:large, max-video-preview:-1\" \/>\n<link rel=\"canonical\" href=\"http:\/\/www.amicalecaninedijon.net\/wordpress\/le-club\/historique\/\" \/>\n<meta property=\"og:locale\" content=\"fr_FR\" \/>\n<meta property=\"og:type\" content=\"article\" \/>\n<meta property=\"og:title\" content=\"Historique ADSC\" \/>\n<meta property=\"og:description\" content=\"C&#039;est en 1971 que Gilbert BERTRAND fonda le club &quot;L&#039;amicale Dijonnaise du chien de d\u00e9fense&quot;, club canin qui devint &quot;l&#039;Amicale Dijonnaise des Sports Canins&quot;.\" \/>\n<meta property=\"og:url\" content=\"http:\/\/www.amicalecaninedijon.net\/wordpress\/le-club\/historique\/\" \/>\n<meta property=\"og:site_name\" content=\"ADSC\" \/>\n<meta property=\"article:modified_time\" content=\"2020-12-21T17:28:46+00:00\" \/>\n<meta property=\"og:image\" content=\"http:\/\/www.amicalecaninedijon.net\/wordpress\/wp-content\/uploads\/2015\/02\/P-03.jpg\" \/>\n\t<meta property=\"og:image:width\" content=\"738\" \/>\n\t<meta property=\"og:image:height\" content=\"330\" \/>\n\t<meta property=\"og:image:type\" content=\"image\/jpeg\" \/>\n<meta name=\"twitter:label1\" content=\"Dur\u00e9e de lecture estim\u00e9e\" \/>\n\t<meta name=\"twitter:data1\" content=\"3 minutes\" \/>\n<script type=\"application\/ld+json\" class=\"yoast-schema-graph\">{\"@context\":\"https:\/\/schema.org\",\"@graph\":[{\"@type\":\"WebPage\",\"@id\":\"http:\/\/www.amicalecaninedijon.net\/wordpress\/le-club\/historique\/\",\"url\":\"http:\/\/www.amicalecaninedijon.net\/wordpress\/le-club\/historique\/\",\"name\":\"Historique ADSC\",\"isPartOf\":{\"@id\":\"http:\/\/www.amicalecaninedijon.net\/wordpress\/#website\"},\"primaryImageOfPage\":{\"@id\":\"http:\/\/www.amicalecaninedijon.net\/wordpress\/le-club\/historique\/#primaryimage\"},\"image\":{\"@id\":\"http:\/\/www.amicalecaninedijon.net\/wordpress\/le-club\/historique\/#primaryimage\"},\"thumbnailUrl\":\"http:\/\/www.amicalecaninedijon.net\/wordpress\/wp-content\/uploads\/2015\/02\/P-03.jpg\",\"datePublished\":\"2015-02-12T12:27:07+00:00\",\"dateModified\":\"2020-12-21T17:28:46+00:00\",\"description\":\"C'est en 1971 que Gilbert BERTRAND fonda le club \\\"L'amicale Dijonnaise du chien de d\u00e9fense\\\", club canin qui devint \\\"l'Amicale Dijonnaise des Sports Canins\\\".\",\"breadcrumb\":{\"@id\":\"http:\/\/www.amicalecaninedijon.net\/wordpress\/le-club\/historique\/#breadcrumb\"},\"inLanguage\":\"fr-FR\",\"potentialAction\":[{\"@type\":\"ReadAction\",\"target\":[\"http:\/\/www.amicalecaninedijon.net\/wordpress\/le-club\/historique\/\"]}]},{\"@type\":\"ImageObject\",\"inLanguage\":\"fr-FR\",\"@id\":\"http:\/\/www.amicalecaninedijon.net\/wordpress\/le-club\/historique\/#primaryimage\",\"url\":\"http:\/\/www.amicalecaninedijon.net\/wordpress\/wp-content\/uploads\/2015\/02\/P-03.jpg\",\"contentUrl\":\"http:\/\/www.amicalecaninedijon.net\/wordpress\/wp-content\/uploads\/2015\/02\/P-03.jpg\",\"width\":738,\"height\":330,\"caption\":\"historique\"},{\"@type\":\"BreadcrumbList\",\"@id\":\"http:\/\/www.amicalecaninedijon.net\/wordpress\/le-club\/historique\/#breadcrumb\",\"itemListElement\":[{\"@type\":\"ListItem\",\"position\":1,\"name\":\"Accueil\",\"item\":\"http:\/\/www.amicalecaninedijon.net\/wordpress\/\"},{\"@type\":\"ListItem\",\"position\":2,\"name\":\"Le club\",\"item\":\"http:\/\/www.amicalecaninedijon.net\/wordpress\/le-club\/\"},{\"@type\":\"ListItem\",\"position\":3,\"name\":\"Historique\"}]},{\"@type\":\"WebSite\",\"@id\":\"http:\/\/www.amicalecaninedijon.net\/wordpress\/#website\",\"url\":\"http:\/\/www.amicalecaninedijon.net\/wordpress\/\",\"name\":\"ADSC\",\"description\":\"AMICALE DIJONNAISE DES SPORTS CANINS\",\"potentialAction\":[{\"@type\":\"SearchAction\",\"target\":{\"@type\":\"EntryPoint\",\"urlTemplate\":\"http:\/\/www.amicalecaninedijon.net\/wordpress\/?s={search_term_string}\"},\"query-input\":{\"@type\":\"PropertyValueSpecification\",\"valueRequired\":true,\"valueName\":\"search_term_string\"}}],\"inLanguage\":\"fr-FR\"}]}<\/script>\n<!-- \/ Yoast SEO plugin. -->","yoast_head_json":{"title":"Historique ADSC","description":"C'est en 1971 que Gilbert BERTRAND fonda le club \"L'amicale Dijonnaise du chien de d\u00e9fense\", club canin qui devint \"l'Amicale Dijonnaise des Sports Canins\".","robots":{"index":"index","follow":"follow","max-snippet":"max-snippet:-1","max-image-preview":"max-image-preview:large","max-video-preview":"max-video-preview:-1"},"canonical":"http:\/\/www.amicalecaninedijon.net\/wordpress\/le-club\/historique\/","og_locale":"fr_FR","og_type":"article","og_title":"Historique ADSC","og_description":"C'est en 1971 que Gilbert BERTRAND fonda le club \"L'amicale Dijonnaise du chien de d\u00e9fense\", club canin qui devint \"l'Amicale Dijonnaise des Sports Canins\".","og_url":"http:\/\/www.amicalecaninedijon.net\/wordpress\/le-club\/historique\/","og_site_name":"ADSC","article_modified_time":"2020-12-21T17:28:46+00:00","og_image":[{"width":738,"height":330,"url":"http:\/\/www.amicalecaninedijon.net\/wordpress\/wp-content\/uploads\/2015\/02\/P-03.jpg","type":"image\/jpeg"}],"twitter_misc":{"Dur\u00e9e de lecture estim\u00e9e":"3 minutes"},"schema":{"@context":"https:\/\/schema.org","@graph":[{"@type":"WebPage","@id":"http:\/\/www.amicalecaninedijon.net\/wordpress\/le-club\/historique\/","url":"http:\/\/www.amicalecaninedijon.net\/wordpress\/le-club\/historique\/","name":"Historique ADSC","isPartOf":{"@id":"http:\/\/www.amicalecaninedijon.net\/wordpress\/#website"},"primaryImageOfPage":{"@id":"http:\/\/www.amicalecaninedijon.net\/wordpress\/le-club\/historique\/#primaryimage"},"image":{"@id":"http:\/\/www.amicalecaninedijon.net\/wordpress\/le-club\/historique\/#primaryimage"},"thumbnailUrl":"http:\/\/www.amicalecaninedijon.net\/wordpress\/wp-content\/uploads\/2015\/02\/P-03.jpg","datePublished":"2015-02-12T12:27:07+00:00","dateModified":"2020-12-21T17:28:46+00:00","description":"C'est en 1971 que Gilbert BERTRAND fonda le club \"L'amicale Dijonnaise du chien de d\u00e9fense\", club canin qui devint \"l'Amicale Dijonnaise des Sports Canins\".","breadcrumb":{"@id":"http:\/\/www.amicalecaninedijon.net\/wordpress\/le-club\/historique\/#breadcrumb"},"inLanguage":"fr-FR","potentialAction":[{"@type":"ReadAction","target":["http:\/\/www.amicalecaninedijon.net\/wordpress\/le-club\/historique\/"]}]},{"@type":"ImageObject","inLanguage":"fr-FR","@id":"http:\/\/www.amicalecaninedijon.net\/wordpress\/le-club\/historique\/#primaryimage","url":"http:\/\/www.amicalecaninedijon.net\/wordpress\/wp-content\/uploads\/2015\/02\/P-03.jpg","contentUrl":"http:\/\/www.amicalecaninedijon.net\/wordpress\/wp-content\/uploads\/2015\/02\/P-03.jpg","width":738,"height":330,"caption":"historique"},{"@type":"BreadcrumbList","@id":"http:\/\/www.amicalecaninedijon.net\/wordpress\/le-club\/historique\/#breadcrumb","itemListElement":[{"@type":"ListItem","position":1,"name":"Accueil","item":"http:\/\/www.amicalecaninedijon.net\/wordpress\/"},{"@type":"ListItem","position":2,"name":"Le club","item":"http:\/\/www.amicalecaninedijon.net\/wordpress\/le-club\/"},{"@type":"ListItem","position":3,"name":"Historique"}]},{"@type":"WebSite","@id":"http:\/\/www.amicalecaninedijon.net\/wordpress\/#website","url":"http:\/\/www.amicalecaninedijon.net\/wordpress\/","name":"ADSC","description":"AMICALE DIJONNAISE DES SPORTS CANINS","potentialAction":[{"@type":"SearchAction","target":{"@type":"EntryPoint","urlTemplate":"http:\/\/www.amicalecaninedijon.net\/wordpress\/?s={search_term_string}"},"query-input":{"@type":"PropertyValueSpecification","valueRequired":true,"valueName":"search_term_string"}}],"inLanguage":"fr-FR"}]}},"_links":{"self":[{"href":"http:\/\/www.amicalecaninedijon.net\/wordpress\/wp-json\/wp\/v2\/pages\/53"}],"collection":[{"href":"http:\/\/www.amicalecaninedijon.net\/wordpress\/wp-json\/wp\/v2\/pages"}],"about":[{"href":"http:\/\/www.amicalecaninedijon.net\/wordpress\/wp-json\/wp\/v2\/types\/page"}],"author":[{"embeddable":true,"href":"http:\/\/www.amicalecaninedijon.net\/wordpress\/wp-json\/wp\/v2\/users\/2"}],"replies":[{"embeddable":true,"href":"http:\/\/www.amicalecaninedijon.net\/wordpress\/wp-json\/wp\/v2\/comments?post=53"}],"version-history":[{"count":15,"href":"http:\/\/www.amicalecaninedijon.net\/wordpress\/wp-json\/wp\/v2\/pages\/53\/revisions"}],"predecessor-version":[{"id":4462,"href":"http:\/\/www.amicalecaninedijon.net\/wordpress\/wp-json\/wp\/v2\/pages\/53\/revisions\/4462"}],"up":[{"embeddable":true,"href":"http:\/\/www.amicalecaninedijon.net\/wordpress\/wp-json\/wp\/v2\/pages\/12"}],"wp:featuredmedia":[{"embeddable":true,"href":"http:\/\/www.amicalecaninedijon.net\/wordpress\/wp-json\/wp\/v2\/media\/345"}],"wp:attachment":[{"href":"http:\/\/www.amicalecaninedijon.net\/wordpress\/wp-json\/wp\/v2\/media?parent=53"}],"curies":[{"name":"wp","href":"https:\/\/api.w.org\/{rel}","templated":true}]}}