{"id":534,"date":"2015-06-21T12:16:13","date_gmt":"2015-06-21T10:16:13","guid":{"rendered":"http:\/\/www.amicalecaninedijon.net\/wordpress\/?page_id=534"},"modified":"2025-08-19T15:13:37","modified_gmt":"2025-08-19T13:13:37","slug":"notre-equipe","status":"publish","type":"page","link":"http:\/\/www.amicalecaninedijon.net\/wordpress\/le-club\/notre-equipe\/","title":{"rendered":"Notre \u00e9quipe"},"content":{"rendered":"<p><strong>Membres du Comit\u00e9 au 21 mars 2025 :<\/strong><\/p>\n<div class=\"entry-content\">\n<ul>\n<li>Pr\u00e9sidente&nbsp;&nbsp;&nbsp;&nbsp;&nbsp;&nbsp;&nbsp;&nbsp;&nbsp;&nbsp;&nbsp;&nbsp;&nbsp;&nbsp;&nbsp;&nbsp;&nbsp;&nbsp;&nbsp;&nbsp;&nbsp;&nbsp;&nbsp;&nbsp;&nbsp;&nbsp;&nbsp;&nbsp;&nbsp;&nbsp;&nbsp; &nbsp; :&nbsp; <strong>Maryline MARTIN&nbsp; <\/strong><\/li>\n<li>Vice-Pr\u00e9sidente&nbsp; &nbsp; &nbsp; &nbsp; &nbsp; &nbsp; &nbsp; &nbsp; &nbsp; &nbsp; &nbsp; &nbsp; &nbsp; :&nbsp;<strong> Emmanuel DENET<br \/>\n<\/strong><\/li>\n<li>Secr\u00e9taire&nbsp; &nbsp; &nbsp; &nbsp; &nbsp; &nbsp; &nbsp; &nbsp; &nbsp; &nbsp; &nbsp; &nbsp; &nbsp; &nbsp; &nbsp; &nbsp; &nbsp; &nbsp;:&nbsp; <strong>Laurence CAVAILLE<\/strong><\/li>\n<li>Tr\u00e9sori\u00e8re&nbsp; &nbsp; &nbsp; &nbsp; &nbsp; &nbsp; &nbsp; &nbsp; &nbsp; &nbsp; &nbsp; &nbsp; &nbsp; &nbsp; &nbsp; &nbsp; &nbsp; &nbsp;:<strong>&nbsp; Rachel BELIN&nbsp; &nbsp; &nbsp;&nbsp;<\/strong><\/li>\n<li>Administrateurs :&nbsp;<strong>Anne-C\u00e9cile MARTIN, Sarah CAVAILLE, Clara GEOFFROY et Cyril FLEURY&nbsp;<br \/>\n<\/strong><\/li>\n<\/ul>\n<\/div>\n<p>&nbsp;<\/p>\n<div id='gallery-1' class='gallery galleryid-534 gallery-columns-2 gallery-size-medium'><figure class='gallery-item'>\n\t\t\t<div class='gallery-icon portrait'>\n\t\t\t\t<img loading=\"lazy\" decoding=\"async\" width=\"225\" height=\"300\" src=\"http:\/\/www.amicalecaninedijon.net\/wordpress\/wp-content\/uploads\/2016\/07\/\u00e9duc22-225x300.jpg\" class=\"attachment-medium size-medium\" alt=\"\" aria-describedby=\"gallery-1-1368\" srcset=\"http:\/\/www.amicalecaninedijon.net\/wordpress\/wp-content\/uploads\/2016\/07\/\u00e9duc22-225x300.jpg 225w, http:\/\/www.amicalecaninedijon.net\/wordpress\/wp-content\/uploads\/2016\/07\/\u00e9duc22-768x1024.jpg 768w, http:\/\/www.amicalecaninedijon.net\/wordpress\/wp-content\/uploads\/2016\/07\/\u00e9duc22.jpg 1714w\" sizes=\"(max-width: 225px) 100vw, 225px\" \/>\n\t\t\t<\/div>\n\t\t\t\t<figcaption class='wp-caption-text gallery-caption' id='gallery-1-1368'>\n\t\t\t\tBernadette\n\t\t\t\t<\/figcaption><\/figure><figure class='gallery-item'>\n\t\t\t<div class='gallery-icon portrait'>\n\t\t\t\t<img loading=\"lazy\" decoding=\"async\" width=\"225\" height=\"300\" src=\"http:\/\/www.amicalecaninedijon.net\/wordpress\/wp-content\/uploads\/2016\/07\/1maryline1-225x300.jpg\" class=\"attachment-medium size-medium\" alt=\"\" aria-describedby=\"gallery-1-1391\" srcset=\"http:\/\/www.amicalecaninedijon.net\/wordpress\/wp-content\/uploads\/2016\/07\/1maryline1-225x300.jpg 225w, http:\/\/www.amicalecaninedijon.net\/wordpress\/wp-content\/uploads\/2016\/07\/1maryline1-768x1024.jpg 768w\" sizes=\"(max-width: 225px) 100vw, 225px\" \/>\n\t\t\t<\/div>\n\t\t\t\t<figcaption class='wp-caption-text gallery-caption' id='gallery-1-1391'>\n\t\t\t\tMaryline\n\t\t\t\t<\/figcaption><\/figure>\n\t\t<\/div>\n\n<div id='gallery-2' class='gallery galleryid-534 gallery-columns-2 gallery-size-medium'><figure class='gallery-item'>\n\t\t\t<div class='gallery-icon portrait'>\n\t\t\t\t<img loading=\"lazy\" decoding=\"async\" width=\"276\" height=\"300\" src=\"http:\/\/www.amicalecaninedijon.net\/wordpress\/wp-content\/uploads\/2016\/08\/P1100131-276x300.jpg\" class=\"attachment-medium size-medium\" alt=\"\" aria-describedby=\"gallery-2-1473\" srcset=\"http:\/\/www.amicalecaninedijon.net\/wordpress\/wp-content\/uploads\/2016\/08\/P1100131-276x300.jpg 276w, http:\/\/www.amicalecaninedijon.net\/wordpress\/wp-content\/uploads\/2016\/08\/P1100131-942x1024.jpg 942w, http:\/\/www.amicalecaninedijon.net\/wordpress\/wp-content\/uploads\/2016\/08\/P1100131.jpg 1755w\" sizes=\"(max-width: 276px) 100vw, 276px\" \/>\n\t\t\t<\/div>\n\t\t\t\t<figcaption class='wp-caption-text gallery-caption' id='gallery-2-1473'>\n\t\t\t\tLaurence\n\t\t\t\t<\/figcaption><\/figure><figure class='gallery-item'>\n\t\t\t<div class='gallery-icon portrait'>\n\t\t\t\t<img loading=\"lazy\" decoding=\"async\" width=\"238\" height=\"300\" src=\"http:\/\/www.amicalecaninedijon.net\/wordpress\/wp-content\/uploads\/2023\/04\/IMG_20221016_213049_951-e1680631242231-238x300.jpg\" class=\"attachment-medium size-medium\" alt=\"\" aria-describedby=\"gallery-2-4807\" srcset=\"http:\/\/www.amicalecaninedijon.net\/wordpress\/wp-content\/uploads\/2023\/04\/IMG_20221016_213049_951-e1680631242231-238x300.jpg 238w, http:\/\/www.amicalecaninedijon.net\/wordpress\/wp-content\/uploads\/2023\/04\/IMG_20221016_213049_951-e1680631242231-768x967.jpg 768w, http:\/\/www.amicalecaninedijon.net\/wordpress\/wp-content\/uploads\/2023\/04\/IMG_20221016_213049_951-e1680631242231-814x1024.jpg 814w, http:\/\/www.amicalecaninedijon.net\/wordpress\/wp-content\/uploads\/2023\/04\/IMG_20221016_213049_951-e1680631242231.jpg 835w\" sizes=\"(max-width: 238px) 100vw, 238px\" \/>\n\t\t\t<\/div>\n\t\t\t\t<figcaption class='wp-caption-text gallery-caption' id='gallery-2-4807'>\n\t\t\t\tSarah\n\t\t\t\t<\/figcaption><\/figure>\n\t\t<\/div>\n\n<div id='gallery-3' class='gallery galleryid-534 gallery-columns-2 gallery-size-medium'><figure class='gallery-item'>\n\t\t\t<div class='gallery-icon portrait'>\n\t\t\t\t<img loading=\"lazy\" decoding=\"async\" width=\"169\" height=\"300\" src=\"http:\/\/www.amicalecaninedijon.net\/wordpress\/wp-content\/uploads\/2020\/03\/90775468_241051040607555_995637130757668864_n-169x300.jpg\" class=\"attachment-medium size-medium\" alt=\"\" aria-describedby=\"gallery-3-4255\" srcset=\"http:\/\/www.amicalecaninedijon.net\/wordpress\/wp-content\/uploads\/2020\/03\/90775468_241051040607555_995637130757668864_n-169x300.jpg 169w, http:\/\/www.amicalecaninedijon.net\/wordpress\/wp-content\/uploads\/2020\/03\/90775468_241051040607555_995637130757668864_n.jpg 270w\" sizes=\"(max-width: 169px) 100vw, 169px\" \/>\n\t\t\t<\/div>\n\t\t\t\t<figcaption class='wp-caption-text gallery-caption' id='gallery-3-4255'>\n\t\t\t\tAnne-C\u00e9cile et Largo\n\t\t\t\t<\/figcaption><\/figure><figure class='gallery-item'>\n\t\t\t<div class='gallery-icon portrait'>\n\t\t\t\t<img loading=\"lazy\" decoding=\"async\" width=\"170\" height=\"300\" src=\"http:\/\/www.amicalecaninedijon.net\/wordpress\/wp-content\/uploads\/2018\/06\/IMG_7438-2-Copie-170x300.jpg\" class=\"attachment-medium size-medium\" alt=\"\" aria-describedby=\"gallery-3-3135\" srcset=\"http:\/\/www.amicalecaninedijon.net\/wordpress\/wp-content\/uploads\/2018\/06\/IMG_7438-2-Copie-170x300.jpg 170w, http:\/\/www.amicalecaninedijon.net\/wordpress\/wp-content\/uploads\/2018\/06\/IMG_7438-2-Copie.jpg 546w\" sizes=\"(max-width: 170px) 100vw, 170px\" \/>\n\t\t\t<\/div>\n\t\t\t\t<figcaption class='wp-caption-text gallery-caption' id='gallery-3-3135'>\n\t\t\t\tLaurie et Looping\n\t\t\t\t<\/figcaption><\/figure>\n\t\t<\/div>\n\n<div id='gallery-4' class='gallery galleryid-534 gallery-columns-2 gallery-size-medium'><figure class='gallery-item'>\n\t\t\t<div class='gallery-icon portrait'>\n\t\t\t\t<img loading=\"lazy\" decoding=\"async\" width=\"225\" height=\"300\" src=\"http:\/\/www.amicalecaninedijon.net\/wordpress\/wp-content\/uploads\/2019\/02\/IMG_4807-1-e1550932639475-225x300.jpg\" class=\"attachment-medium size-medium\" alt=\"\" aria-describedby=\"gallery-4-3855\" srcset=\"http:\/\/www.amicalecaninedijon.net\/wordpress\/wp-content\/uploads\/2019\/02\/IMG_4807-1-e1550932639475-225x300.jpg 225w, http:\/\/www.amicalecaninedijon.net\/wordpress\/wp-content\/uploads\/2019\/02\/IMG_4807-1-e1550932639475-768x1024.jpg 768w\" sizes=\"(max-width: 225px) 100vw, 225px\" \/>\n\t\t\t<\/div>\n\t\t\t\t<figcaption class='wp-caption-text gallery-caption' id='gallery-4-3855'>\n\t\t\t\tYannick\n\t\t\t\t<\/figcaption><\/figure><figure class='gallery-item'>\n\t\t\t<div class='gallery-icon portrait'>\n\t\t\t\t<img loading=\"lazy\" decoding=\"async\" width=\"225\" height=\"300\" src=\"http:\/\/www.amicalecaninedijon.net\/wordpress\/wp-content\/uploads\/2016\/07\/IMG_20160702_142203-225x300.jpg\" class=\"attachment-medium size-medium\" alt=\"\" aria-describedby=\"gallery-4-1437\" srcset=\"http:\/\/www.amicalecaninedijon.net\/wordpress\/wp-content\/uploads\/2016\/07\/IMG_20160702_142203-225x300.jpg 225w, http:\/\/www.amicalecaninedijon.net\/wordpress\/wp-content\/uploads\/2016\/07\/IMG_20160702_142203-768x1024.jpg 768w\" sizes=\"(max-width: 225px) 100vw, 225px\" \/>\n\t\t\t<\/div>\n\t\t\t\t<figcaption class='wp-caption-text gallery-caption' id='gallery-4-1437'>\n\t\t\t\tMorgane\n\t\t\t\t<\/figcaption><\/figure>\n\t\t<\/div>\n\n<figure id=\"attachment_4615\" aria-describedby=\"caption-attachment-4615\" style=\"width: 214px\" class=\"wp-caption alignleft\"><a href=\"http:\/\/www.amicalecaninedijon.net\/wordpress\/wp-content\/uploads\/2021\/08\/IMG_20210605_150453.jpg\"><img loading=\"lazy\" decoding=\"async\" class=\" wp-image-4615\" src=\"http:\/\/www.amicalecaninedijon.net\/wordpress\/wp-content\/uploads\/2021\/08\/IMG_20210605_150453.jpg\" alt=\"\" width=\"214\" height=\"285\" srcset=\"http:\/\/www.amicalecaninedijon.net\/wordpress\/wp-content\/uploads\/2021\/08\/IMG_20210605_150453.jpg 3456w, http:\/\/www.amicalecaninedijon.net\/wordpress\/wp-content\/uploads\/2021\/08\/IMG_20210605_150453-225x300.jpg 225w, http:\/\/www.amicalecaninedijon.net\/wordpress\/wp-content\/uploads\/2021\/08\/IMG_20210605_150453-768x1024.jpg 768w\" sizes=\"(max-width: 214px) 100vw, 214px\" \/><\/a><figcaption id=\"caption-attachment-4615\" class=\"wp-caption-text\">Cyril<\/figcaption><\/figure>\n<figure id=\"attachment_4341\" aria-describedby=\"caption-attachment-4341\" style=\"width: 211px\" class=\"wp-caption alignright\"><a href=\"http:\/\/www.amicalecaninedijon.net\/wordpress\/wp-content\/uploads\/2020\/03\/90627469_263007934703813_8513577130108387328_n.jpg\"><img loading=\"lazy\" decoding=\"async\" class=\" wp-image-4341\" src=\"http:\/\/www.amicalecaninedijon.net\/wordpress\/wp-content\/uploads\/2020\/03\/90627469_263007934703813_8513577130108387328_n.jpg\" alt=\"\" width=\"211\" height=\"277\" srcset=\"http:\/\/www.amicalecaninedijon.net\/wordpress\/wp-content\/uploads\/2020\/03\/90627469_263007934703813_8513577130108387328_n.jpg 309w, http:\/\/www.amicalecaninedijon.net\/wordpress\/wp-content\/uploads\/2020\/03\/90627469_263007934703813_8513577130108387328_n-229x300.jpg 229w\" sizes=\"(max-width: 211px) 100vw, 211px\" \/><\/a><figcaption id=\"caption-attachment-4341\" class=\"wp-caption-text\">Clara<\/figcaption><\/figure>\n<p>&nbsp;<\/p>\n<p>&nbsp;<\/p>\n<p>&nbsp;<\/p>\n<p>&nbsp;<\/p>\n<p>&nbsp;<\/p>\n<p>&nbsp;<\/p>\n<p>&nbsp;<\/p>\n<div class=\"mceTemp\">Bravo \u00e0 nos 5&nbsp;nouveaux moniteurs canins qui&nbsp;ont&nbsp;obtenu&nbsp;leur dipl\u00f4me MEC 1 \u00ab\u00a0Moniteur en Education Canine 1er d\u00e9gr\u00e9\u00a0\u00bb le 28\/01\/2018. Toutes nos f\u00e9licitations !&nbsp;<\/p>\n<hr>\n<p><span style=\"color: #008000;\"><strong><a href=\"http:\/\/www.amicalecaninedijon.net\/wordpress\/wp-content\/uploads\/2019\/07\/Jeannot-hommage.png\"><img loading=\"lazy\" decoding=\"async\" class=\" wp-image-3990 alignright\" src=\"http:\/\/www.amicalecaninedijon.net\/wordpress\/wp-content\/uploads\/2019\/07\/Jeannot-hommage.png\" alt=\"\" width=\"310\" height=\"233\"><\/a>Au revoir Jeannot,<br \/>\nL\u2019Amicale est tr\u00e8s triste que tu nous quittes si brutalement. C\u2019est une grande perte pour le club, moniteur d\u2019\u00e9ducation et d\u2019agility, sans compter ta r\u00e9cente implication en mars au comit\u00e9.<br \/>\nJeannot, tu vas terriblement nous manquer, tu vas laisser un grand vide \u00e0 chaque concours et \u00e0 chaque entra\u00eenement.<br \/>\nMerci Jeannot, nous te&nbsp;disons au revoir avec notre slogan du dimanche \u00ab&nbsp;ADSC, JAMAIS ASSEZ&nbsp;\u00bb. <a href=\"http:\/\/www.amicalecaninedijon.net\/wordpress\/wp-content\/uploads\/2019\/07\/Au-revoir-Jeannot.pdf\">Au revoir Jeannot<\/a><\/strong><\/span><\/p>\n<div id=\"s3gt_translate_tooltip\" class=\"s3gt_translate_tooltip\" style=\"position: absolute; left: 63px; top: 232px; opacity: 0;\">&nbsp;<\/div>\n<\/div>\n","protected":false},"excerpt":{"rendered":"<p>Membres du Comit\u00e9 au 21 mars 2025 : Pr\u00e9sidente&nbsp;&nbsp;&nbsp;&nbsp;&nbsp;&nbsp;&nbsp;&nbsp;&nbsp;&nbsp;&nbsp;&nbsp;&nbsp;&nbsp;&nbsp;&nbsp;&nbsp;&nbsp;&nbsp;&nbsp;&nbsp;&nbsp;&nbsp;&nbsp;&nbsp;&nbsp;&nbsp;&nbsp;&nbsp;&nbsp;&nbsp; &nbsp; :&nbsp; Maryline MARTIN&nbsp; Vice-Pr\u00e9sidente&nbsp; &nbsp; &nbsp; &nbsp; &nbsp; &nbsp; &nbsp; &nbsp; &nbsp; &nbsp; &nbsp; &nbsp; &nbsp; :&nbsp; Emmanuel DENET Secr\u00e9taire&nbsp; &nbsp; &nbsp; &nbsp; &nbsp; &nbsp; &nbsp; &nbsp; &nbsp; &nbsp; &nbsp; &nbsp; &nbsp; &nbsp; &nbsp; &nbsp; &nbsp; &nbsp;:&nbsp; Laurence CAVAILLE Tr\u00e9sori\u00e8re&nbsp; &nbsp; &nbsp; &nbsp; &nbsp; &nbsp; &hellip; <a href=\"http:\/\/www.amicalecaninedijon.net\/wordpress\/le-club\/notre-equipe\/\" class=\"more-link\">Continuer la lecture de <span class=\"screen-reader-text\">Notre \u00e9quipe<\/span><\/a><\/p>\n","protected":false},"author":2,"featured_media":3175,"parent":12,"menu_order":3,"comment_status":"closed","ping_status":"open","template":"","meta":{"ngg_post_thumbnail":0,"footnotes":""},"class_list":["post-534","page","type-page","status-publish","has-post-thumbnail","hentry"],"yoast_head":"<!-- This site is optimized with the Yoast SEO plugin v24.9 - https:\/\/yoast.com\/wordpress\/plugins\/seo\/ -->\n<title>Equipe ADSC<\/title>\n<meta name=\"description\" content=\"Les membres de l&#039;association ADSC\" \/>\n<meta name=\"robots\" content=\"index, follow, max-snippet:-1, max-image-preview:large, max-video-preview:-1\" \/>\n<link rel=\"canonical\" href=\"http:\/\/www.amicalecaninedijon.net\/wordpress\/le-club\/notre-equipe\/\" \/>\n<meta property=\"og:locale\" content=\"fr_FR\" \/>\n<meta property=\"og:type\" content=\"article\" \/>\n<meta property=\"og:title\" content=\"Equipe ADSC\" \/>\n<meta property=\"og:description\" content=\"Les membres de l&#039;association ADSC\" \/>\n<meta property=\"og:url\" content=\"http:\/\/www.amicalecaninedijon.net\/wordpress\/le-club\/notre-equipe\/\" \/>\n<meta property=\"og:site_name\" content=\"ADSC\" \/>\n<meta property=\"article:modified_time\" content=\"2025-08-19T13:13:37+00:00\" \/>\n<meta property=\"og:image\" content=\"http:\/\/www.amicalecaninedijon.net\/wordpress\/wp-content\/uploads\/2018\/09\/100_0884-1024x768.jpg\" \/>\n\t<meta property=\"og:image:width\" content=\"1024\" \/>\n\t<meta property=\"og:image:height\" content=\"768\" \/>\n\t<meta property=\"og:image:type\" content=\"image\/jpeg\" \/>\n<meta name=\"twitter:label1\" content=\"Dur\u00e9e de lecture estim\u00e9e\" \/>\n\t<meta name=\"twitter:data1\" content=\"2 minutes\" \/>\n<script type=\"application\/ld+json\" class=\"yoast-schema-graph\">{\"@context\":\"https:\/\/schema.org\",\"@graph\":[{\"@type\":\"WebPage\",\"@id\":\"http:\/\/www.amicalecaninedijon.net\/wordpress\/le-club\/notre-equipe\/\",\"url\":\"http:\/\/www.amicalecaninedijon.net\/wordpress\/le-club\/notre-equipe\/\",\"name\":\"Equipe ADSC\",\"isPartOf\":{\"@id\":\"http:\/\/www.amicalecaninedijon.net\/wordpress\/#website\"},\"primaryImageOfPage\":{\"@id\":\"http:\/\/www.amicalecaninedijon.net\/wordpress\/le-club\/notre-equipe\/#primaryimage\"},\"image\":{\"@id\":\"http:\/\/www.amicalecaninedijon.net\/wordpress\/le-club\/notre-equipe\/#primaryimage\"},\"thumbnailUrl\":\"http:\/\/www.amicalecaninedijon.net\/wordpress\/wp-content\/uploads\/2018\/09\/100_0884.jpg\",\"datePublished\":\"2015-06-21T10:16:13+00:00\",\"dateModified\":\"2025-08-19T13:13:37+00:00\",\"description\":\"Les membres de l'association ADSC\",\"breadcrumb\":{\"@id\":\"http:\/\/www.amicalecaninedijon.net\/wordpress\/le-club\/notre-equipe\/#breadcrumb\"},\"inLanguage\":\"fr-FR\",\"potentialAction\":[{\"@type\":\"ReadAction\",\"target\":[\"http:\/\/www.amicalecaninedijon.net\/wordpress\/le-club\/notre-equipe\/\"]}]},{\"@type\":\"ImageObject\",\"inLanguage\":\"fr-FR\",\"@id\":\"http:\/\/www.amicalecaninedijon.net\/wordpress\/le-club\/notre-equipe\/#primaryimage\",\"url\":\"http:\/\/www.amicalecaninedijon.net\/wordpress\/wp-content\/uploads\/2018\/09\/100_0884.jpg\",\"contentUrl\":\"http:\/\/www.amicalecaninedijon.net\/wordpress\/wp-content\/uploads\/2018\/09\/100_0884.jpg\",\"width\":4608,\"height\":3456,\"caption\":\"KODAK Digital Still Camera\"},{\"@type\":\"BreadcrumbList\",\"@id\":\"http:\/\/www.amicalecaninedijon.net\/wordpress\/le-club\/notre-equipe\/#breadcrumb\",\"itemListElement\":[{\"@type\":\"ListItem\",\"position\":1,\"name\":\"Accueil\",\"item\":\"http:\/\/www.amicalecaninedijon.net\/wordpress\/\"},{\"@type\":\"ListItem\",\"position\":2,\"name\":\"Le club\",\"item\":\"http:\/\/www.amicalecaninedijon.net\/wordpress\/le-club\/\"},{\"@type\":\"ListItem\",\"position\":3,\"name\":\"Notre \u00e9quipe\"}]},{\"@type\":\"WebSite\",\"@id\":\"http:\/\/www.amicalecaninedijon.net\/wordpress\/#website\",\"url\":\"http:\/\/www.amicalecaninedijon.net\/wordpress\/\",\"name\":\"ADSC\",\"description\":\"AMICALE DIJONNAISE DES SPORTS CANINS\",\"potentialAction\":[{\"@type\":\"SearchAction\",\"target\":{\"@type\":\"EntryPoint\",\"urlTemplate\":\"http:\/\/www.amicalecaninedijon.net\/wordpress\/?s={search_term_string}\"},\"query-input\":{\"@type\":\"PropertyValueSpecification\",\"valueRequired\":true,\"valueName\":\"search_term_string\"}}],\"inLanguage\":\"fr-FR\"}]}<\/script>\n<!-- \/ Yoast SEO plugin. -->","yoast_head_json":{"title":"Equipe ADSC","description":"Les membres de l'association ADSC","robots":{"index":"index","follow":"follow","max-snippet":"max-snippet:-1","max-image-preview":"max-image-preview:large","max-video-preview":"max-video-preview:-1"},"canonical":"http:\/\/www.amicalecaninedijon.net\/wordpress\/le-club\/notre-equipe\/","og_locale":"fr_FR","og_type":"article","og_title":"Equipe ADSC","og_description":"Les membres de l'association ADSC","og_url":"http:\/\/www.amicalecaninedijon.net\/wordpress\/le-club\/notre-equipe\/","og_site_name":"ADSC","article_modified_time":"2025-08-19T13:13:37+00:00","og_image":[{"width":1024,"height":768,"url":"http:\/\/www.amicalecaninedijon.net\/wordpress\/wp-content\/uploads\/2018\/09\/100_0884-1024x768.jpg","type":"image\/jpeg"}],"twitter_misc":{"Dur\u00e9e de lecture estim\u00e9e":"2 minutes"},"schema":{"@context":"https:\/\/schema.org","@graph":[{"@type":"WebPage","@id":"http:\/\/www.amicalecaninedijon.net\/wordpress\/le-club\/notre-equipe\/","url":"http:\/\/www.amicalecaninedijon.net\/wordpress\/le-club\/notre-equipe\/","name":"Equipe ADSC","isPartOf":{"@id":"http:\/\/www.amicalecaninedijon.net\/wordpress\/#website"},"primaryImageOfPage":{"@id":"http:\/\/www.amicalecaninedijon.net\/wordpress\/le-club\/notre-equipe\/#primaryimage"},"image":{"@id":"http:\/\/www.amicalecaninedijon.net\/wordpress\/le-club\/notre-equipe\/#primaryimage"},"thumbnailUrl":"http:\/\/www.amicalecaninedijon.net\/wordpress\/wp-content\/uploads\/2018\/09\/100_0884.jpg","datePublished":"2015-06-21T10:16:13+00:00","dateModified":"2025-08-19T13:13:37+00:00","description":"Les membres de l'association ADSC","breadcrumb":{"@id":"http:\/\/www.amicalecaninedijon.net\/wordpress\/le-club\/notre-equipe\/#breadcrumb"},"inLanguage":"fr-FR","potentialAction":[{"@type":"ReadAction","target":["http:\/\/www.amicalecaninedijon.net\/wordpress\/le-club\/notre-equipe\/"]}]},{"@type":"ImageObject","inLanguage":"fr-FR","@id":"http:\/\/www.amicalecaninedijon.net\/wordpress\/le-club\/notre-equipe\/#primaryimage","url":"http:\/\/www.amicalecaninedijon.net\/wordpress\/wp-content\/uploads\/2018\/09\/100_0884.jpg","contentUrl":"http:\/\/www.amicalecaninedijon.net\/wordpress\/wp-content\/uploads\/2018\/09\/100_0884.jpg","width":4608,"height":3456,"caption":"KODAK Digital Still Camera"},{"@type":"BreadcrumbList","@id":"http:\/\/www.amicalecaninedijon.net\/wordpress\/le-club\/notre-equipe\/#breadcrumb","itemListElement":[{"@type":"ListItem","position":1,"name":"Accueil","item":"http:\/\/www.amicalecaninedijon.net\/wordpress\/"},{"@type":"ListItem","position":2,"name":"Le club","item":"http:\/\/www.amicalecaninedijon.net\/wordpress\/le-club\/"},{"@type":"ListItem","position":3,"name":"Notre \u00e9quipe"}]},{"@type":"WebSite","@id":"http:\/\/www.amicalecaninedijon.net\/wordpress\/#website","url":"http:\/\/www.amicalecaninedijon.net\/wordpress\/","name":"ADSC","description":"AMICALE DIJONNAISE DES SPORTS CANINS","potentialAction":[{"@type":"SearchAction","target":{"@type":"EntryPoint","urlTemplate":"http:\/\/www.amicalecaninedijon.net\/wordpress\/?s={search_term_string}"},"query-input":{"@type":"PropertyValueSpecification","valueRequired":true,"valueName":"search_term_string"}}],"inLanguage":"fr-FR"}]}},"_links":{"self":[{"href":"http:\/\/www.amicalecaninedijon.net\/wordpress\/wp-json\/wp\/v2\/pages\/534"}],"collection":[{"href":"http:\/\/www.amicalecaninedijon.net\/wordpress\/wp-json\/wp\/v2\/pages"}],"about":[{"href":"http:\/\/www.amicalecaninedijon.net\/wordpress\/wp-json\/wp\/v2\/types\/page"}],"author":[{"embeddable":true,"href":"http:\/\/www.amicalecaninedijon.net\/wordpress\/wp-json\/wp\/v2\/users\/2"}],"replies":[{"embeddable":true,"href":"http:\/\/www.amicalecaninedijon.net\/wordpress\/wp-json\/wp\/v2\/comments?post=534"}],"version-history":[{"count":56,"href":"http:\/\/www.amicalecaninedijon.net\/wordpress\/wp-json\/wp\/v2\/pages\/534\/revisions"}],"predecessor-version":[{"id":5049,"href":"http:\/\/www.amicalecaninedijon.net\/wordpress\/wp-json\/wp\/v2\/pages\/534\/revisions\/5049"}],"up":[{"embeddable":true,"href":"http:\/\/www.amicalecaninedijon.net\/wordpress\/wp-json\/wp\/v2\/pages\/12"}],"wp:featuredmedia":[{"embeddable":true,"href":"http:\/\/www.amicalecaninedijon.net\/wordpress\/wp-json\/wp\/v2\/media\/3175"}],"wp:attachment":[{"href":"http:\/\/www.amicalecaninedijon.net\/wordpress\/wp-json\/wp\/v2\/media?parent=534"}],"curies":[{"name":"wp","href":"https:\/\/api.w.org\/{rel}","templated":true}]}}