{"id":538,"date":"2015-06-21T12:19:42","date_gmt":"2015-06-21T10:19:42","guid":{"rendered":"http:\/\/www.amicalecaninedijon.net\/wordpress\/?page_id=538"},"modified":"2025-09-06T19:32:10","modified_gmt":"2025-09-06T17:32:10","slug":"renseignements-et-adhesions","status":"publish","type":"page","link":"http:\/\/www.amicalecaninedijon.net\/wordpress\/le-club\/renseignements-et-adhesions\/","title":{"rendered":"Renseignements et Adh\u00e9sions"},"content":{"rendered":"<ul>\n<li>Au club : Tous les samedis de 11 heures \u00e0 midi (sauf vacances scolaires) -&gt; venir 15 minutes avant le d\u00e9but du cours)<\/li>\n<li>Par mail : <a title=\"Contact\" href=\"http:\/\/www.amicalecaninedijon.net\/wordpress\/contact\/\">asso.adsc@gmail.com<\/a><\/li>\n<\/ul>\n<p>Plusieurs documents vous seront demand\u00e9s lors de votre inscription :<\/p>\n<ul>\n<li>1 photocopie de la carte d\u2019identification de votre chien (partie haute et partie basse)<\/li>\n<li>1 photocopie du pedigree (pour les chiens LOF).<\/li>\n<li>1 photocopie de votre assurance responsabilit\u00e9 civile.<\/li>\n<li>1 photocopie du carnet de vaccination de votre chien <span style=\"color: #ff0000;\">(vaccin toux du chenil obligatoire)<\/span><\/li>\n<li>Le verso du pr\u00e9sent document compl\u00e9t\u00e9 :<\/li>\n<li>une autorisation parentale pour les moins de 18 ans<\/li>\n<li>un ch\u00e8que selon votre inscription :<\/li>\n<\/ul>\n<p><strong><em>Co\u00fbt adh\u00e9sion annuel 2025 :&nbsp;<\/em><\/strong><\/p>\n<ul>\n<li>Inscription du 1er janvier \u00e0 d\u00e9cembre 2025 : 110 \u20ac <em>(adh\u00e9sion valable jusqu\u2019au 31\/12\/2025)<\/em><\/li>\n<li>Inscription de juin 2025 \u00e0 d\u00e9cembre 2025 : 110 \u20ac (adh\u00e9sion valable jusqu&rsquo;au 31\/12\/2025)<\/li>\n<li>Inscription de septembre 2025 \u00e0 D\u00e9cembre 2026 : 140 \u20ac <em>(adh\u00e9sion <u>valable jusqu\u2019au 31\/12\/2026<\/u>)<\/em><\/li>\n<li>Cotisation annuelle 2025 ou renouvellement 2025 : 110 \u20ac <em>(adh\u00e9sion valable jusqu\u2019au 31\/12\/2025)<\/em><\/li>\n<\/ul>\n<p><strong><span style=\"color: #ff6600;\">Aucune adh\u00e9sion ne sera enregistr\u00e9e s\u2019il manque un document.<\/span><\/strong><\/p>\n<div id=\"s3gt_translate_tooltip\" class=\"s3gt_translate_tooltip\" style=\"left: 42px; top: 178px; position: absolute;\">&nbsp;<\/div>\n\n\n<div data-wp-interactive=\"core\/file\" class=\"wp-block-file\"><object data-wp-bind--hidden=\"!state.hasPdfPreview\"  class=\"wp-block-file__embed\" data=\"http:\/\/www.amicalecaninedijon.net\/wordpress\/wp-content\/uploads\/2025\/09\/bulletin-dadhesion-ADSC-2025-2026-3.pdf\" type=\"application\/pdf\" style=\"width:100%;height:600px\" aria-label=\"Contenu embarqu\u00e9 bulletin d&#039;adh\u00e9sion ADSC 2025-2026.\"><\/object><a id=\"wp-block-file--media-7b52f462-71ce-4b98-a82c-3484990fda00\" href=\"http:\/\/www.amicalecaninedijon.net\/wordpress\/wp-content\/uploads\/2025\/09\/bulletin-dadhesion-ADSC-2025-2026-3.pdf\">bulletin d&rsquo;adh\u00e9sion ADSC 2025-2026<\/a><a href=\"http:\/\/www.amicalecaninedijon.net\/wordpress\/wp-content\/uploads\/2025\/09\/bulletin-dadhesion-ADSC-2025-2026-3.pdf\" class=\"wp-block-file__button wp-element-button\" download aria-describedby=\"wp-block-file--media-7b52f462-71ce-4b98-a82c-3484990fda00\">T\u00e9l\u00e9charger<\/a><\/div>\n","protected":false},"excerpt":{"rendered":"<p>Au club : Tous les samedis de 11 heures \u00e0 midi (sauf vacances scolaires) -&gt; venir 15 minutes avant le d\u00e9but du cours) Par mail : asso.adsc@gmail.com Plusieurs documents vous seront demand\u00e9s lors de votre inscription : 1 photocopie de la carte d\u2019identification de votre chien (partie haute et partie basse) 1 photocopie du pedigree &hellip; <a href=\"http:\/\/www.amicalecaninedijon.net\/wordpress\/le-club\/renseignements-et-adhesions\/\" class=\"more-link\">Continuer la lecture de <span class=\"screen-reader-text\">Renseignements et Adh\u00e9sions<\/span><\/a><\/p>\n","protected":false},"author":2,"featured_media":0,"parent":12,"menu_order":3,"comment_status":"closed","ping_status":"open","template":"","meta":{"ngg_post_thumbnail":0,"footnotes":""},"class_list":["post-538","page","type-page","status-publish","hentry"],"yoast_head":"<!-- This site is optimized with the Yoast SEO plugin v24.9 - https:\/\/yoast.com\/wordpress\/plugins\/seo\/ -->\n<title>Adh\u00e9sions au club<\/title>\n<meta name=\"description\" content=\"Adh\u00e9rer \u00e0 l&#039;association ADSC : education chien et sports canins \u00e0 dijon\" \/>\n<meta name=\"robots\" content=\"index, follow, max-snippet:-1, max-image-preview:large, max-video-preview:-1\" \/>\n<link rel=\"canonical\" href=\"http:\/\/www.amicalecaninedijon.net\/wordpress\/le-club\/renseignements-et-adhesions\/\" \/>\n<meta property=\"og:locale\" content=\"fr_FR\" \/>\n<meta property=\"og:type\" content=\"article\" \/>\n<meta property=\"og:title\" content=\"Adh\u00e9sions au club\" \/>\n<meta property=\"og:description\" content=\"Adh\u00e9rer \u00e0 l&#039;association ADSC : education chien et sports canins \u00e0 dijon\" \/>\n<meta property=\"og:url\" content=\"http:\/\/www.amicalecaninedijon.net\/wordpress\/le-club\/renseignements-et-adhesions\/\" \/>\n<meta property=\"og:site_name\" content=\"ADSC\" \/>\n<meta property=\"article:modified_time\" content=\"2025-09-06T17:32:10+00:00\" \/>\n<meta name=\"twitter:label1\" content=\"Dur\u00e9e de lecture estim\u00e9e\" \/>\n\t<meta name=\"twitter:data1\" content=\"1 minute\" \/>\n<script type=\"application\/ld+json\" class=\"yoast-schema-graph\">{\"@context\":\"https:\/\/schema.org\",\"@graph\":[{\"@type\":\"WebPage\",\"@id\":\"http:\/\/www.amicalecaninedijon.net\/wordpress\/le-club\/renseignements-et-adhesions\/\",\"url\":\"http:\/\/www.amicalecaninedijon.net\/wordpress\/le-club\/renseignements-et-adhesions\/\",\"name\":\"Adh\u00e9sions au club\",\"isPartOf\":{\"@id\":\"http:\/\/www.amicalecaninedijon.net\/wordpress\/#website\"},\"datePublished\":\"2015-06-21T10:19:42+00:00\",\"dateModified\":\"2025-09-06T17:32:10+00:00\",\"description\":\"Adh\u00e9rer \u00e0 l'association ADSC : education chien et sports canins \u00e0 dijon\",\"breadcrumb\":{\"@id\":\"http:\/\/www.amicalecaninedijon.net\/wordpress\/le-club\/renseignements-et-adhesions\/#breadcrumb\"},\"inLanguage\":\"fr-FR\",\"potentialAction\":[{\"@type\":\"ReadAction\",\"target\":[\"http:\/\/www.amicalecaninedijon.net\/wordpress\/le-club\/renseignements-et-adhesions\/\"]}]},{\"@type\":\"BreadcrumbList\",\"@id\":\"http:\/\/www.amicalecaninedijon.net\/wordpress\/le-club\/renseignements-et-adhesions\/#breadcrumb\",\"itemListElement\":[{\"@type\":\"ListItem\",\"position\":1,\"name\":\"Accueil\",\"item\":\"http:\/\/www.amicalecaninedijon.net\/wordpress\/\"},{\"@type\":\"ListItem\",\"position\":2,\"name\":\"Le club\",\"item\":\"http:\/\/www.amicalecaninedijon.net\/wordpress\/le-club\/\"},{\"@type\":\"ListItem\",\"position\":3,\"name\":\"Renseignements et Adh\u00e9sions\"}]},{\"@type\":\"WebSite\",\"@id\":\"http:\/\/www.amicalecaninedijon.net\/wordpress\/#website\",\"url\":\"http:\/\/www.amicalecaninedijon.net\/wordpress\/\",\"name\":\"ADSC\",\"description\":\"AMICALE DIJONNAISE DES SPORTS CANINS\",\"potentialAction\":[{\"@type\":\"SearchAction\",\"target\":{\"@type\":\"EntryPoint\",\"urlTemplate\":\"http:\/\/www.amicalecaninedijon.net\/wordpress\/?s={search_term_string}\"},\"query-input\":{\"@type\":\"PropertyValueSpecification\",\"valueRequired\":true,\"valueName\":\"search_term_string\"}}],\"inLanguage\":\"fr-FR\"}]}<\/script>\n<!-- \/ Yoast SEO plugin. -->","yoast_head_json":{"title":"Adh\u00e9sions au club","description":"Adh\u00e9rer \u00e0 l'association ADSC : education chien et sports canins \u00e0 dijon","robots":{"index":"index","follow":"follow","max-snippet":"max-snippet:-1","max-image-preview":"max-image-preview:large","max-video-preview":"max-video-preview:-1"},"canonical":"http:\/\/www.amicalecaninedijon.net\/wordpress\/le-club\/renseignements-et-adhesions\/","og_locale":"fr_FR","og_type":"article","og_title":"Adh\u00e9sions au club","og_description":"Adh\u00e9rer \u00e0 l'association ADSC : education chien et sports canins \u00e0 dijon","og_url":"http:\/\/www.amicalecaninedijon.net\/wordpress\/le-club\/renseignements-et-adhesions\/","og_site_name":"ADSC","article_modified_time":"2025-09-06T17:32:10+00:00","twitter_misc":{"Dur\u00e9e de lecture estim\u00e9e":"1 minute"},"schema":{"@context":"https:\/\/schema.org","@graph":[{"@type":"WebPage","@id":"http:\/\/www.amicalecaninedijon.net\/wordpress\/le-club\/renseignements-et-adhesions\/","url":"http:\/\/www.amicalecaninedijon.net\/wordpress\/le-club\/renseignements-et-adhesions\/","name":"Adh\u00e9sions au club","isPartOf":{"@id":"http:\/\/www.amicalecaninedijon.net\/wordpress\/#website"},"datePublished":"2015-06-21T10:19:42+00:00","dateModified":"2025-09-06T17:32:10+00:00","description":"Adh\u00e9rer \u00e0 l'association ADSC : education chien et sports canins \u00e0 dijon","breadcrumb":{"@id":"http:\/\/www.amicalecaninedijon.net\/wordpress\/le-club\/renseignements-et-adhesions\/#breadcrumb"},"inLanguage":"fr-FR","potentialAction":[{"@type":"ReadAction","target":["http:\/\/www.amicalecaninedijon.net\/wordpress\/le-club\/renseignements-et-adhesions\/"]}]},{"@type":"BreadcrumbList","@id":"http:\/\/www.amicalecaninedijon.net\/wordpress\/le-club\/renseignements-et-adhesions\/#breadcrumb","itemListElement":[{"@type":"ListItem","position":1,"name":"Accueil","item":"http:\/\/www.amicalecaninedijon.net\/wordpress\/"},{"@type":"ListItem","position":2,"name":"Le club","item":"http:\/\/www.amicalecaninedijon.net\/wordpress\/le-club\/"},{"@type":"ListItem","position":3,"name":"Renseignements et Adh\u00e9sions"}]},{"@type":"WebSite","@id":"http:\/\/www.amicalecaninedijon.net\/wordpress\/#website","url":"http:\/\/www.amicalecaninedijon.net\/wordpress\/","name":"ADSC","description":"AMICALE DIJONNAISE DES SPORTS CANINS","potentialAction":[{"@type":"SearchAction","target":{"@type":"EntryPoint","urlTemplate":"http:\/\/www.amicalecaninedijon.net\/wordpress\/?s={search_term_string}"},"query-input":{"@type":"PropertyValueSpecification","valueRequired":true,"valueName":"search_term_string"}}],"inLanguage":"fr-FR"}]}},"_links":{"self":[{"href":"http:\/\/www.amicalecaninedijon.net\/wordpress\/wp-json\/wp\/v2\/pages\/538"}],"collection":[{"href":"http:\/\/www.amicalecaninedijon.net\/wordpress\/wp-json\/wp\/v2\/pages"}],"about":[{"href":"http:\/\/www.amicalecaninedijon.net\/wordpress\/wp-json\/wp\/v2\/types\/page"}],"author":[{"embeddable":true,"href":"http:\/\/www.amicalecaninedijon.net\/wordpress\/wp-json\/wp\/v2\/users\/2"}],"replies":[{"embeddable":true,"href":"http:\/\/www.amicalecaninedijon.net\/wordpress\/wp-json\/wp\/v2\/comments?post=538"}],"version-history":[{"count":37,"href":"http:\/\/www.amicalecaninedijon.net\/wordpress\/wp-json\/wp\/v2\/pages\/538\/revisions"}],"predecessor-version":[{"id":5072,"href":"http:\/\/www.amicalecaninedijon.net\/wordpress\/wp-json\/wp\/v2\/pages\/538\/revisions\/5072"}],"up":[{"embeddable":true,"href":"http:\/\/www.amicalecaninedijon.net\/wordpress\/wp-json\/wp\/v2\/pages\/12"}],"wp:attachment":[{"href":"http:\/\/www.amicalecaninedijon.net\/wordpress\/wp-json\/wp\/v2\/media?parent=538"}],"curies":[{"name":"wp","href":"https:\/\/api.w.org\/{rel}","templated":true}]}}